{"id":1053,"date":"2024-01-17T22:10:38","date_gmt":"2024-01-17T22:10:38","guid":{"rendered":"https:\/\/eguarditandsoftware.com\/?page_id=1053"},"modified":"2024-01-22T17:03:08","modified_gmt":"2024-01-22T17:03:08","slug":"privacy-policy","status":"publish","type":"page","link":"https:\/\/eguarditandsoftware.com\/es\/politica-de-privacidad\/","title":{"rendered":"Pol\u00edtica de privacidad"},"content":{"rendered":"<div data-elementor-type=\"wp-page\" data-elementor-id=\"1053\" class=\"elementor elementor-1053\" data-elementor-post-type=\"page\">\n\t\t\t\t<div class=\"elementor-element elementor-element-f708b88 e-flex e-con-boxed e-con e-parent\" data-id=\"f708b88\" data-element_type=\"container\" data-settings=\"{&quot;background_background&quot;:&quot;classic&quot;}\">\n\t\t\t\t\t<div class=\"e-con-inner\">\n\t\t\t\t<div class=\"elementor-element elementor-element-9d91658 elementor-widget elementor-widget-heading\" data-id=\"9d91658\" data-element_type=\"widget\" data-widget_type=\"heading.default\">\n\t\t\t\t<div class=\"elementor-widget-container\">\n\t\t\t\t\t<h1 class=\"elementor-heading-title elementor-size-default\">Pol\u00edtica de privacidad <\/h1>\t\t\t\t<\/div>\n\t\t\t\t<\/div>\n\t\t\t\t\t<\/div>\n\t\t\t\t<\/div>\n\t\t<div class=\"elementor-element elementor-element-33e8bbe e-flex e-con-boxed e-con e-parent\" data-id=\"33e8bbe\" data-element_type=\"container\">\n\t\t\t\t\t<div class=\"e-con-inner\">\n\t\t<div class=\"elementor-element elementor-element-0b3ddac e-con-full e-flex e-con e-child\" data-id=\"0b3ddac\" data-element_type=\"container\">\n\t\t\t\t<div class=\"elementor-element elementor-element-6f6a798 elementor-widget elementor-widget-heading\" data-id=\"6f6a798\" data-element_type=\"widget\" data-widget_type=\"heading.default\">\n\t\t\t\t<div class=\"elementor-widget-container\">\n\t\t\t\t\t<div class=\"elementor-heading-title elementor-size-default\">EGUARD IT and Software<\/div>\t\t\t\t<\/div>\n\t\t\t\t<\/div>\n\t\t\t\t<div class=\"elementor-element elementor-element-a119ac1 animated-slow elementor-invisible elementor-widget elementor-widget-heading\" data-id=\"a119ac1\" data-element_type=\"widget\" data-settings=\"{&quot;_animation&quot;:&quot;fadeInUp&quot;}\" data-widget_type=\"heading.default\">\n\t\t\t\t<div class=\"elementor-widget-container\">\n\t\t\t\t\t<h2 class=\"elementor-heading-title elementor-size-default\">Actualizado: 29 de Diciembre del 2023<\/h2>\t\t\t\t<\/div>\n\t\t\t\t<\/div>\n\t\t\t\t<div class=\"elementor-element elementor-element-513070a elementor-widget elementor-widget-text-editor\" data-id=\"513070a\" data-element_type=\"widget\" data-widget_type=\"text-editor.default\">\n\t\t\t\t<div class=\"elementor-widget-container\">\n\t\t\t\t\t\t\t\t\t<p>EGUARD IT and Software se compromete a proteger su privacidad. Esta pol\u00edtica de privacidad le informa sobre nuestra recopilaci\u00f3n y uso de datos en l\u00ednea. Los t\u00e9rminos de esta pol\u00edtica se aplican a todos los sitios web de EGUARD IT and Software, a menos que se especifiquen t\u00e9rminos diferentes en un formulario o contrato que se le proporcione en l\u00ednea o fuera de l\u00ednea.<\/p><p>Al utilizar este sitio, usted entiende y acepta los t\u00e9rminos de esta pol\u00edtica. Este sitio es propiedad de EGUARD IT and Software y se puede acceder a \u00e9l en M\u00e9xico y en el extranjero. A efectos de protecci\u00f3n de datos, EGUARD IT and Software es el controlador y, a menos que se indique lo contrario, tambi\u00e9n es el procesador de datos. La informaci\u00f3n recolectada puede ser retenida, y puede ser almacenada, procesada, accedida y utilizada en jurisdicciones cuyas leyes de privacidad pueden ser diferentes y menos protectoras que las de su jurisdicci\u00f3n de origen.<\/p><p><em><strong>Recopilaci\u00f3n de su informaci\u00f3n personal<\/strong><\/em><\/p><p>EGUARD IT and Software recoge cierto tipo de informaci\u00f3n, como la p\u00e1gina web que le ha remitido a nosotros, su direcci\u00f3n IP, el tipo de navegador y el idioma, y las horas de acceso. Tambi\u00e9n podemos recopilar informaci\u00f3n de navegaci\u00f3n, incluyendo informaci\u00f3n sobre las p\u00e1ginas que ves, los enlaces en los que haces clic y otras acciones realizadas en relaci\u00f3n con el sitio.<\/p><p>La informaci\u00f3n demogr\u00e1fica limitada, como por ejemplo la industria en la que usted trabaja, a veces se recopila y puede estar vinculada a su informaci\u00f3n personal.<\/p><p><em><strong>Uso de su informaci\u00f3n personal<\/strong><\/em><\/p><p>EGUARD IT and Software recopila y utiliza su informaci\u00f3n personal para operar y mejorar nuestros sitios, para procesar sus transacciones, para proporcionar servicio al cliente, para realizar investigaciones y an\u00e1lisis destinados a mejorar nuestros productos, servicios y tecnolog\u00edas, y para mostrar el contenido que se personaliza a sus intereses y preferencias.<\/p><p>Tambi\u00e9n utilizamos su informaci\u00f3n personal para comunicarnos con usted. Podemos enviar comunicaciones relacionadas con las transacciones, como cartas de bienvenida, recordatorios de facturaci\u00f3n y confirmaciones de compra.<\/p><p>Tambi\u00e9n podemos enviarle encuestas o correos electr\u00f3nicos de marketing para informarle sobre nuevos productos o servicios u otra informaci\u00f3n que pueda ser de inter\u00e9s. Si no desea recibir correos electr\u00f3nicos de marketing, puede ajustar sus \"Preferencias de informaci\u00f3n personal\" como se describe a continuaci\u00f3n o seguir las instrucciones de \"cancelaci\u00f3n de la suscripci\u00f3n\" incluidas en cada comunicaci\u00f3n por correo electr\u00f3nico.<\/p><p>La informaci\u00f3n personal recolectada por EGUARD IT and Software puede ser almacenada y procesada en M\u00e9xico o en cualquier otro pa\u00eds en el cual EGUARD IT and Software o sus afiliados, subsidiarios, contratistas o agentes mantengan instalaciones, y al utilizar nuestros sitios o servicios, usted da su consentimiento para cualquier transferencia de informaci\u00f3n de este tipo fuera de su pa\u00eds.<\/p><p><em><strong>Compartir su informaci\u00f3n personal<\/strong><\/em><\/p><p>A excepci\u00f3n de lo divulgado en esta pol\u00edtica de privacidad, EGUARD IT and Software no comparte su informaci\u00f3n personal con ning\u00fan tercero.<br \/>Podemos compartir su informaci\u00f3n personal dentro de nuestro grupo corporativo, incluyendo con nuestras subsidiarias y divisiones, todas las cuales pueden usar su informaci\u00f3n para los prop\u00f3sitos aqu\u00ed expuestos.<\/p><p>Podemos compartir su informaci\u00f3n personal con los proveedores de servicios que realizan servicios en nuestro nombre. Por ejemplo, podemos contratar a otras empresas para que se encarguen del procesamiento de los pagos, para que proporcionen almacenamiento de datos, para alojar sitios web, para cumplir con los pedidos y env\u00edos, para ayudar en la comercializaci\u00f3n directa, para realizar auditor\u00edas, etc. A estas empresas se les permitir\u00e1 obtener s\u00f3lo la informaci\u00f3n personal que necesiten para prestar el servicio. Se les exige que mantengan la confidencialidad de la informaci\u00f3n y se les proh\u00edbe utilizarla para cualquier otro prop\u00f3sito.<\/p><p>La informaci\u00f3n sobre nuestros clientes, incluida la informaci\u00f3n personal, podr\u00e1 divulgarse como parte de cualquier fusi\u00f3n, adquisici\u00f3n o venta de la empresa y\/o sus activos, as\u00ed como en el improbable caso de insolvencia, quiebra o suspensi\u00f3n de pagos, en el que la informaci\u00f3n personal se transferir\u00eda como uno de los activos comerciales de la empresa. Le notificaremos de tal suceso como se describe en la secci\u00f3n \"Cambios en esta pol\u00edtica de privacidad\" m\u00e1s abajo.<\/p><p>Nos reservamos el derecho de revelar su informaci\u00f3n personal si as\u00ed lo exige la ley, o si creemos de buena fe que dicha acci\u00f3n es razonablemente necesaria para cumplir con un proceso legal, responder a reclamos o proteger los derechos, la propiedad o la seguridad de nuestra empresa, empleados, clientes o el p\u00fablico.<\/p><p><em><strong>Uso de Cookies y otras tecnolog\u00edas<\/strong><\/em><\/p><p>EGUARD IT and Software utiliza \"cookies\" para permitirle iniciar sesi\u00f3n en nuestros servicios y para ayudarle a personalizar y mejorar su experiencia en l\u00ednea. Una cookie es un peque\u00f1o archivo de texto que se coloca en su disco duro o dispositivo. Las cookies contienen informaci\u00f3n, incluida la informaci\u00f3n personal, que m\u00e1s tarde puede ser le\u00edda por un servidor web en el dominio que emiti\u00f3 la cookie para usted. La informaci\u00f3n que recogen las cookies incluye la fecha y la hora de su visita, su informaci\u00f3n de registro y su historial de navegaci\u00f3n y de compras.<\/p><p><em><strong>Los cookies le ofrecen muchas comodidades:<\/strong><\/em><\/p><p>Nos permiten identificar a los usuarios registrados cuando vuelven al sitio para que puedan recuperar los resultados de b\u00fasqueda de im\u00e1genes anteriores, acceder a las cajas de luz y a los carritos de la compra y ver sus facturas anteriores.<\/p><p>Las cookies le ahorran tiempo al eliminar la necesidad de introducir repetidamente la misma informaci\u00f3n.<\/p><p>Las cookies nos permiten entregarle contenido personalizado, incluyendo resultados de b\u00fasqueda y publicidad dirigida.<\/p><p>Las cookies ayudan a proteger su seguridad al comprobar sus datos de acceso y pueden ayudar a prevenir el fraude.<\/p><p>Las cookies recuerdan sus preferencias al utilizar el sitio.<\/p><p>Las cookies tambi\u00e9n identifican a determinados clientes en caso de que dichos clientes deseen recibir asistencia de un representante de servicio al cliente en vivo y en l\u00ednea.<\/p><p>Nos esforzamos por hacer que este sitio sea f\u00e1cil de usar y relevante. Nuestro objetivo es entregarle los productos y servicios m\u00e1s personalizados.<\/p><p>Para este prop\u00f3sito, EGUARD IT and Software tambi\u00e9n trabaja con terceros socios, que utilizan cookies en nuestro sitio para:<\/p><p>Medir y analizar el uso agregado y el volumen de informaci\u00f3n estad\u00edstica de nuestros usuarios en nuestro sitio web. La informaci\u00f3n recopilada puede incluir, pero no se limita a lo siguiente: actividad del navegador del usuario cuando el usuario est\u00e1 visitando el sitio, la ruta del sitio de los usuarios, informaci\u00f3n general sobre el proveedor de servicios de Internet del visitante y el anfitri\u00f3n, y el tiempo que los usuarios llegan al sitio.<\/p><p>Recuerde la b\u00fasqueda previa de productos y servicios de nuestros usuarios y muestra din\u00e1micamente el contenido m\u00e1s relevante para ellos.<\/p><p>Registre el comportamiento de los usuarios en nuestro sitio, como las p\u00e1ginas visitadas, los correos electr\u00f3nicos en los que se ha hecho clic, los formularios completados y los productos y servicios adquiridos para crear anuncios y comunicaciones personalizados que satisfagan mejor sus necesidades.<\/p><p>Evaluar el tr\u00e1fico y el comportamiento de los usuarios en el sitio para recopilar informes de actividad para nuestro uso interno solamente.<\/p><p>Realizar investigaciones y diagn\u00f3sticos para mejorar nuestros productos y servicios.<\/p><p>Identificar a los usuarios que llegan al sitio a trav\u00e9s de una referencia de un sitio web afiliado o un enlace patrocinado.<\/p><p>Esta pol\u00edtica de privacidad cubre el uso de cookies por parte de EGUARD IT and Software solamente, y no cubre el uso de cookies por parte de terceros.<\/p><p>Adem\u00e1s de las cookies, podemos utilizar otras tecnolog\u00edas, incluidos los gifs de un solo p\u00edxel (tambi\u00e9n conocidos como web beacons) en nuestros sitios web y en los mensajes de correo electr\u00f3nico o boletines de noticias promocionales. Estas diminutas im\u00e1genes electr\u00f3nicas nos ayudan a determinar cu\u00e1ntos usuarios han visitado determinadas p\u00e1ginas o han abierto mensajes o boletines. No utilizamos estos gifs de un solo p\u00edxel para recopilar informaci\u00f3n personal.<\/p><p>Usted tiene la posibilidad de aceptar o rechazar las cookies. La mayor\u00eda de los navegadores aceptan cookies autom\u00e1ticamente, pero puede modificar la configuraci\u00f3n del navegador para rechazarlas. Tenga en cuenta que el sitio est\u00e1 dise\u00f1ado de forma \u00f3ptima para funcionar con las cookies habilitadas en su navegador de Internet. Si decide rechazar las cookies, es posible que no pueda iniciar sesi\u00f3n o utilizar otras funciones interactivas de nuestros sitios y servicios que dependen de las cookies. Esto puede afectar negativamente a su experiencia en el sitio web.<\/p><p><em><strong>Seguridad de su informaci\u00f3n personal<\/strong><\/em><\/p><p>La seguridad de su informaci\u00f3n personal es importante para nosotros. Seguimos los est\u00e1ndares generalmente aceptados por la industria para ayudar a proteger su informaci\u00f3n personal. Por ejemplo, cuando introduce informaci\u00f3n confidencial (como el n\u00famero de su tarjeta de cr\u00e9dito) en nuestros formularios de registro o de pedido, encriptamos esa informaci\u00f3n mediante la tecnolog\u00eda de capa de conexi\u00f3n segura (SSL). Ning\u00fan m\u00e9todo de transmisi\u00f3n por Internet, o m\u00e9todo de almacenamiento electr\u00f3nico, es 100% seguro. Por lo tanto, aunque nos esforzamos por proteger su informaci\u00f3n personal, no podemos garantizar su seguridad absoluta.<\/p><p>Si se utiliza una contrase\u00f1a para proteger su cuenta e informaci\u00f3n personal, es su responsabilidad mantener su contrase\u00f1a confidencial.<\/p><p><em><strong>Foros y otros servicios interactivos<\/strong><\/em><\/p><p>Nuestros sitios web pueden incluir foros de discusi\u00f3n u otras \u00e1reas o servicios interactivos, incluidos blogs, salas de chat, tablones de anuncios, tableros de mensajes, servicios de alojamiento o almacenamiento en l\u00ednea, u otras \u00e1reas o servicios en los que usted o terceros creen, publiquen o almacenen cualquier contenido, mensaje, comentario, material u otros elementos de los sitios (\"\u00c1reas interactivas\"). Si utiliza un \u00c1rea interactiva, debe tener en cuenta que estas \u00e1reas est\u00e1n abiertas al p\u00fablico y que cualquier informaci\u00f3n personal que publique o proporcione durante el registro puede ser vista por otras personas. No nos hacemos responsables de la informaci\u00f3n personal que env\u00ede en relaci\u00f3n con las \u00c1reas interactivas, ni tampoco somos responsables de la forma en que otros puedan utilizar esa informaci\u00f3n, incluido el env\u00edo de mensajes no solicitados. Las publicaciones de las \u00c1reas interactivas pueden conservarse indefinidamente. Si en alg\u00fan momento desea eliminar una publicaci\u00f3n, env\u00edenos un correo electr\u00f3nico a Tenga en cuenta que la eliminaci\u00f3n de una publicaci\u00f3n de un \u00c1rea interactiva no significa que la publicaci\u00f3n se vaya a eliminar de nuestros sistemas<\/p><p><em><strong>Referencias por correo electr\u00f3nico<\/strong><\/em><\/p><p>Si decides utilizar nuestros servicios de referencia por correo electr\u00f3nico para informar a un amigo sobre nuestros productos o servicios (incluyendo im\u00e1genes en tu Lightbox, campa\u00f1as promocionales, nuevos sitios web, ofertas de trabajo, etc.), te pediremos el nombre y la direcci\u00f3n de correo electr\u00f3nico de tu amigo. Utilizaremos esa informaci\u00f3n para enviarle a su amigo un \u00fanico correo electr\u00f3nico invit\u00e1ndole a visitar el sitio y a revisar el producto o servicio que ha seleccionado. Podemos utilizar un tercero proveedor para administrar esta funci\u00f3n, pero dicho tercero proveedor s\u00f3lo puede utilizar la informaci\u00f3n enviada para facilitar este \u00fanico correo electr\u00f3nico. Ni EGUARD IT and Software ni ning\u00fan proveedor externo almacena esta informaci\u00f3n despu\u00e9s de que se env\u00eda el correo electr\u00f3nico.<\/p><p><em><strong>Menor de edad<\/strong><\/em><\/p><p>No tenemos la intenci\u00f3n de solicitar o recopilar informaci\u00f3n personal de ninguna persona menor de 18 a\u00f1os. Si usted es menor de 18 a\u00f1os, no debe utilizar o introducir informaci\u00f3n en este sitio, incluyendo sin limitaci\u00f3n, cualquier \u00e1rea interactiva del sitio web.<\/p><p><em><strong>Enlaces<\/strong><\/em><\/p><p>Podemos establecer enlaces a sitios web, incluidos los de nuestros proveedores de contenido de terceros que tienen pol\u00edticas y pr\u00e1cticas de privacidad diferentes de las que se revelan aqu\u00ed. No asumimos ninguna responsabilidad por las pol\u00edticas o pr\u00e1cticas de dichos sitios vinculados y le animamos a que se familiarice con ellas antes de utilizarlas.<\/p><p><em><strong>DMA<\/strong><\/em><\/p><p>Si tiene preguntas o inquietudes con respecto a esta pol\u00edtica de privacidad, primero debe contactar a EGUARD IT and Software usando la informaci\u00f3n de contacto abajo. Si no recibe el acuse de recibo de su consulta, o si su consulta no ha sido atendida satisfactoriamente, debe entonces contactar a la Asociaci\u00f3n de Mercadeo Directo por correo electr\u00f3nico.<\/p><p><em><strong>Cambios en esta pol\u00edtica de privacidad<\/strong><\/em><\/p><p>Nos reservamos el derecho de cambiar los t\u00e9rminos de esta pol\u00edtica de privacidad en cualquier momento. Cuando hagamos cambios, revisaremos la fecha de \"\u00faltima actualizaci\u00f3n\" en la parte superior de la pol\u00edtica. Si hay cambios materiales en esta declaraci\u00f3n o en la forma en que EGUARD IT and Software utilizar\u00e1 su informaci\u00f3n personal, se lo notificaremos publicando un aviso de dichos cambios de forma prominente aqu\u00ed o en nuestra p\u00e1gina de inicio, o envi\u00e1ndole un correo electr\u00f3nico. Le animamos a que revise esta pol\u00edtica siempre que visite uno de nuestros sitios.<\/p><p><em><strong>Contacto<\/strong><\/em><\/p><p>Direcci\u00f3n: 30a Jalan Dedap 20 Taman Johor Jaya 81100 Johor Bahru Johor Malasia<\/p><p>Correo electr\u00f3nico: management@eguarditandsoftware.com<\/p>\t\t\t\t\t\t\t\t<\/div>\n\t\t\t\t<\/div>\n\t\t\t\t<\/div>\n\t\t\t\t\t<\/div>\n\t\t\t\t<\/div>\n\t\t\t\t<\/div>","protected":false},"excerpt":{"rendered":"<p>Privacy Policy EGUARD IT and Software Updated: December 29th, 2023 EGUARD IT and Software is committed to protecting your privacy. This privacy policy tells you about our online collection and use of data. The terms of this policy apply to all EGUARD IT and Software websites unless different terms are specified in a form or [&hellip;]<\/p>","protected":false},"author":2,"featured_media":0,"parent":0,"menu_order":0,"comment_status":"closed","ping_status":"closed","template":"","meta":{"footnotes":""},"class_list":["post-1053","page","type-page","status-publish","hentry"],"_links":{"self":[{"href":"https:\/\/eguarditandsoftware.com\/es\/wp-json\/wp\/v2\/pages\/1053","targetHints":{"allow":["GET"]}}],"collection":[{"href":"https:\/\/eguarditandsoftware.com\/es\/wp-json\/wp\/v2\/pages"}],"about":[{"href":"https:\/\/eguarditandsoftware.com\/es\/wp-json\/wp\/v2\/types\/page"}],"author":[{"embeddable":true,"href":"https:\/\/eguarditandsoftware.com\/es\/wp-json\/wp\/v2\/users\/2"}],"replies":[{"embeddable":true,"href":"https:\/\/eguarditandsoftware.com\/es\/wp-json\/wp\/v2\/comments?post=1053"}],"version-history":[{"count":0,"href":"https:\/\/eguarditandsoftware.com\/es\/wp-json\/wp\/v2\/pages\/1053\/revisions"}],"wp:attachment":[{"href":"https:\/\/eguarditandsoftware.com\/es\/wp-json\/wp\/v2\/media?parent=1053"}],"curies":[{"name":"wp","href":"https:\/\/api.w.org\/{rel}","templated":true}]}}