{"id":136,"date":"2024-01-16T19:51:34","date_gmt":"2024-01-16T19:51:34","guid":{"rendered":"https:\/\/eguarditandsoftware.com\/?page_id=136"},"modified":"2024-11-26T16:58:28","modified_gmt":"2024-11-26T16:58:28","slug":"about-us","status":"publish","type":"page","link":"https:\/\/eguarditandsoftware.com\/es\/sobre-nosotros\/","title":{"rendered":"Sobre Nosotros"},"content":{"rendered":"<div data-elementor-type=\"wp-page\" data-elementor-id=\"136\" class=\"elementor elementor-136\" data-elementor-post-type=\"page\">\n\t\t\t\t<div class=\"elementor-element elementor-element-dc815e8 e-flex e-con-boxed e-con e-parent\" data-id=\"dc815e8\" data-element_type=\"container\" data-settings=\"{&quot;background_background&quot;:&quot;classic&quot;}\">\n\t\t\t\t\t<div class=\"e-con-inner\">\n\t\t\t\t<div class=\"elementor-element elementor-element-abc6901 elementor-widget elementor-widget-heading\" data-id=\"abc6901\" data-element_type=\"widget\" data-widget_type=\"heading.default\">\n\t\t\t\t<div class=\"elementor-widget-container\">\n\t\t\t\t\t<h1 class=\"elementor-heading-title elementor-size-default\">Sobre nosotros<\/h1>\t\t\t\t<\/div>\n\t\t\t\t<\/div>\n\t\t\t\t\t<\/div>\n\t\t\t\t<\/div>\n\t\t<div class=\"elementor-element elementor-element-a2185ff e-flex e-con-boxed e-con e-parent\" data-id=\"a2185ff\" data-element_type=\"container\">\n\t\t\t\t\t<div class=\"e-con-inner\">\n\t\t<div class=\"elementor-element elementor-element-d5ddb3a e-con-full e-flex e-con e-child\" data-id=\"d5ddb3a\" data-element_type=\"container\">\n\t\t\t\t<div class=\"elementor-element elementor-element-28f6a4f elementor-widget elementor-widget-heading\" data-id=\"28f6a4f\" data-element_type=\"widget\" data-widget_type=\"heading.default\">\n\t\t\t\t<div class=\"elementor-widget-container\">\n\t\t\t\t\t<div class=\"elementor-heading-title elementor-size-default\">EGUARD IT and Software<\/div>\t\t\t\t<\/div>\n\t\t\t\t<\/div>\n\t\t\t\t<div class=\"elementor-element elementor-element-444bddd animated-slow elementor-invisible elementor-widget elementor-widget-heading\" data-id=\"444bddd\" data-element_type=\"widget\" data-settings=\"{&quot;_animation&quot;:&quot;fadeInUp&quot;}\" data-widget_type=\"heading.default\">\n\t\t\t\t<div class=\"elementor-widget-container\">\n\t\t\t\t\t<h2 class=\"elementor-heading-title elementor-size-default\">Mundo Digital<\/h2>\t\t\t\t<\/div>\n\t\t\t\t<\/div>\n\t\t\t\t<div class=\"elementor-element elementor-element-0af41c6 elementor-widget elementor-widget-text-editor\" data-id=\"0af41c6\" data-element_type=\"widget\" data-widget_type=\"text-editor.default\">\n\t\t\t\t<div class=\"elementor-widget-container\">\n\t\t\t\t\t\t\t\t\t<p>Bienvenido a EGUARD IT and Software, tu socio estrat\u00e9gico en el mundo digital. Nos enorgullece ser una agencia l\u00edder en el desarrollo de software empresarial y aplicaciones web, dedicada a impulsar la transformaci\u00f3n digital de empresas de todos los tama\u00f1os y sectores.<\/p><p>En EGUARD IT and Software, creemos en la capacidad de la tecnolog\u00eda para potenciar la eficiencia, mejorar la experiencia del usuario y desbloquear el potencial innovador de tu negocio.  Es por ello que nos dedicamos a cultivar una cultura de innovaci\u00f3n continua. Nuestra misi\u00f3n es colaborar estrechamente con nuestros clientes para entender sus necesidades y crear soluciones que no solo satisfagan sus requisitos actuales, sino que tambi\u00e9n anticipen sus futuros desaf\u00edos.<\/p>\t\t\t\t\t\t\t\t<\/div>\n\t\t\t\t<\/div>\n\t\t\t\t<\/div>\n\t\t<div class=\"elementor-element elementor-element-1bb7faa e-con-full animated-slow e-flex elementor-invisible e-con e-child\" data-id=\"1bb7faa\" data-element_type=\"container\" data-settings=\"{&quot;animation&quot;:&quot;fadeInRight&quot;}\">\n\t\t\t\t<div class=\"elementor-element elementor-element-6b6290f elementor-widget elementor-widget-image\" data-id=\"6b6290f\" data-element_type=\"widget\" data-widget_type=\"image.default\">\n\t\t\t\t<div class=\"elementor-widget-container\">\n\t\t\t\t\t\t\t\t\t\t\t\t\t\t\t<img fetchpriority=\"high\" decoding=\"async\" width=\"800\" height=\"450\" src=\"https:\/\/eguarditandsoftware.com\/wp-content\/uploads\/2024\/01\/shutterstock_2079730702.jpg\" class=\"attachment-large size-large wp-image-392\" alt=\"\" srcset=\"https:\/\/eguarditandsoftware.com\/wp-content\/uploads\/2024\/01\/shutterstock_2079730702.jpg 1000w, https:\/\/eguarditandsoftware.com\/wp-content\/uploads\/2024\/01\/shutterstock_2079730702-300x169.jpg 300w, https:\/\/eguarditandsoftware.com\/wp-content\/uploads\/2024\/01\/shutterstock_2079730702-768x432.jpg 768w, https:\/\/eguarditandsoftware.com\/wp-content\/uploads\/2024\/01\/shutterstock_2079730702-18x10.jpg 18w\" sizes=\"(max-width: 800px) 100vw, 800px\" \/>\t\t\t\t\t\t\t\t\t\t\t\t\t\t\t<\/div>\n\t\t\t\t<\/div>\n\t\t\t\t<\/div>\n\t\t\t\t\t<\/div>\n\t\t\t\t<\/div>\n\t\t<div class=\"elementor-element elementor-element-a84162c e-flex e-con-boxed e-con e-parent\" data-id=\"a84162c\" data-element_type=\"container\" data-settings=\"{&quot;background_background&quot;:&quot;classic&quot;}\">\n\t\t\t\t\t<div class=\"e-con-inner\">\n\t\t<div class=\"elementor-element elementor-element-8192679 e-con-full animated-slow e-flex elementor-invisible e-con e-child\" data-id=\"8192679\" data-element_type=\"container\" data-settings=\"{&quot;animation&quot;:&quot;fadeInLeft&quot;,&quot;background_background&quot;:&quot;classic&quot;}\">\n\t\t\t\t<div class=\"elementor-element elementor-element-9018de6 elementor-widget elementor-widget-text-editor\" data-id=\"9018de6\" data-element_type=\"widget\" data-widget_type=\"text-editor.default\">\n\t\t\t\t<div class=\"elementor-widget-container\">\n\t\t\t\t\t\t\t\t\t<p>La innovaci\u00f3n impulsa todo lo que hacemos. Estamos comprometidos con la adopci\u00f3n de las \u00faltimas tecnolog\u00edas y metodolog\u00edas de desarrollo para garantizar que nuestras soluciones est\u00e9n a la vanguardia. Nos esforzamos por superar las expectativas, brindando productos y servicios de alta calidad que marquen la diferencia.<\/p><p>La calidad es un pilar fundamental en nuestra empresa. Desde el dise\u00f1o hasta la implementaci\u00f3n y m\u00e1s all\u00e1, mantenemos altos est\u00e1ndares para garantizar la funcionalidad, seguridad y escalabilidad de nuestras soluciones. Nos enorgullece entregar productos que no solo cumplen, sino que superan las expectativas de nuestros clientes.<\/p><p>Creemos en la colaboraci\u00f3n como la clave del \u00e9xito. Trabajamos en estrecha asociaci\u00f3n con nuestros clientes, adoptando un enfoque transparente y \u00e1gil para garantizar una comunicaci\u00f3n fluida y resultados que reflejen verdaderamente las necesidades y objetivos de cada proyecto.<\/p>\t\t\t\t\t\t\t\t<\/div>\n\t\t\t\t<\/div>\n\t\t\t\t<\/div>\n\t\t<div class=\"elementor-element elementor-element-8deaef4 e-con-full e-flex e-con e-child\" data-id=\"8deaef4\" data-element_type=\"container\">\n\t\t\t\t<div class=\"elementor-element elementor-element-7e1ba5b elementor-widget elementor-widget-heading\" data-id=\"7e1ba5b\" data-element_type=\"widget\" data-widget_type=\"heading.default\">\n\t\t\t\t<div class=\"elementor-widget-container\">\n\t\t\t\t\t<div class=\"elementor-heading-title elementor-size-default\">EGUARD IT and Software<\/div>\t\t\t\t<\/div>\n\t\t\t\t<\/div>\n\t\t\t\t<div class=\"elementor-element elementor-element-7ca94aa animated-slow elementor-invisible elementor-widget elementor-widget-heading\" data-id=\"7ca94aa\" data-element_type=\"widget\" data-settings=\"{&quot;_animation&quot;:&quot;fadeInUp&quot;}\" data-widget_type=\"heading.default\">\n\t\t\t\t<div class=\"elementor-widget-container\">\n\t\t\t\t\t<h2 class=\"elementor-heading-title elementor-size-default\">Nuestra Filosof\u00eda: Innovaci\u00f3n, Calidad y Colaboraci\u00f3n<\/h2>\t\t\t\t<\/div>\n\t\t\t\t<\/div>\n\t\t\t\t<div class=\"elementor-element elementor-element-27262ff elementor-widget elementor-widget-button\" data-id=\"27262ff\" data-element_type=\"widget\" data-widget_type=\"button.default\">\n\t\t\t\t<div class=\"elementor-widget-container\">\n\t\t\t\t\t\t\t\t\t<div class=\"elementor-button-wrapper\">\n\t\t\t\t\t<a class=\"elementor-button elementor-button-link elementor-size-sm\" href=\"https:\/\/eguarditandsoftware.com\/es\/contacto\/\">\n\t\t\t\t\t\t<span class=\"elementor-button-content-wrapper\">\n\t\t\t\t\t\t\t\t\t<span class=\"elementor-button-text\">Cont\u00e1ctenos<\/span>\n\t\t\t\t\t<\/span>\n\t\t\t\t\t<\/a>\n\t\t\t\t<\/div>\n\t\t\t\t\t\t\t\t<\/div>\n\t\t\t\t<\/div>\n\t\t\t\t<\/div>\n\t\t\t\t\t<\/div>\n\t\t\t\t<\/div>\n\t\t<div class=\"elementor-element elementor-element-92dc708 e-flex e-con-boxed e-con e-parent\" data-id=\"92dc708\" data-element_type=\"container\">\n\t\t\t\t\t<div class=\"e-con-inner\">\n\t\t\t\t<div class=\"elementor-element elementor-element-bbafc6e elementor-widget elementor-widget-heading\" data-id=\"bbafc6e\" data-element_type=\"widget\" data-widget_type=\"heading.default\">\n\t\t\t\t<div class=\"elementor-widget-container\">\n\t\t\t\t\t<h2 class=\"elementor-heading-title elementor-size-default\">Misi\u00f3n<\/h2>\t\t\t\t<\/div>\n\t\t\t\t<\/div>\n\t\t\t\t<div class=\"elementor-element elementor-element-485104e elementor-widget elementor-widget-text-editor\" data-id=\"485104e\" data-element_type=\"widget\" data-widget_type=\"text-editor.default\">\n\t\t\t\t<div class=\"elementor-widget-container\">\n\t\t\t\t\t\t\t\t\t<p class=\"ContactInfo\"><span lang=\"EN-US\">Nuestra misi\u00f3n es impulsar la transformaci\u00f3n digital de las empresas mediante soluciones tecnol\u00f3gicas innovadoras y de alta calidad, colaborando estrechamente con nuestros clientes para superar sus expectativas y anticiparnos a sus retos futuros.<\/span><\/p>\t\t\t\t\t\t\t\t<\/div>\n\t\t\t\t<\/div>\n\t\t\t\t<div class=\"elementor-element elementor-element-a047e82 elementor-widget elementor-widget-heading\" data-id=\"a047e82\" data-element_type=\"widget\" data-widget_type=\"heading.default\">\n\t\t\t\t<div class=\"elementor-widget-container\">\n\t\t\t\t\t<h2 class=\"elementor-heading-title elementor-size-default\">Visi\u00f3n<\/h2>\t\t\t\t<\/div>\n\t\t\t\t<\/div>\n\t\t\t\t<div class=\"elementor-element elementor-element-17c446b elementor-widget elementor-widget-text-editor\" data-id=\"17c446b\" data-element_type=\"widget\" data-widget_type=\"text-editor.default\">\n\t\t\t\t<div class=\"elementor-widget-container\">\n\t\t\t\t\t\t\t\t\t<p class=\"ContactInfo\"><span lang=\"EN-US\">Ser reconocidos como l\u00edderes en la creaci\u00f3n de soluciones digitales que transformen y optimicen los negocios a nivel global, promoviendo una cultura de innovaci\u00f3n y excelencia.<\/span><\/p>\t\t\t\t\t\t\t\t<\/div>\n\t\t\t\t<\/div>\n\t\t\t\t<div class=\"elementor-element elementor-element-a46fe7e elementor-widget elementor-widget-heading\" data-id=\"a46fe7e\" data-element_type=\"widget\" data-widget_type=\"heading.default\">\n\t\t\t\t<div class=\"elementor-widget-container\">\n\t\t\t\t\t<h2 class=\"elementor-heading-title elementor-size-default\">Values<\/h2>\t\t\t\t<\/div>\n\t\t\t\t<\/div>\n\t\t\t\t<div class=\"elementor-element elementor-element-245736f elementor-widget elementor-widget-text-editor\" data-id=\"245736f\" data-element_type=\"widget\" data-widget_type=\"text-editor.default\">\n\t\t\t\t<div class=\"elementor-widget-container\">\n\t\t\t\t\t\t\t\t\t<p class=\"ContactInfoCxSpFirst\"><span lang=\"EN-US\"><strong>Innovaci\u00f3n:<\/strong> Adoptamos las \u00faltimas tecnolog\u00edas y metodolog\u00edas para ofrecer soluciones de vanguardia.<\/span><\/p><p class=\"ContactInfoCxSpMiddle\"><span lang=\"EN-US\"><strong>Calidad:<\/strong> Mantenemos altos est\u00e1ndares en cada fase del desarrollo para garantizar la funcionalidad, la seguridad y la escalabilidad.<\/span><\/p><p class=\"ContactInfoCxSpMiddle\"><span lang=\"EN-US\"><strong>Colaboraci\u00f3n:<\/strong> Trabajamos en estrecha colaboraci\u00f3n con nuestros clientes para comprender y satisfacer sus necesidades y objetivos.<\/span><\/p>\t\t\t\t\t\t\t\t<\/div>\n\t\t\t\t<\/div>\n\t\t\t\t<div class=\"elementor-element elementor-element-f991448 elementor-widget elementor-widget-heading\" data-id=\"f991448\" data-element_type=\"widget\" data-widget_type=\"heading.default\">\n\t\t\t\t<div class=\"elementor-widget-container\">\n\t\t\t\t\t<h2 class=\"elementor-heading-title elementor-size-default\">Trayectoria<\/h2>\t\t\t\t<\/div>\n\t\t\t\t<\/div>\n\t\t\t\t<div class=\"elementor-element elementor-element-3af4ef4 elementor-widget elementor-widget-text-editor\" data-id=\"3af4ef4\" data-element_type=\"widget\" data-widget_type=\"text-editor.default\">\n\t\t\t\t<div class=\"elementor-widget-container\">\n\t\t\t\t\t\t\t\t\t<p class=\"ContactInfo\"><span lang=\"EN-US\">Con a\u00f1os de experiencia en el sector, EGUARD IT and Software ha colaborado con numerosas empresas de diversas industrias, proporcionando soluciones tecnol\u00f3gicas que han mejorado su eficiencia operativa y facilitado su crecimiento.<\/span><\/p>\t\t\t\t\t\t\t\t<\/div>\n\t\t\t\t<\/div>\n\t\t\t\t<div class=\"elementor-element elementor-element-3b058e5 animated-slow elementor-invisible elementor-widget elementor-widget-heading\" data-id=\"3b058e5\" data-element_type=\"widget\" data-settings=\"{&quot;_animation&quot;:&quot;fadeInUp&quot;}\" data-widget_type=\"heading.default\">\n\t\t\t\t<div class=\"elementor-widget-container\">\n\t\t\t\t\t<h2 class=\"elementor-heading-title elementor-size-default\">En EGUARD IT and Software, estamos comprometidos con el \u00e9xito de nuestros clientes. Perm\u00edtenos ser tu socio tecnol\u00f3gico y juntos hagamos realidad tus visiones digitales. Cont\u00e1ctanos hoy para comenzar el viaje hacia la excelencia digital.<\/h2>\t\t\t\t<\/div>\n\t\t\t\t<\/div>\n\t\t\t\t\t<\/div>\n\t\t\t\t<\/div>\n\t\t<div class=\"elementor-element elementor-element-c3bf08f e-flex e-con-boxed e-con e-parent\" data-id=\"c3bf08f\" data-element_type=\"container\">\n\t\t\t\t\t<div class=\"e-con-inner\">\n\t\t<div class=\"elementor-element elementor-element-8afe3cf e-con-full e-flex e-con e-child\" data-id=\"8afe3cf\" data-element_type=\"container\">\n\t\t\t\t<div class=\"elementor-element elementor-element-60809b4 elementor-widget elementor-widget-heading\" data-id=\"60809b4\" data-element_type=\"widget\" data-widget_type=\"heading.default\">\n\t\t\t\t<div class=\"elementor-widget-container\">\n\t\t\t\t\t<div class=\"elementor-heading-title elementor-size-default\">EGUARD IT and Software<\/div>\t\t\t\t<\/div>\n\t\t\t\t<\/div>\n\t\t\t\t<div class=\"elementor-element elementor-element-b3cd5d2 animated-slow elementor-invisible elementor-widget elementor-widget-heading\" data-id=\"b3cd5d2\" data-element_type=\"widget\" data-settings=\"{&quot;_animation&quot;:&quot;fadeInUp&quot;}\" data-widget_type=\"heading.default\">\n\t\t\t\t<div class=\"elementor-widget-container\">\n\t\t\t\t\t<h2 class=\"elementor-heading-title elementor-size-default\">Nuestros Servicios: Desarrollo a Medida para el \u00c9xito Empresarial<\/h2>\t\t\t\t<\/div>\n\t\t\t\t<\/div>\n\t\t\t\t<div class=\"elementor-element elementor-element-dd4688c elementor-widget elementor-widget-text-editor\" data-id=\"dd4688c\" data-element_type=\"widget\" data-widget_type=\"text-editor.default\">\n\t\t\t\t<div class=\"elementor-widget-container\">\n\t\t\t\t\t\t\t\t\t<p><em><strong>Desarrollo de software empresarial<\/strong><\/em><\/p><p>Desde sistemas de gesti\u00f3n empresarial (ERP) hasta soluciones espec\u00edficas de la industria, creamos software que potencia la eficiencia operativa e impulsa el crecimiento.<\/p><p><em><strong>Aplicaciones Web<\/strong><\/em><\/p><p>Dise\u00f1amos y desarrollamos aplicaciones web personalizadas que ofrecen experiencias intuitivas y atractivas para los usuarios, impulsando la participaci\u00f3n y la retenci\u00f3n.<\/p><p><em><strong>Consultor\u00eda tecnol\u00f3gica<\/strong><\/em><\/p><p>Nuestro equipo de expertos en tecnolog\u00eda est\u00e1 listo para asesorarte en la toma de decisiones estrat\u00e9gicas, desde la selecci\u00f3n de tecnolog\u00edas hasta la planificaci\u00f3n a largo plazo.<\/p><p><em><strong>Soporte y Mantenimiento<\/strong><\/em><\/p><p>Brindamos servicios de soporte continuo y mantenimiento para garantizar que tus soluciones digitales sigan siendo robustas, seguras y eficientes a lo largo del tiempo.<\/p><p>En EGUARD IT and Software, estamos comprometidos con el \u00e9xito de nuestros clientes. Perm\u00edtenos ser tu socio tecnol\u00f3gico y juntos hagamos realidad tus visiones digitales. Cont\u00e1ctanos hoy para comenzar el viaje hacia la excelencia digital.<\/p>\t\t\t\t\t\t\t\t<\/div>\n\t\t\t\t<\/div>\n\t\t\t\t<\/div>\n\t\t\t\t\t<\/div>\n\t\t\t\t<\/div>\n\t\t\t\t<\/div>","protected":false},"excerpt":{"rendered":"<p>About us EGUARD IT and Software Digital World Welcome to EGUARD IT and Software, your strategic partner in the digital world. We are proud to be a leading agency in the development of business software and web applications, dedicated to driving the digital transformation of companies of all sizes and sectors. At EGUARD IT and [&hellip;]<\/p>","protected":false},"author":2,"featured_media":0,"parent":0,"menu_order":0,"comment_status":"closed","ping_status":"closed","template":"elementor_header_footer","meta":{"footnotes":""},"class_list":["post-136","page","type-page","status-publish","hentry"],"_links":{"self":[{"href":"https:\/\/eguarditandsoftware.com\/es\/wp-json\/wp\/v2\/pages\/136","targetHints":{"allow":["GET"]}}],"collection":[{"href":"https:\/\/eguarditandsoftware.com\/es\/wp-json\/wp\/v2\/pages"}],"about":[{"href":"https:\/\/eguarditandsoftware.com\/es\/wp-json\/wp\/v2\/types\/page"}],"author":[{"embeddable":true,"href":"https:\/\/eguarditandsoftware.com\/es\/wp-json\/wp\/v2\/users\/2"}],"replies":[{"embeddable":true,"href":"https:\/\/eguarditandsoftware.com\/es\/wp-json\/wp\/v2\/comments?post=136"}],"version-history":[{"count":0,"href":"https:\/\/eguarditandsoftware.com\/es\/wp-json\/wp\/v2\/pages\/136\/revisions"}],"wp:attachment":[{"href":"https:\/\/eguarditandsoftware.com\/es\/wp-json\/wp\/v2\/media?parent=136"}],"curies":[{"name":"wp","href":"https:\/\/api.w.org\/{rel}","templated":true}]}}