{"id":1395,"date":"2024-01-22T17:36:46","date_gmt":"2024-01-22T17:36:46","guid":{"rendered":"https:\/\/eguarditandsoftware.com\/?page_id=1395"},"modified":"2024-01-23T00:02:35","modified_gmt":"2024-01-23T00:02:35","slug":"technology-consulting","status":"publish","type":"page","link":"https:\/\/eguarditandsoftware.com\/es\/consultoria-tecnologica\/","title":{"rendered":"Consultor\u00eda tecnol\u00f3gica"},"content":{"rendered":"<div data-elementor-type=\"wp-page\" data-elementor-id=\"1395\" class=\"elementor elementor-1395\" data-elementor-post-type=\"page\">\n\t\t\t\t<div class=\"elementor-element elementor-element-fa5ce9d e-flex e-con-boxed e-con e-parent\" data-id=\"fa5ce9d\" data-element_type=\"container\" data-settings=\"{&quot;background_background&quot;:&quot;classic&quot;}\">\n\t\t\t\t\t<div class=\"e-con-inner\">\n\t\t\t\t<div class=\"elementor-element elementor-element-b21f7c3 elementor-widget elementor-widget-heading\" data-id=\"b21f7c3\" data-element_type=\"widget\" data-widget_type=\"heading.default\">\n\t\t\t\t<div class=\"elementor-widget-container\">\n\t\t\t\t\t<h1 class=\"elementor-heading-title elementor-size-default\">Consultor\u00eda tecnol\u00f3gica<\/h1>\t\t\t\t<\/div>\n\t\t\t\t<\/div>\n\t\t\t\t\t<\/div>\n\t\t\t\t<\/div>\n\t\t<div class=\"elementor-element elementor-element-ed243b1 e-flex e-con-boxed e-con e-parent\" data-id=\"ed243b1\" data-element_type=\"container\">\n\t\t\t\t\t<div class=\"e-con-inner\">\n\t\t<div class=\"elementor-element elementor-element-8756fb7 e-con-full e-flex e-con e-child\" data-id=\"8756fb7\" data-element_type=\"container\">\n\t\t\t\t<div class=\"elementor-element elementor-element-4be69e4 elementor-widget elementor-widget-heading\" data-id=\"4be69e4\" data-element_type=\"widget\" data-widget_type=\"heading.default\">\n\t\t\t\t<div class=\"elementor-widget-container\">\n\t\t\t\t\t<div class=\"elementor-heading-title elementor-size-default\">EGUARD IT and Software<\/div>\t\t\t\t<\/div>\n\t\t\t\t<\/div>\n\t\t\t\t<div class=\"elementor-element elementor-element-519b4b3 animated-slow elementor-invisible elementor-widget elementor-widget-heading\" data-id=\"519b4b3\" data-element_type=\"widget\" data-settings=\"{&quot;_animation&quot;:&quot;fadeInUp&quot;}\" data-widget_type=\"heading.default\">\n\t\t\t\t<div class=\"elementor-widget-container\">\n\t\t\t\t\t<h2 class=\"elementor-heading-title elementor-size-default\">Consulting<\/h2>\t\t\t\t<\/div>\n\t\t\t\t<\/div>\n\t\t\t\t<div class=\"elementor-element elementor-element-41fac6b elementor-widget elementor-widget-text-editor\" data-id=\"41fac6b\" data-element_type=\"widget\" data-widget_type=\"text-editor.default\">\n\t\t\t\t<div class=\"elementor-widget-container\">\n\t\t\t\t\t\t\t\t\t<p>Proporcionamos un conjunto completo de servicios de consultor\u00eda tecnol\u00f3gica dise\u00f1ados para guiarte a lo largo de todo el ciclo de vida de tus soluciones tecnol\u00f3gicas. Nuestros expertos en consultor\u00eda tecnol\u00f3gica colaboran con nuestros clientes para crear ideas innovadoras, validar su viabilidad y dise\u00f1ar soluciones tecnol\u00f3gicas adaptadas a sus necesidades espec\u00edficas.<\/p><p>La adopci\u00f3n de tecnolog\u00edas de vanguardia impulsa la eficiencia operativa y fomenta el crecimiento sostenible de nuestros clientes en la era digital. Con nuestra Consultor\u00eda Tecnol\u00f3gica, te damos servicios para idear, validar, dise\u00f1ar, probar, implementar y mantener soluciones tecnol\u00f3gicas innovadoras que ayudar\u00e1n a tu negocio. Garantizamos la eficacia y la calidad de la consultor\u00eda para continuar con la implementaci\u00f3n de propuestas.<\/p>\t\t\t\t\t\t\t\t<\/div>\n\t\t\t\t<\/div>\n\t\t\t\t<\/div>\n\t\t<div class=\"elementor-element elementor-element-44c2e0a e-con-full animated-slow e-flex elementor-invisible e-con e-child\" data-id=\"44c2e0a\" data-element_type=\"container\" data-settings=\"{&quot;animation&quot;:&quot;fadeInRight&quot;}\">\n\t\t\t\t<div class=\"elementor-element elementor-element-db75e7b elementor-widget elementor-widget-image\" data-id=\"db75e7b\" data-element_type=\"widget\" data-widget_type=\"image.default\">\n\t\t\t\t<div class=\"elementor-widget-container\">\n\t\t\t\t\t\t\t\t\t\t\t\t\t\t\t<img fetchpriority=\"high\" decoding=\"async\" width=\"800\" height=\"400\" src=\"https:\/\/eguarditandsoftware.com\/wp-content\/uploads\/2024\/01\/shutterstock_2293331539.jpg\" class=\"attachment-large size-large wp-image-444\" alt=\"\" srcset=\"https:\/\/eguarditandsoftware.com\/wp-content\/uploads\/2024\/01\/shutterstock_2293331539.jpg 1000w, https:\/\/eguarditandsoftware.com\/wp-content\/uploads\/2024\/01\/shutterstock_2293331539-300x150.jpg 300w, https:\/\/eguarditandsoftware.com\/wp-content\/uploads\/2024\/01\/shutterstock_2293331539-768x384.jpg 768w, https:\/\/eguarditandsoftware.com\/wp-content\/uploads\/2024\/01\/shutterstock_2293331539-18x9.jpg 18w\" sizes=\"(max-width: 800px) 100vw, 800px\" \/>\t\t\t\t\t\t\t\t\t\t\t\t\t\t\t<\/div>\n\t\t\t\t<\/div>\n\t\t\t\t<\/div>\n\t\t\t\t\t<\/div>\n\t\t\t\t<\/div>\n\t\t<div class=\"elementor-element elementor-element-5170a22 e-flex e-con-boxed e-con e-parent\" data-id=\"5170a22\" data-element_type=\"container\" data-settings=\"{&quot;background_background&quot;:&quot;classic&quot;}\">\n\t\t\t\t\t<div class=\"e-con-inner\">\n\t\t<div class=\"elementor-element elementor-element-ff58d26 e-con-full animated-slow e-flex elementor-invisible e-con e-child\" data-id=\"ff58d26\" data-element_type=\"container\" data-settings=\"{&quot;animation&quot;:&quot;fadeInLeft&quot;,&quot;background_background&quot;:&quot;classic&quot;}\">\n\t\t\t\t<div class=\"elementor-element elementor-element-3bc9d52 elementor-widget elementor-widget-text-editor\" data-id=\"3bc9d52\" data-element_type=\"widget\" data-widget_type=\"text-editor.default\">\n\t\t\t\t<div class=\"elementor-widget-container\">\n\t\t\t\t\t\t\t\t\t<p>Realizamos un despliegue de soluciones tecnol\u00f3gicas avanzadas de manera cuidadosa y eficiente, asegurando una transici\u00f3n suave y sin problemas. Nos esforzamos por integrar an\u00e1lisis avanzados e inteligencia artificial en nuestras soluciones para potenciar la toma decisiones informadas y estrat\u00e9gicas.<\/p><p>Nuestra oferta de servicios de consultor\u00eda tecnol\u00f3gica va m\u00e1s all\u00e1 de un simple asesoramiento, abarcando todo el espectro de necesidades tecnol\u00f3gicas de las organizaciones. Damos apoyo desde la conceptualizaci\u00f3n hasta la implementaci\u00f3n, nuestro enfoque integral busca acelerar la transformaci\u00f3n digital, empoderando con soluciones tecnol\u00f3gicas avanzadas respaldadas por an\u00e1lisis de datos y la inteligencia artificial m\u00e1s actualizada.<\/p>\t\t\t\t\t\t\t\t<\/div>\n\t\t\t\t<\/div>\n\t\t\t\t<\/div>\n\t\t<div class=\"elementor-element elementor-element-7d08157 e-con-full e-flex e-con e-child\" data-id=\"7d08157\" data-element_type=\"container\">\n\t\t\t\t<div class=\"elementor-element elementor-element-76536a6 elementor-widget elementor-widget-heading\" data-id=\"76536a6\" data-element_type=\"widget\" data-widget_type=\"heading.default\">\n\t\t\t\t<div class=\"elementor-widget-container\">\n\t\t\t\t\t<div class=\"elementor-heading-title elementor-size-default\">EGUARD IT and Software<\/div>\t\t\t\t<\/div>\n\t\t\t\t<\/div>\n\t\t\t\t<div class=\"elementor-element elementor-element-20d6065 animated-slow elementor-invisible elementor-widget elementor-widget-heading\" data-id=\"20d6065\" data-element_type=\"widget\" data-settings=\"{&quot;_animation&quot;:&quot;fadeInUp&quot;}\" data-widget_type=\"heading.default\">\n\t\t\t\t<div class=\"elementor-widget-container\">\n\t\t\t\t\t<h2 class=\"elementor-heading-title elementor-size-default\">Technological <\/h2>\t\t\t\t<\/div>\n\t\t\t\t<\/div>\n\t\t\t\t<div class=\"elementor-element elementor-element-c13b2d2 elementor-widget elementor-widget-button\" data-id=\"c13b2d2\" data-element_type=\"widget\" data-widget_type=\"button.default\">\n\t\t\t\t<div class=\"elementor-widget-container\">\n\t\t\t\t\t\t\t\t\t<div class=\"elementor-button-wrapper\">\n\t\t\t\t\t<a class=\"elementor-button elementor-button-link elementor-size-sm\" href=\"https:\/\/eguarditandsoftware.com\/es\/contacto\/\">\n\t\t\t\t\t\t<span class=\"elementor-button-content-wrapper\">\n\t\t\t\t\t\t\t\t\t<span class=\"elementor-button-text\">Cont\u00e1ctenos<\/span>\n\t\t\t\t\t<\/span>\n\t\t\t\t\t<\/a>\n\t\t\t\t<\/div>\n\t\t\t\t\t\t\t\t<\/div>\n\t\t\t\t<\/div>\n\t\t\t\t<\/div>\n\t\t\t\t\t<\/div>\n\t\t\t\t<\/div>\n\t\t\t\t<\/div>","protected":false},"excerpt":{"rendered":"<p>Technology consulting EGUARD IT and Software Consulting We provide a full suite of technology consulting services designed to guide you through the entire lifecycle of your technology solutions. Our technology consulting experts collaborate with our clients to create innovative ideas, validate their feasibility, and design technological solutions adapted to their specific needs. Adopting cutting-edge technologies [&hellip;]<\/p>","protected":false},"author":2,"featured_media":0,"parent":0,"menu_order":0,"comment_status":"closed","ping_status":"closed","template":"","meta":{"footnotes":""},"class_list":["post-1395","page","type-page","status-publish","hentry"],"_links":{"self":[{"href":"https:\/\/eguarditandsoftware.com\/es\/wp-json\/wp\/v2\/pages\/1395","targetHints":{"allow":["GET"]}}],"collection":[{"href":"https:\/\/eguarditandsoftware.com\/es\/wp-json\/wp\/v2\/pages"}],"about":[{"href":"https:\/\/eguarditandsoftware.com\/es\/wp-json\/wp\/v2\/types\/page"}],"author":[{"embeddable":true,"href":"https:\/\/eguarditandsoftware.com\/es\/wp-json\/wp\/v2\/users\/2"}],"replies":[{"embeddable":true,"href":"https:\/\/eguarditandsoftware.com\/es\/wp-json\/wp\/v2\/comments?post=1395"}],"version-history":[{"count":0,"href":"https:\/\/eguarditandsoftware.com\/es\/wp-json\/wp\/v2\/pages\/1395\/revisions"}],"wp:attachment":[{"href":"https:\/\/eguarditandsoftware.com\/es\/wp-json\/wp\/v2\/media?parent=1395"}],"curies":[{"name":"wp","href":"https:\/\/api.w.org\/{rel}","templated":true}]}}