{"id":164,"date":"2024-01-16T19:58:51","date_gmt":"2024-01-16T19:58:51","guid":{"rendered":"https:\/\/eguarditandsoftware.com\/?page_id=164"},"modified":"2024-01-22T17:27:37","modified_gmt":"2024-01-22T17:27:37","slug":"frequently-asked-questions","status":"publish","type":"page","link":"https:\/\/eguarditandsoftware.com\/es\/preguntas-frecuentes\/","title":{"rendered":"Preguntas Frecuentes"},"content":{"rendered":"<div data-elementor-type=\"wp-page\" data-elementor-id=\"164\" class=\"elementor elementor-164\" data-elementor-post-type=\"page\">\n\t\t\t\t<div class=\"elementor-element elementor-element-c369dee e-flex e-con-boxed e-con e-parent\" data-id=\"c369dee\" data-element_type=\"container\" data-settings=\"{&quot;background_background&quot;:&quot;classic&quot;}\">\n\t\t\t\t\t<div class=\"e-con-inner\">\n\t\t\t\t<div class=\"elementor-element elementor-element-19eb5e6 elementor-widget elementor-widget-heading\" data-id=\"19eb5e6\" data-element_type=\"widget\" data-widget_type=\"heading.default\">\n\t\t\t\t<div class=\"elementor-widget-container\">\n\t\t\t\t\t<h1 class=\"elementor-heading-title elementor-size-default\">Preguntas frecuentes<\/h1>\t\t\t\t<\/div>\n\t\t\t\t<\/div>\n\t\t\t\t\t<\/div>\n\t\t\t\t<\/div>\n\t\t<div class=\"elementor-element elementor-element-85350e2 e-flex e-con-boxed e-con e-parent\" data-id=\"85350e2\" data-element_type=\"container\">\n\t\t\t\t\t<div class=\"e-con-inner\">\n\t\t<div class=\"elementor-element elementor-element-63b660f e-con-full animated-slow e-flex elementor-invisible e-con e-child\" data-id=\"63b660f\" data-element_type=\"container\" data-settings=\"{&quot;animation&quot;:&quot;fadeIn&quot;}\">\n\t\t\t\t<div class=\"elementor-element elementor-element-ae418c9 elementor-widget__width-inherit elementor-widget elementor-widget-elementskit-accordion\" data-id=\"ae418c9\" data-element_type=\"widget\" data-widget_type=\"elementskit-accordion.default\">\n\t\t\t\t<div class=\"elementor-widget-container\">\n\t\t\t\t\t<div class=\"ekit-wid-con\" >\n        <div class=\"elementskit-accordion accoedion-primary\" id=\"accordion-69f1dc0c50c11\">\n\n            \n                <div class=\"elementskit-card\">\n                    <div class=\"elementskit-card-header\" id=\"primaryHeading-0-ae418c9\">\n                        <a href=\"#collapse-a37d80469f1dc0c50c11\" class=\"ekit-accordion--toggler elementskit-btn-link collapsed\" data-ekit-toggle=\"collapse\" data-target=\"#Collapse-a37d80469f1dc0c50c11\" aria-expanded=\"false\" aria-controls=\"Collapse-a37d80469f1dc0c50c11\">\n                                                            <div class=\"ekit_accordion_icon_left_group\">\n                                    <div class=\"ekit_accordion_normal_icon\">\n                                        <!-- Normal Icon -->\n                                        <i class=\"icon icon-chevron-down-circle\"><\/i>                                    <\/div>\n\n                                    <div class=\"ekit_accordion_active_icon\">\n                                        <!-- Active Icon -->\n\t\t\t\t\t\t\t\t\t\t<i class=\"icon icon-chevron-up-circle\"><\/i>                                    <\/div>\n                                <\/div>\n\n                            \n                            <span class=\"ekit-accordion-title\">\u00bfC\u00f3mo saber si necesito alguno de estos servicios?<\/span>\n\n                            \n                                                    <\/a>\n                    <\/div>\n\n                    <div id=\"Collapse-a37d80469f1dc0c50c11\" class=\"collapse\" aria-labelledby=\"primaryHeading-0-ae418c9\" data-parent=\"#accordion-69f1dc0c50c11\">\n\n                        <div class=\"elementskit-card-body ekit-accordion--content\">\n                            <p>Si tu negocio se desenvuelve de manera digital, nuestros servicios son ideales para optimizarlo y mejorar la presencia de tu marca en el medio digital, y si tu negocio no se desenvuelve de manera digital, es momento de que lo hagas pues actualmente, necesitas estar en l\u00ednea para tener un negocio competitivo. En EGUARD IT and Software, contamos con una gran selecci\u00f3n de servicios que pueden ayudar desde un negocio bien posicionado hasta un negocio emergente a crear o mejorar un entorno digital. Por lo tanto, si quieres que tu negocio crezca, tu marca sea conocida y obtener clientes fieles, necesitas nuestros servicios.<\/p>                        <\/div>\n\n                    <\/div>\n\n                <\/div><!-- .elementskit-card END -->\n\n                \n                <div class=\"elementskit-card active\">\n                    <div class=\"elementskit-card-header\" id=\"primaryHeading-1-ae418c9\">\n                        <a href=\"#collapse-796999169f1dc0c50c11\" class=\"ekit-accordion--toggler elementskit-btn-link collapsed\" data-ekit-toggle=\"collapse\" data-target=\"#Collapse-796999169f1dc0c50c11\" aria-expanded=\"true\" aria-controls=\"Collapse-796999169f1dc0c50c11\">\n                                                            <div class=\"ekit_accordion_icon_left_group\">\n                                    <div class=\"ekit_accordion_normal_icon\">\n                                        <!-- Normal Icon -->\n                                        <i class=\"icon icon-chevron-down-circle\"><\/i>                                    <\/div>\n\n                                    <div class=\"ekit_accordion_active_icon\">\n                                        <!-- Active Icon -->\n\t\t\t\t\t\t\t\t\t\t<i class=\"icon icon-chevron-up-circle\"><\/i>                                    <\/div>\n                                <\/div>\n\n                            \n                            <span class=\"ekit-accordion-title\">\u00bfCu\u00e1les son las tendencias tecnol\u00f3gicas actuales?<\/span>\n\n                            \n                                                    <\/a>\n                    <\/div>\n\n                    <div id=\"Collapse-796999169f1dc0c50c11\" class=\"show collapse\" aria-labelledby=\"primaryHeading-1-ae418c9\" data-parent=\"#accordion-69f1dc0c50c11\">\n\n                        <div class=\"elementskit-card-body ekit-accordion--content\">\n                            <p>Actualmente, la mayor parte de las personas utilizan la web para encontrar los servicios que necesitan. Por lo tanto, se ha convertido en un medio indispensable para que los negocios puedan alcanzar todo su potencial. Entre las tendencias m\u00e1s importantes actualmente se encuentran: seguridad HTTPS, Interfaz de Usuario (UI) y Experiencia de Usuario (UX) mejoradas, adaptabilidad a diferentes dispositivos, integraci\u00f3n de inteligencia artificial (IA), entre otros.<\/p>                        <\/div>\n\n                    <\/div>\n\n                <\/div><!-- .elementskit-card END -->\n\n                \n                <div class=\"elementskit-card\">\n                    <div class=\"elementskit-card-header\" id=\"primaryHeading-2-ae418c9\">\n                        <a href=\"#collapse-6d15b4769f1dc0c50c11\" class=\"ekit-accordion--toggler elementskit-btn-link collapsed\" data-ekit-toggle=\"collapse\" data-target=\"#Collapse-6d15b4769f1dc0c50c11\" aria-expanded=\"false\" aria-controls=\"Collapse-6d15b4769f1dc0c50c11\">\n                                                            <div class=\"ekit_accordion_icon_left_group\">\n                                    <div class=\"ekit_accordion_normal_icon\">\n                                        <!-- Normal Icon -->\n                                        <i class=\"icon icon-chevron-down-circle\"><\/i>                                    <\/div>\n\n                                    <div class=\"ekit_accordion_active_icon\">\n                                        <!-- Active Icon -->\n\t\t\t\t\t\t\t\t\t\t<i class=\"icon icon-chevron-up-circle\"><\/i>                                    <\/div>\n                                <\/div>\n\n                            \n                            <span class=\"ekit-accordion-title\">\u00bfPor qu\u00e9 desarrollar aplicaciones m\u00f3viles?<\/span>\n\n                            \n                                                    <\/a>\n                    <\/div>\n\n                    <div id=\"Collapse-6d15b4769f1dc0c50c11\" class=\"collapse\" aria-labelledby=\"primaryHeading-2-ae418c9\" data-parent=\"#accordion-69f1dc0c50c11\">\n\n                        <div class=\"elementskit-card-body ekit-accordion--content\">\n                            <p>Desarrollar aplicaciones m\u00f3viles puede proporcionar a un negocio acceso directo a sus clientes, mejorar la experiencia del usuario, impulsar la lealtad de la marca y aprovechar las oportunidades de marketing m\u00f3vil, lo que resulta en una mayor visibilidad y competitividad en el mercado actual. En EGUARD IT and Software, creamos tu aplicaci\u00f3n para que logres los objetivos de tu negocio.<\/p>                        <\/div>\n\n                    <\/div>\n\n                <\/div><!-- .elementskit-card END -->\n\n                \n                <div class=\"elementskit-card\">\n                    <div class=\"elementskit-card-header\" id=\"primaryHeading-3-ae418c9\">\n                        <a href=\"#collapse-a0e059669f1dc0c50c11\" class=\"ekit-accordion--toggler elementskit-btn-link collapsed\" data-ekit-toggle=\"collapse\" data-target=\"#Collapse-a0e059669f1dc0c50c11\" aria-expanded=\"false\" aria-controls=\"Collapse-a0e059669f1dc0c50c11\">\n                                                            <div class=\"ekit_accordion_icon_left_group\">\n                                    <div class=\"ekit_accordion_normal_icon\">\n                                        <!-- Normal Icon -->\n                                        <i class=\"icon icon-chevron-down-circle\"><\/i>                                    <\/div>\n\n                                    <div class=\"ekit_accordion_active_icon\">\n                                        <!-- Active Icon -->\n\t\t\t\t\t\t\t\t\t\t<i class=\"icon icon-chevron-up-circle\"><\/i>                                    <\/div>\n                                <\/div>\n\n                            \n                            <span class=\"ekit-accordion-title\">\u00bfCon qu\u00e9 tipo de negocios trabajan?<\/span>\n\n                            \n                                                    <\/a>\n                    <\/div>\n\n                    <div id=\"Collapse-a0e059669f1dc0c50c11\" class=\"collapse\" aria-labelledby=\"primaryHeading-3-ae418c9\" data-parent=\"#accordion-69f1dc0c50c11\">\n\n                        <div class=\"elementskit-card-body ekit-accordion--content\">\n                            <p>Contamos con una gran selecci\u00f3n de servicios que pueden ayudar una amplia gama de negocios. Por lo tanto, trabajamos con negocios de diversos sectores, desde startups hasta empresas consolidadas, adaptando soluciones de desarrollo de aplicaciones web y software seg\u00fan sus necesidades espec\u00edficas.<\/p>                        <\/div>\n\n                    <\/div>\n\n                <\/div><!-- .elementskit-card END -->\n\n                \n                <div class=\"elementskit-card\">\n                    <div class=\"elementskit-card-header\" id=\"primaryHeading-4-ae418c9\">\n                        <a href=\"#collapse-acb7f9069f1dc0c50c11\" class=\"ekit-accordion--toggler elementskit-btn-link collapsed\" data-ekit-toggle=\"collapse\" data-target=\"#Collapse-acb7f9069f1dc0c50c11\" aria-expanded=\"false\" aria-controls=\"Collapse-acb7f9069f1dc0c50c11\">\n                                                            <div class=\"ekit_accordion_icon_left_group\">\n                                    <div class=\"ekit_accordion_normal_icon\">\n                                        <!-- Normal Icon -->\n                                        <i class=\"icon icon-chevron-down-circle\"><\/i>                                    <\/div>\n\n                                    <div class=\"ekit_accordion_active_icon\">\n                                        <!-- Active Icon -->\n\t\t\t\t\t\t\t\t\t\t<i class=\"icon icon-chevron-up-circle\"><\/i>                                    <\/div>\n                                <\/div>\n\n                            \n                            <span class=\"ekit-accordion-title\">\u00bfPueden sus servicios hacer a mi negocio m\u00e1s sostenible?<\/span>\n\n                            \n                                                    <\/a>\n                    <\/div>\n\n                    <div id=\"Collapse-acb7f9069f1dc0c50c11\" class=\"collapse\" aria-labelledby=\"primaryHeading-4-ae418c9\" data-parent=\"#accordion-69f1dc0c50c11\">\n\n                        <div class=\"elementskit-card-body ekit-accordion--content\">\n                            <p>S\u00ed, nuestros servicios de desarrollo de aplicaciones web y software pueden mejorar la sostenibilidad de tu negocio al optimizar procesos, reducir costos operativos y mejorar la eficiencia, lo que contribuye a un crecimiento m\u00e1s sostenible a largo plazo.<\/p>                        <\/div>\n\n                    <\/div>\n\n                <\/div><!-- .elementskit-card END -->\n\n                \n                <div class=\"elementskit-card\">\n                    <div class=\"elementskit-card-header\" id=\"primaryHeading-5-ae418c9\">\n                        <a href=\"#collapse-11481a469f1dc0c50c11\" class=\"ekit-accordion--toggler elementskit-btn-link collapsed\" data-ekit-toggle=\"collapse\" data-target=\"#Collapse-11481a469f1dc0c50c11\" aria-expanded=\"false\" aria-controls=\"Collapse-11481a469f1dc0c50c11\">\n                                                            <div class=\"ekit_accordion_icon_left_group\">\n                                    <div class=\"ekit_accordion_normal_icon\">\n                                        <!-- Normal Icon -->\n                                        <i class=\"icon icon-chevron-down-circle\"><\/i>                                    <\/div>\n\n                                    <div class=\"ekit_accordion_active_icon\">\n                                        <!-- Active Icon -->\n\t\t\t\t\t\t\t\t\t\t<i class=\"icon icon-chevron-up-circle\"><\/i>                                    <\/div>\n                                <\/div>\n\n                            \n                            <span class=\"ekit-accordion-title\">\u00bfC\u00f3mo me beneficia una Consultor\u00eda Tecnol\u00f3gica?<\/span>\n\n                            \n                                                    <\/a>\n                    <\/div>\n\n                    <div id=\"Collapse-11481a469f1dc0c50c11\" class=\"collapse\" aria-labelledby=\"primaryHeading-5-ae418c9\" data-parent=\"#accordion-69f1dc0c50c11\">\n\n                        <div class=\"elementskit-card-body ekit-accordion--content\">\n                            <p>La Consultor\u00eda Tecnol\u00f3gica optimiza tu estrategia digital, identifica soluciones eficientes y mejora la integraci\u00f3n tecnol\u00f3gica, maximizando la eficacia de tus operaciones y aumentando la competitividad de tu negocio.<\/p>                        <\/div>\n\n                    <\/div>\n\n                <\/div><!-- .elementskit-card END -->\n\n                \n                <div class=\"elementskit-card\">\n                    <div class=\"elementskit-card-header\" id=\"primaryHeading-6-ae418c9\">\n                        <a href=\"#collapse-57722e769f1dc0c50c11\" class=\"ekit-accordion--toggler elementskit-btn-link collapsed\" data-ekit-toggle=\"collapse\" data-target=\"#Collapse-57722e769f1dc0c50c11\" aria-expanded=\"false\" aria-controls=\"Collapse-57722e769f1dc0c50c11\">\n                                                            <div class=\"ekit_accordion_icon_left_group\">\n                                    <div class=\"ekit_accordion_normal_icon\">\n                                        <!-- Normal Icon -->\n                                        <i class=\"icon icon-chevron-down-circle\"><\/i>                                    <\/div>\n\n                                    <div class=\"ekit_accordion_active_icon\">\n                                        <!-- Active Icon -->\n\t\t\t\t\t\t\t\t\t\t<i class=\"icon icon-chevron-up-circle\"><\/i>                                    <\/div>\n                                <\/div>\n\n                            \n                            <span class=\"ekit-accordion-title\">\u00bfQu\u00e9 es UI\/UX?<\/span>\n\n                            \n                                                    <\/a>\n                    <\/div>\n\n                    <div id=\"Collapse-57722e769f1dc0c50c11\" class=\"collapse\" aria-labelledby=\"primaryHeading-6-ae418c9\" data-parent=\"#accordion-69f1dc0c50c11\">\n\n                        <div class=\"elementskit-card-body ekit-accordion--content\">\n                            <p>UI (Interfaz de Usuario) se refiere al dise\u00f1o y presentaci\u00f3n visual de una aplicaci\u00f3n o sitio web, mientras que UX (Experiencia del Usuario) se centra en la experiencia general del usuario, incluyendo la facilidad de uso, la accesibilidad y la satisfacci\u00f3n al interactuar con el producto o servicio. Ambos son cruciales para crear productos digitales efectivos.<\/p>                        <\/div>\n\n                    <\/div>\n\n                <\/div><!-- .elementskit-card END -->\n\n                                        <\/div>\n    <\/div>\t\t\t\t<\/div>\n\t\t\t\t<\/div>\n\t\t\t\t<\/div>\n\t\t\t\t\t<\/div>\n\t\t\t\t<\/div>\n\t\t<div class=\"elementor-element elementor-element-e888d0e e-flex e-con-boxed e-con e-parent\" data-id=\"e888d0e\" data-element_type=\"container\">\n\t\t\t\t\t<div class=\"e-con-inner\">\n\t\t\t\t<div class=\"elementor-element elementor-element-5fca3ae elementor-align-center elementor-widget elementor-widget-button\" data-id=\"5fca3ae\" data-element_type=\"widget\" data-widget_type=\"button.default\">\n\t\t\t\t<div class=\"elementor-widget-container\">\n\t\t\t\t\t\t\t\t\t<div class=\"elementor-button-wrapper\">\n\t\t\t\t\t<a class=\"elementor-button elementor-button-link elementor-size-sm\" href=\"https:\/\/eguarditandsoftware.com\/es\/contacto\/\">\n\t\t\t\t\t\t<span class=\"elementor-button-content-wrapper\">\n\t\t\t\t\t\t\t\t\t<span class=\"elementor-button-text\">Cont\u00e1ctenos<\/span>\n\t\t\t\t\t<\/span>\n\t\t\t\t\t<\/a>\n\t\t\t\t<\/div>\n\t\t\t\t\t\t\t\t<\/div>\n\t\t\t\t<\/div>\n\t\t\t\t\t<\/div>\n\t\t\t\t<\/div>\n\t\t\t\t<\/div>","protected":false},"excerpt":{"rendered":"<p>Frequent questions How do I know if I need any of these services? If your business operates digitally, our services are ideal to optimize it and improve the presence of your brand on the web, and if your business does not operate digitally, it is time for that to change since nowadays, you need to [&hellip;]<\/p>","protected":false},"author":2,"featured_media":0,"parent":0,"menu_order":0,"comment_status":"closed","ping_status":"closed","template":"elementor_header_footer","meta":{"footnotes":""},"class_list":["post-164","page","type-page","status-publish","hentry"],"_links":{"self":[{"href":"https:\/\/eguarditandsoftware.com\/es\/wp-json\/wp\/v2\/pages\/164","targetHints":{"allow":["GET"]}}],"collection":[{"href":"https:\/\/eguarditandsoftware.com\/es\/wp-json\/wp\/v2\/pages"}],"about":[{"href":"https:\/\/eguarditandsoftware.com\/es\/wp-json\/wp\/v2\/types\/page"}],"author":[{"embeddable":true,"href":"https:\/\/eguarditandsoftware.com\/es\/wp-json\/wp\/v2\/users\/2"}],"replies":[{"embeddable":true,"href":"https:\/\/eguarditandsoftware.com\/es\/wp-json\/wp\/v2\/comments?post=164"}],"version-history":[{"count":0,"href":"https:\/\/eguarditandsoftware.com\/es\/wp-json\/wp\/v2\/pages\/164\/revisions"}],"wp:attachment":[{"href":"https:\/\/eguarditandsoftware.com\/es\/wp-json\/wp\/v2\/media?parent=164"}],"curies":[{"name":"wp","href":"https:\/\/api.w.org\/{rel}","templated":true}]}}