{"id":176,"date":"2024-01-16T21:43:01","date_gmt":"2024-01-16T21:43:01","guid":{"rendered":"https:\/\/eguarditandsoftware.com\/?page_id=176"},"modified":"2024-01-22T22:46:13","modified_gmt":"2024-01-22T22:46:13","slug":"research-and-development","status":"publish","type":"page","link":"https:\/\/eguarditandsoftware.com\/es\/investigacion-y-desarrollo\/","title":{"rendered":"Investigaci\u00f3n y desarrollo"},"content":{"rendered":"<div data-elementor-type=\"wp-page\" data-elementor-id=\"176\" class=\"elementor elementor-176\" data-elementor-post-type=\"page\">\n\t\t\t\t<div class=\"elementor-element elementor-element-254adae e-flex e-con-boxed e-con e-parent\" data-id=\"254adae\" data-element_type=\"container\" data-settings=\"{&quot;background_background&quot;:&quot;classic&quot;}\">\n\t\t\t\t\t<div class=\"e-con-inner\">\n\t\t\t\t<div class=\"elementor-element elementor-element-8b4ff97 elementor-widget elementor-widget-heading\" data-id=\"8b4ff97\" data-element_type=\"widget\" data-widget_type=\"heading.default\">\n\t\t\t\t<div class=\"elementor-widget-container\">\n\t\t\t\t\t<h1 class=\"elementor-heading-title elementor-size-default\">Investigaci\u00f3n y desarrollo<\/h1>\t\t\t\t<\/div>\n\t\t\t\t<\/div>\n\t\t\t\t\t<\/div>\n\t\t\t\t<\/div>\n\t\t<div class=\"elementor-element elementor-element-78fde30 e-flex e-con-boxed e-con e-parent\" data-id=\"78fde30\" data-element_type=\"container\">\n\t\t\t\t\t<div class=\"e-con-inner\">\n\t\t<div class=\"elementor-element elementor-element-5a5924a e-con-full e-flex e-con e-child\" data-id=\"5a5924a\" data-element_type=\"container\">\n\t\t\t\t<div class=\"elementor-element elementor-element-73558e6 elementor-widget elementor-widget-heading\" data-id=\"73558e6\" data-element_type=\"widget\" data-widget_type=\"heading.default\">\n\t\t\t\t<div class=\"elementor-widget-container\">\n\t\t\t\t\t<div class=\"elementor-heading-title elementor-size-default\">EGUARD IT and Software<\/div>\t\t\t\t<\/div>\n\t\t\t\t<\/div>\n\t\t\t\t<div class=\"elementor-element elementor-element-5738d59 animated-slow elementor-invisible elementor-widget elementor-widget-heading\" data-id=\"5738d59\" data-element_type=\"widget\" data-settings=\"{&quot;_animation&quot;:&quot;fadeInUp&quot;}\" data-widget_type=\"heading.default\">\n\t\t\t\t<div class=\"elementor-widget-container\">\n\t\t\t\t\t<h2 class=\"elementor-heading-title elementor-size-default\">Desarrollo<\/h2>\t\t\t\t<\/div>\n\t\t\t\t<\/div>\n\t\t\t\t<div class=\"elementor-element elementor-element-9b13561 elementor-widget elementor-widget-text-editor\" data-id=\"9b13561\" data-element_type=\"widget\" data-widget_type=\"text-editor.default\">\n\t\t\t\t<div class=\"elementor-widget-container\">\n\t\t\t\t\t\t\t\t\t<p>Nuestro servicio especializado en investigaci\u00f3n y desarrollo ofrece a tu empresa la oportunidad de destacar como l\u00edder pionera en su sector. Colaboramos con las empresas para investigar las tendencias tecnol\u00f3gicas en desarrollo, incorporar herramientas innovadoras y desarrollar software personalizado de \u00faltima generaci\u00f3n con el objetivo de establecer una ventaja competitiva.<\/p><p>Exploramos de manera proactiva las tendencias tecnol\u00f3gicas emergentes para adoptar herramientas innovadoras y desarrollar software personalizado de \u00faltima generaci\u00f3n para tu negocio. De esta manera te apoyamos para generar una ventaja competitiva significativa.<\/p>\t\t\t\t\t\t\t\t<\/div>\n\t\t\t\t<\/div>\n\t\t\t\t<\/div>\n\t\t<div class=\"elementor-element elementor-element-57fb573 e-con-full animated-slow e-flex elementor-invisible e-con e-child\" data-id=\"57fb573\" data-element_type=\"container\" data-settings=\"{&quot;animation&quot;:&quot;fadeInRight&quot;}\">\n\t\t\t\t<div class=\"elementor-element elementor-element-7bd00b6 elementor-widget elementor-widget-image\" data-id=\"7bd00b6\" data-element_type=\"widget\" data-widget_type=\"image.default\">\n\t\t\t\t<div class=\"elementor-widget-container\">\n\t\t\t\t\t\t\t\t\t\t\t\t\t\t\t<img fetchpriority=\"high\" decoding=\"async\" width=\"800\" height=\"534\" src=\"https:\/\/eguarditandsoftware.com\/wp-content\/uploads\/2024\/01\/shutterstock_2329333285.jpg\" class=\"attachment-large size-large wp-image-470\" alt=\"\" srcset=\"https:\/\/eguarditandsoftware.com\/wp-content\/uploads\/2024\/01\/shutterstock_2329333285.jpg 1000w, https:\/\/eguarditandsoftware.com\/wp-content\/uploads\/2024\/01\/shutterstock_2329333285-300x200.jpg 300w, https:\/\/eguarditandsoftware.com\/wp-content\/uploads\/2024\/01\/shutterstock_2329333285-768x512.jpg 768w, https:\/\/eguarditandsoftware.com\/wp-content\/uploads\/2024\/01\/shutterstock_2329333285-18x12.jpg 18w\" sizes=\"(max-width: 800px) 100vw, 800px\" \/>\t\t\t\t\t\t\t\t\t\t\t\t\t\t\t<\/div>\n\t\t\t\t<\/div>\n\t\t\t\t<\/div>\n\t\t\t\t\t<\/div>\n\t\t\t\t<\/div>\n\t\t<div class=\"elementor-element elementor-element-6bec794 e-flex e-con-boxed e-con e-parent\" data-id=\"6bec794\" data-element_type=\"container\" data-settings=\"{&quot;background_background&quot;:&quot;classic&quot;}\">\n\t\t\t\t\t<div class=\"e-con-inner\">\n\t\t<div class=\"elementor-element elementor-element-721bd75 e-con-full animated-slow e-flex elementor-invisible e-con e-child\" data-id=\"721bd75\" data-element_type=\"container\" data-settings=\"{&quot;animation&quot;:&quot;fadeInLeft&quot;,&quot;background_background&quot;:&quot;classic&quot;}\">\n\t\t\t\t<div class=\"elementor-element elementor-element-81aa313 elementor-widget elementor-widget-text-editor\" data-id=\"81aa313\" data-element_type=\"widget\" data-widget_type=\"text-editor.default\">\n\t\t\t\t<div class=\"elementor-widget-container\">\n\t\t\t\t\t\t\t\t\t<p>Con este servicio, no solo proporcionamos orientaci\u00f3n estrat\u00e9gica, sino que tambi\u00e9n aplicamos nuestra experiencia para transformar las capacidades organizativas. Este enfoque nos permite posicionar tu negocio a la vanguardia de la innovaci\u00f3n en su industria. Al entender y aprovechar las oportunidades que ofrece la tecnolog\u00eda emergente, trabajamos en conjunto para crear soluciones que sigan el ritmo de las tendencias y que impulsen a tu empresa a liderar la carga en el panorama empresarial actual.<\/p><p>Al alinear estrat\u00e9gicamente nuestras iniciativas de investigaci\u00f3n y desarrollo con los objetivos de tu negocio, creamos un entorno propicio para el crecimiento sostenible y la excelencia en la vanguardia de la industria. Con nuestro respaldo, tu empresa estar\u00e1 mejor preparada no solo para adaptarse a los cambios, sino para liderar la evoluci\u00f3n tecnol\u00f3gica en su sector.<\/p>\t\t\t\t\t\t\t\t<\/div>\n\t\t\t\t<\/div>\n\t\t\t\t<\/div>\n\t\t<div class=\"elementor-element elementor-element-d2dbee4 e-con-full e-flex e-con e-child\" data-id=\"d2dbee4\" data-element_type=\"container\">\n\t\t\t\t<div class=\"elementor-element elementor-element-ba5b324 elementor-widget elementor-widget-heading\" data-id=\"ba5b324\" data-element_type=\"widget\" data-widget_type=\"heading.default\">\n\t\t\t\t<div class=\"elementor-widget-container\">\n\t\t\t\t\t<div class=\"elementor-heading-title elementor-size-default\">EGUARD IT and Software<\/div>\t\t\t\t<\/div>\n\t\t\t\t<\/div>\n\t\t\t\t<div class=\"elementor-element elementor-element-a1daf0e animated-slow elementor-invisible elementor-widget elementor-widget-heading\" data-id=\"a1daf0e\" data-element_type=\"widget\" data-settings=\"{&quot;_animation&quot;:&quot;fadeInUp&quot;}\" data-widget_type=\"heading.default\">\n\t\t\t\t<div class=\"elementor-widget-container\">\n\t\t\t\t\t<h2 class=\"elementor-heading-title elementor-size-default\">Orientaci\u00f3n estrat\u00e9gica<\/h2>\t\t\t\t<\/div>\n\t\t\t\t<\/div>\n\t\t\t\t<div class=\"elementor-element elementor-element-d765e8e elementor-widget elementor-widget-button\" data-id=\"d765e8e\" data-element_type=\"widget\" data-widget_type=\"button.default\">\n\t\t\t\t<div class=\"elementor-widget-container\">\n\t\t\t\t\t\t\t\t\t<div class=\"elementor-button-wrapper\">\n\t\t\t\t\t<a class=\"elementor-button elementor-button-link elementor-size-sm\" href=\"https:\/\/eguarditandsoftware.com\/es\/contacto\/\">\n\t\t\t\t\t\t<span class=\"elementor-button-content-wrapper\">\n\t\t\t\t\t\t\t\t\t<span class=\"elementor-button-text\">Cont\u00e1ctenos<\/span>\n\t\t\t\t\t<\/span>\n\t\t\t\t\t<\/a>\n\t\t\t\t<\/div>\n\t\t\t\t\t\t\t\t<\/div>\n\t\t\t\t<\/div>\n\t\t\t\t<\/div>\n\t\t\t\t\t<\/div>\n\t\t\t\t<\/div>\n\t\t\t\t<\/div>","protected":false},"excerpt":{"rendered":"<p>Research and Development EGUARD IT and Software Development Our specialized Research and Development service offers your company the opportunity to stand out as a pioneering leader in its sector. We collaborate with companies to research developing technology trends, incorporate innovative tools, and develop cutting-edge custom software with the goal of establishing a competitive advantage. We [&hellip;]<\/p>","protected":false},"author":2,"featured_media":0,"parent":0,"menu_order":0,"comment_status":"closed","ping_status":"closed","template":"elementor_header_footer","meta":{"footnotes":""},"class_list":["post-176","page","type-page","status-publish","hentry"],"_links":{"self":[{"href":"https:\/\/eguarditandsoftware.com\/es\/wp-json\/wp\/v2\/pages\/176","targetHints":{"allow":["GET"]}}],"collection":[{"href":"https:\/\/eguarditandsoftware.com\/es\/wp-json\/wp\/v2\/pages"}],"about":[{"href":"https:\/\/eguarditandsoftware.com\/es\/wp-json\/wp\/v2\/types\/page"}],"author":[{"embeddable":true,"href":"https:\/\/eguarditandsoftware.com\/es\/wp-json\/wp\/v2\/users\/2"}],"replies":[{"embeddable":true,"href":"https:\/\/eguarditandsoftware.com\/es\/wp-json\/wp\/v2\/comments?post=176"}],"version-history":[{"count":0,"href":"https:\/\/eguarditandsoftware.com\/es\/wp-json\/wp\/v2\/pages\/176\/revisions"}],"wp:attachment":[{"href":"https:\/\/eguarditandsoftware.com\/es\/wp-json\/wp\/v2\/media?parent=176"}],"curies":[{"name":"wp","href":"https:\/\/api.w.org\/{rel}","templated":true}]}}