{"id":183,"date":"2024-01-16T21:44:32","date_gmt":"2024-01-16T21:44:32","guid":{"rendered":"https:\/\/eguarditandsoftware.com\/?page_id=183"},"modified":"2024-11-26T17:06:56","modified_gmt":"2024-11-26T17:06:56","slug":"custom-software-development","status":"publish","type":"page","link":"https:\/\/eguarditandsoftware.com\/es\/desarrollo-de-software-a-medida\/","title":{"rendered":"Desarrollo de software personalizado"},"content":{"rendered":"<div data-elementor-type=\"wp-page\" data-elementor-id=\"183\" class=\"elementor elementor-183\" data-elementor-post-type=\"page\">\n\t\t\t\t<div class=\"elementor-element elementor-element-f4764db e-flex e-con-boxed e-con e-parent\" data-id=\"f4764db\" data-element_type=\"container\" data-settings=\"{&quot;background_background&quot;:&quot;classic&quot;}\">\n\t\t\t\t\t<div class=\"e-con-inner\">\n\t\t\t\t<div class=\"elementor-element elementor-element-6055aed elementor-widget elementor-widget-heading\" data-id=\"6055aed\" data-element_type=\"widget\" data-widget_type=\"heading.default\">\n\t\t\t\t<div class=\"elementor-widget-container\">\n\t\t\t\t\t<h1 class=\"elementor-heading-title elementor-size-default\">Desarrollo de software personalizado<\/h1>\t\t\t\t<\/div>\n\t\t\t\t<\/div>\n\t\t\t\t\t<\/div>\n\t\t\t\t<\/div>\n\t\t<div class=\"elementor-element elementor-element-583504f e-flex e-con-boxed e-con e-parent\" data-id=\"583504f\" data-element_type=\"container\">\n\t\t\t\t\t<div class=\"e-con-inner\">\n\t\t<div class=\"elementor-element elementor-element-d29e819 e-con-full e-flex e-con e-child\" data-id=\"d29e819\" data-element_type=\"container\">\n\t\t\t\t<div class=\"elementor-element elementor-element-a081e44 elementor-widget elementor-widget-heading\" data-id=\"a081e44\" data-element_type=\"widget\" data-widget_type=\"heading.default\">\n\t\t\t\t<div class=\"elementor-widget-container\">\n\t\t\t\t\t<div class=\"elementor-heading-title elementor-size-default\">EGUARD IT and Software<\/div>\t\t\t\t<\/div>\n\t\t\t\t<\/div>\n\t\t\t\t<div class=\"elementor-element elementor-element-f09a872 animated-slow elementor-invisible elementor-widget elementor-widget-heading\" data-id=\"f09a872\" data-element_type=\"widget\" data-settings=\"{&quot;_animation&quot;:&quot;fadeInUp&quot;}\" data-widget_type=\"heading.default\">\n\t\t\t\t<div class=\"elementor-widget-container\">\n\t\t\t\t\t<h2 class=\"elementor-heading-title elementor-size-default\">Desarrollo de software <\/h2>\t\t\t\t<\/div>\n\t\t\t\t<\/div>\n\t\t\t\t<div class=\"elementor-element elementor-element-91f401a elementor-widget elementor-widget-text-editor\" data-id=\"91f401a\" data-element_type=\"widget\" data-widget_type=\"text-editor.default\">\n\t\t\t\t<div class=\"elementor-widget-container\">\n\t\t\t\t\t\t\t\t\t<p>Te ofrecemos un servicio de desarrollo de software personalizado porque nuestra misi\u00f3n es satisfacer las necesidades espec\u00edficas de tu negocio. Queremos conocer detalladamente tus intereses para darte el mejor producto.<\/p><p><em><strong>Nuestro proceso en acci\u00f3n:<\/strong><\/em><\/p><p>1.\tConsulta Inicial<\/p><p>En esta fase, nos reunimos contigo para comprender tus objetivos, necesidades y desaf\u00edos espec\u00edficos. Realizamos una evaluaci\u00f3n detallada de tu negocio y tus requerimientos para asegurarnos de que todas tus expectativas sean claramente definidas desde el principio.<\/p><p>2.\tDise\u00f1o Personalizado<\/p><p>Con la informaci\u00f3n recopilada, nuestro equipo de dise\u00f1adores y arquitectos de software crea una soluci\u00f3n a medida. Desarrollamos un plan detallado y maquetas visuales que reflejan la funcionalidad y la est\u00e9tica que deseas, garantizando que el dise\u00f1o propuesto se alinee perfectamente con tu visi\u00f3n.<\/p><p>3.\tDesarrollo a Medida<\/p><p>Una vez aprobado el dise\u00f1o, nuestros desarrolladores comienzan a construir tu software. Utilizamos metodolog\u00edas \u00e1giles para asegurar una entrega r\u00e1pida y eficiente, permitiendo ajustes continuos seg\u00fan sea necesario. Durante esta fase, nos enfocamos en crear un c\u00f3digo limpio y robusto que asegure el rendimiento \u00f3ptimo de tu software.<\/p><p>4.\tPruebas Rigurosas<\/p><p>Antes de la implementaci\u00f3n final, realizamos pruebas exhaustivas para garantizar que tu software funcione sin problemas y est\u00e9 libre de errores. Esto incluye pruebas de funcionalidad, rendimiento, seguridad y compatibilidad, asegurando que cada aspecto de la soluci\u00f3n cumpla con los m\u00e1s altos est\u00e1ndares de calidad.<br \/><br \/><\/p><p>5.\tImplementaci\u00f3n y Soporte<\/p><p>Implementamos tu software en el entorno de producci\u00f3n y proporcionamos soporte continuo para garantizar una transici\u00f3n suave y sin problemas. Nuestro equipo est\u00e1 disponible para resolver cualquier problema que pueda surgir y para realizar actualizaciones y mejoras seg\u00fan sea necesario.<\/p>\t\t\t\t\t\t\t\t<\/div>\n\t\t\t\t<\/div>\n\t\t\t\t<\/div>\n\t\t<div class=\"elementor-element elementor-element-5d60e27 e-con-full animated-slow e-flex elementor-invisible e-con e-child\" data-id=\"5d60e27\" data-element_type=\"container\" data-settings=\"{&quot;animation&quot;:&quot;fadeInRight&quot;}\">\n\t\t\t\t<div class=\"elementor-element elementor-element-a41768d elementor-widget elementor-widget-image\" data-id=\"a41768d\" data-element_type=\"widget\" data-widget_type=\"image.default\">\n\t\t\t\t<div class=\"elementor-widget-container\">\n\t\t\t\t\t\t\t\t\t\t\t\t\t\t\t<img fetchpriority=\"high\" decoding=\"async\" width=\"800\" height=\"450\" src=\"https:\/\/eguarditandsoftware.com\/wp-content\/uploads\/2024\/01\/shutterstock_2104457678.jpg\" class=\"attachment-large size-large wp-image-488\" alt=\"\" srcset=\"https:\/\/eguarditandsoftware.com\/wp-content\/uploads\/2024\/01\/shutterstock_2104457678.jpg 1000w, https:\/\/eguarditandsoftware.com\/wp-content\/uploads\/2024\/01\/shutterstock_2104457678-300x169.jpg 300w, https:\/\/eguarditandsoftware.com\/wp-content\/uploads\/2024\/01\/shutterstock_2104457678-768x432.jpg 768w, https:\/\/eguarditandsoftware.com\/wp-content\/uploads\/2024\/01\/shutterstock_2104457678-18x10.jpg 18w\" sizes=\"(max-width: 800px) 100vw, 800px\" \/>\t\t\t\t\t\t\t\t\t\t\t\t\t\t\t<\/div>\n\t\t\t\t<\/div>\n\t\t\t\t<\/div>\n\t\t\t\t\t<\/div>\n\t\t\t\t<\/div>\n\t\t<div class=\"elementor-element elementor-element-07462a5 e-flex e-con-boxed e-con e-parent\" data-id=\"07462a5\" data-element_type=\"container\" data-settings=\"{&quot;background_background&quot;:&quot;classic&quot;}\">\n\t\t\t\t\t<div class=\"e-con-inner\">\n\t\t<div class=\"elementor-element elementor-element-44115f9 e-con-full animated-slow e-flex elementor-invisible e-con e-child\" data-id=\"44115f9\" data-element_type=\"container\" data-settings=\"{&quot;animation&quot;:&quot;fadeInLeft&quot;,&quot;background_background&quot;:&quot;classic&quot;}\">\n\t\t\t\t<div class=\"elementor-element elementor-element-b6a747e elementor-widget elementor-widget-text-editor\" data-id=\"b6a747e\" data-element_type=\"widget\" data-widget_type=\"text-editor.default\">\n\t\t\t\t<div class=\"elementor-widget-container\">\n\t\t\t\t\t\t\t\t\t<p>Nuestra vasta experiencia, junto con meticulosos procedimientos de desarrollo, contribuye a que los proyectos de software que proporcionamos aporten un valor comercial significativo a los negocios de nuestros clientes y establezcan una presencia sostenida en el mercado.<\/p><p>Con nuestro servicio de desarrollo de software personalizado, llevamos la innovaci\u00f3n directamente a tus manos, permiti\u00e9ndote destacar en el mercado con una presencia online \u00fanica y altamente funcional.<\/p><p>Dale a tu negocio justo lo que necesita con nuestro servicio de Desarrollo de software personalizado<\/p>\t\t\t\t\t\t\t\t<\/div>\n\t\t\t\t<\/div>\n\t\t\t\t<\/div>\n\t\t<div class=\"elementor-element elementor-element-fba2061 e-con-full e-flex e-con e-child\" data-id=\"fba2061\" data-element_type=\"container\">\n\t\t\t\t<div class=\"elementor-element elementor-element-b8e58f4 elementor-widget elementor-widget-heading\" data-id=\"b8e58f4\" data-element_type=\"widget\" data-widget_type=\"heading.default\">\n\t\t\t\t<div class=\"elementor-widget-container\">\n\t\t\t\t\t<div class=\"elementor-heading-title elementor-size-default\">EGUARD IT and Software<\/div>\t\t\t\t<\/div>\n\t\t\t\t<\/div>\n\t\t\t\t<div class=\"elementor-element elementor-element-780887f animated-slow elementor-invisible elementor-widget elementor-widget-heading\" data-id=\"780887f\" data-element_type=\"widget\" data-settings=\"{&quot;_animation&quot;:&quot;fadeInUp&quot;}\" data-widget_type=\"heading.default\">\n\t\t\t\t<div class=\"elementor-widget-container\">\n\t\t\t\t\t<h2 class=\"elementor-heading-title elementor-size-default\">Proyectos de software <\/h2>\t\t\t\t<\/div>\n\t\t\t\t<\/div>\n\t\t\t\t<div class=\"elementor-element elementor-element-0cf8b61 elementor-widget elementor-widget-button\" data-id=\"0cf8b61\" data-element_type=\"widget\" data-widget_type=\"button.default\">\n\t\t\t\t<div class=\"elementor-widget-container\">\n\t\t\t\t\t\t\t\t\t<div class=\"elementor-button-wrapper\">\n\t\t\t\t\t<a class=\"elementor-button elementor-button-link elementor-size-sm\" href=\"https:\/\/eguarditandsoftware.com\/es\/contacto\/\">\n\t\t\t\t\t\t<span class=\"elementor-button-content-wrapper\">\n\t\t\t\t\t\t\t\t\t<span class=\"elementor-button-text\">Cont\u00e1ctenos<\/span>\n\t\t\t\t\t<\/span>\n\t\t\t\t\t<\/a>\n\t\t\t\t<\/div>\n\t\t\t\t\t\t\t\t<\/div>\n\t\t\t\t<\/div>\n\t\t\t\t<\/div>\n\t\t\t\t\t<\/div>\n\t\t\t\t<\/div>\n\t\t\t\t<\/div>","protected":false},"excerpt":{"rendered":"<p>Custom Software Development EGUARD IT and Software Software Development We offer you a customized software development service because our mission is to satisfy the specific needs of your business. We want to know in detail your interests to give you the best product. Our process in action: 1. Initial Consultation In this phase, we meet [&hellip;]<\/p>","protected":false},"author":2,"featured_media":0,"parent":0,"menu_order":0,"comment_status":"closed","ping_status":"closed","template":"elementor_header_footer","meta":{"footnotes":""},"class_list":["post-183","page","type-page","status-publish","hentry"],"_links":{"self":[{"href":"https:\/\/eguarditandsoftware.com\/es\/wp-json\/wp\/v2\/pages\/183","targetHints":{"allow":["GET"]}}],"collection":[{"href":"https:\/\/eguarditandsoftware.com\/es\/wp-json\/wp\/v2\/pages"}],"about":[{"href":"https:\/\/eguarditandsoftware.com\/es\/wp-json\/wp\/v2\/types\/page"}],"author":[{"embeddable":true,"href":"https:\/\/eguarditandsoftware.com\/es\/wp-json\/wp\/v2\/users\/2"}],"replies":[{"embeddable":true,"href":"https:\/\/eguarditandsoftware.com\/es\/wp-json\/wp\/v2\/comments?post=183"}],"version-history":[{"count":0,"href":"https:\/\/eguarditandsoftware.com\/es\/wp-json\/wp\/v2\/pages\/183\/revisions"}],"wp:attachment":[{"href":"https:\/\/eguarditandsoftware.com\/es\/wp-json\/wp\/v2\/media?parent=183"}],"curies":[{"name":"wp","href":"https:\/\/api.w.org\/{rel}","templated":true}]}}