{"id":190,"date":"2024-01-16T21:45:37","date_gmt":"2024-01-16T21:45:37","guid":{"rendered":"https:\/\/eguarditandsoftware.com\/?page_id=190"},"modified":"2024-01-22T23:57:27","modified_gmt":"2024-01-22T23:57:27","slug":"mobile-application-development","status":"publish","type":"page","link":"https:\/\/eguarditandsoftware.com\/es\/desarrollo-de-aplicaciones-moviles\/","title":{"rendered":"Desarrollo de aplicaciones m\u00f3viles"},"content":{"rendered":"<div data-elementor-type=\"wp-page\" data-elementor-id=\"190\" class=\"elementor elementor-190\" data-elementor-post-type=\"page\">\n\t\t\t\t<div class=\"elementor-element elementor-element-d6d00e0 e-flex e-con-boxed e-con e-parent\" data-id=\"d6d00e0\" data-element_type=\"container\" data-settings=\"{&quot;background_background&quot;:&quot;classic&quot;}\">\n\t\t\t\t\t<div class=\"e-con-inner\">\n\t\t\t\t<div class=\"elementor-element elementor-element-bf77c35 elementor-widget elementor-widget-heading\" data-id=\"bf77c35\" data-element_type=\"widget\" data-widget_type=\"heading.default\">\n\t\t\t\t<div class=\"elementor-widget-container\">\n\t\t\t\t\t<h1 class=\"elementor-heading-title elementor-size-default\">Desarrollo de aplicaciones m\u00f3viles<\/h1>\t\t\t\t<\/div>\n\t\t\t\t<\/div>\n\t\t\t\t\t<\/div>\n\t\t\t\t<\/div>\n\t\t<div class=\"elementor-element elementor-element-b319328 e-flex e-con-boxed e-con e-parent\" data-id=\"b319328\" data-element_type=\"container\">\n\t\t\t\t\t<div class=\"e-con-inner\">\n\t\t<div class=\"elementor-element elementor-element-7ed8ad0 e-con-full e-flex e-con e-child\" data-id=\"7ed8ad0\" data-element_type=\"container\">\n\t\t\t\t<div class=\"elementor-element elementor-element-b27b34f elementor-widget elementor-widget-heading\" data-id=\"b27b34f\" data-element_type=\"widget\" data-widget_type=\"heading.default\">\n\t\t\t\t<div class=\"elementor-widget-container\">\n\t\t\t\t\t<div class=\"elementor-heading-title elementor-size-default\">EGUARD IT and Software<\/div>\t\t\t\t<\/div>\n\t\t\t\t<\/div>\n\t\t\t\t<div class=\"elementor-element elementor-element-2708d0a animated-slow elementor-invisible elementor-widget elementor-widget-heading\" data-id=\"2708d0a\" data-element_type=\"widget\" data-settings=\"{&quot;_animation&quot;:&quot;fadeInUp&quot;}\" data-widget_type=\"heading.default\">\n\t\t\t\t<div class=\"elementor-widget-container\">\n\t\t\t\t\t<h2 class=\"elementor-heading-title elementor-size-default\">Aplicaci\u00f3n m\u00f3vil<\/h2>\t\t\t\t<\/div>\n\t\t\t\t<\/div>\n\t\t\t\t<div class=\"elementor-element elementor-element-8687155 elementor-widget elementor-widget-text-editor\" data-id=\"8687155\" data-element_type=\"widget\" data-widget_type=\"text-editor.default\">\n\t\t\t\t<div class=\"elementor-widget-container\">\n\t\t\t\t\t\t\t\t\t<p>En un mundo donde la movilidad es la clave, tu presencia en dispositivos m\u00f3viles es esencial. Nuestro servicio de desarrollo de aplicaciones m\u00f3viles te ofrece opciones din\u00e1micas y s\u00f3lidas. Te brindamos las mejores soluciones para aumentar la participaci\u00f3n del cliente y permitir que tu negocio sobresalga en la red.<\/p><p>Tener aplicaciones m\u00f3viles se ha convertido en una parte esencial del triunfo de la mayor\u00eda de los negocios de la actualidad dado que la principal manera en la que las personas consumen contenido hoy en d\u00eda es mediante sus port\u00e1tiles. Las aplicaciones m\u00f3viles permiten dirigirse a numerosos clientes a la vez.<\/p>\t\t\t\t\t\t\t\t<\/div>\n\t\t\t\t<\/div>\n\t\t\t\t<\/div>\n\t\t<div class=\"elementor-element elementor-element-f962e6b e-con-full animated-slow e-flex elementor-invisible e-con e-child\" data-id=\"f962e6b\" data-element_type=\"container\" data-settings=\"{&quot;animation&quot;:&quot;fadeInRight&quot;}\">\n\t\t\t\t<div class=\"elementor-element elementor-element-e471e13 elementor-widget elementor-widget-image\" data-id=\"e471e13\" data-element_type=\"widget\" data-widget_type=\"image.default\">\n\t\t\t\t<div class=\"elementor-widget-container\">\n\t\t\t\t\t\t\t\t\t\t\t\t\t\t\t<img fetchpriority=\"high\" decoding=\"async\" width=\"800\" height=\"534\" src=\"https:\/\/eguarditandsoftware.com\/wp-content\/uploads\/2024\/01\/shutterstock_1118944154.jpg\" class=\"attachment-large size-large wp-image-511\" alt=\"\" srcset=\"https:\/\/eguarditandsoftware.com\/wp-content\/uploads\/2024\/01\/shutterstock_1118944154.jpg 1000w, https:\/\/eguarditandsoftware.com\/wp-content\/uploads\/2024\/01\/shutterstock_1118944154-300x200.jpg 300w, https:\/\/eguarditandsoftware.com\/wp-content\/uploads\/2024\/01\/shutterstock_1118944154-768x512.jpg 768w, https:\/\/eguarditandsoftware.com\/wp-content\/uploads\/2024\/01\/shutterstock_1118944154-18x12.jpg 18w\" sizes=\"(max-width: 800px) 100vw, 800px\" \/>\t\t\t\t\t\t\t\t\t\t\t\t\t\t\t<\/div>\n\t\t\t\t<\/div>\n\t\t\t\t<\/div>\n\t\t\t\t\t<\/div>\n\t\t\t\t<\/div>\n\t\t<div class=\"elementor-element elementor-element-12ed9de e-flex e-con-boxed e-con e-parent\" data-id=\"12ed9de\" data-element_type=\"container\" data-settings=\"{&quot;background_background&quot;:&quot;classic&quot;}\">\n\t\t\t\t\t<div class=\"e-con-inner\">\n\t\t<div class=\"elementor-element elementor-element-5b6f0c9 e-con-full animated-slow e-flex elementor-invisible e-con e-child\" data-id=\"5b6f0c9\" data-element_type=\"container\" data-settings=\"{&quot;animation&quot;:&quot;fadeInLeft&quot;,&quot;background_background&quot;:&quot;classic&quot;}\">\n\t\t\t\t<div class=\"elementor-element elementor-element-13b968b elementor-widget elementor-widget-text-editor\" data-id=\"13b968b\" data-element_type=\"widget\" data-widget_type=\"text-editor.default\">\n\t\t\t\t<div class=\"elementor-widget-container\">\n\t\t\t\t\t\t\t\t\t<p>Trabajamos para desarrollar aplicaciones \u00fanicas y llamativas que mejoren la presencia de tu empresa en l\u00ednea. Nuestro servicio puede desarrollar una nueva aplicaci\u00f3n desde cero o mejorar una aplicaci\u00f3n existente de negocios de todos los tama\u00f1os. Esto permitir\u00e1 generar un v\u00ednculo con tus clientes y proporcionar valor a tu negocio.<\/p><p>Nos esforzamos por darte dise\u00f1os de usuario intuitivos, para un mejor acceso por parte de tus clientes. Nuestras soluciones de aplicaciones m\u00f3viles se adaptan y escalan a los desaf\u00edos comerciales en constante evoluci\u00f3n. Con este servicio, queremos crear experiencias que cautivan y soluciones que impulsan tu negocio hacia nuevos horizontes. Descubre el potencial de la movilidad con nuestro desarrollo de aplicaciones.<\/p>\t\t\t\t\t\t\t\t<\/div>\n\t\t\t\t<\/div>\n\t\t\t\t<\/div>\n\t\t<div class=\"elementor-element elementor-element-6581dc5 e-con-full e-flex e-con e-child\" data-id=\"6581dc5\" data-element_type=\"container\">\n\t\t\t\t<div class=\"elementor-element elementor-element-5d92378 elementor-widget elementor-widget-heading\" data-id=\"5d92378\" data-element_type=\"widget\" data-widget_type=\"heading.default\">\n\t\t\t\t<div class=\"elementor-widget-container\">\n\t\t\t\t\t<div class=\"elementor-heading-title elementor-size-default\">EGUARD IT and Software<\/div>\t\t\t\t<\/div>\n\t\t\t\t<\/div>\n\t\t\t\t<div class=\"elementor-element elementor-element-1339fd9 animated-slow elementor-invisible elementor-widget elementor-widget-heading\" data-id=\"1339fd9\" data-element_type=\"widget\" data-settings=\"{&quot;_animation&quot;:&quot;fadeInUp&quot;}\" data-widget_type=\"heading.default\">\n\t\t\t\t<div class=\"elementor-widget-container\">\n\t\t\t\t\t<h2 class=\"elementor-heading-title elementor-size-default\">Aplicaciones \u00fanicas <\/h2>\t\t\t\t<\/div>\n\t\t\t\t<\/div>\n\t\t\t\t<div class=\"elementor-element elementor-element-6092119 elementor-widget elementor-widget-button\" data-id=\"6092119\" data-element_type=\"widget\" data-widget_type=\"button.default\">\n\t\t\t\t<div class=\"elementor-widget-container\">\n\t\t\t\t\t\t\t\t\t<div class=\"elementor-button-wrapper\">\n\t\t\t\t\t<a class=\"elementor-button elementor-button-link elementor-size-sm\" href=\"https:\/\/eguarditandsoftware.com\/es\/contacto\/\">\n\t\t\t\t\t\t<span class=\"elementor-button-content-wrapper\">\n\t\t\t\t\t\t\t\t\t<span class=\"elementor-button-text\">Cont\u00e1ctenos<\/span>\n\t\t\t\t\t<\/span>\n\t\t\t\t\t<\/a>\n\t\t\t\t<\/div>\n\t\t\t\t\t\t\t\t<\/div>\n\t\t\t\t<\/div>\n\t\t\t\t<\/div>\n\t\t\t\t\t<\/div>\n\t\t\t\t<\/div>\n\t\t\t\t<\/div>","protected":false},"excerpt":{"rendered":"<p>Mobile Application Development EGUARD IT and Software Mobile Application In a world where mobility is key, your presence on mobile devices is essential. Our mobile application development service offers you dynamic and robust options. We provide you with the best solutions to increase customer engagement and allow your business to stand out online. Having mobile [&hellip;]<\/p>","protected":false},"author":2,"featured_media":0,"parent":0,"menu_order":0,"comment_status":"closed","ping_status":"closed","template":"elementor_header_footer","meta":{"footnotes":""},"class_list":["post-190","page","type-page","status-publish","hentry"],"_links":{"self":[{"href":"https:\/\/eguarditandsoftware.com\/es\/wp-json\/wp\/v2\/pages\/190","targetHints":{"allow":["GET"]}}],"collection":[{"href":"https:\/\/eguarditandsoftware.com\/es\/wp-json\/wp\/v2\/pages"}],"about":[{"href":"https:\/\/eguarditandsoftware.com\/es\/wp-json\/wp\/v2\/types\/page"}],"author":[{"embeddable":true,"href":"https:\/\/eguarditandsoftware.com\/es\/wp-json\/wp\/v2\/users\/2"}],"replies":[{"embeddable":true,"href":"https:\/\/eguarditandsoftware.com\/es\/wp-json\/wp\/v2\/comments?post=190"}],"version-history":[{"count":0,"href":"https:\/\/eguarditandsoftware.com\/es\/wp-json\/wp\/v2\/pages\/190\/revisions"}],"wp:attachment":[{"href":"https:\/\/eguarditandsoftware.com\/es\/wp-json\/wp\/v2\/media?parent=190"}],"curies":[{"name":"wp","href":"https:\/\/api.w.org\/{rel}","templated":true}]}}