{"id":197,"date":"2024-01-16T21:46:56","date_gmt":"2024-01-16T21:46:56","guid":{"rendered":"https:\/\/eguarditandsoftware.com\/?page_id=197"},"modified":"2024-01-22T23:59:52","modified_gmt":"2024-01-22T23:59:52","slug":"web-application-development","status":"publish","type":"page","link":"https:\/\/eguarditandsoftware.com\/es\/desarrollo-de-aplicaciones-web\/","title":{"rendered":"Desarrollo de aplicaciones web"},"content":{"rendered":"<div data-elementor-type=\"wp-page\" data-elementor-id=\"197\" class=\"elementor elementor-197\" data-elementor-post-type=\"page\">\n\t\t\t\t<div class=\"elementor-element elementor-element-2d475be e-flex e-con-boxed e-con e-parent\" data-id=\"2d475be\" data-element_type=\"container\" data-settings=\"{&quot;background_background&quot;:&quot;classic&quot;}\">\n\t\t\t\t\t<div class=\"e-con-inner\">\n\t\t\t\t<div class=\"elementor-element elementor-element-70ea0b0 elementor-widget elementor-widget-heading\" data-id=\"70ea0b0\" data-element_type=\"widget\" data-widget_type=\"heading.default\">\n\t\t\t\t<div class=\"elementor-widget-container\">\n\t\t\t\t\t<h1 class=\"elementor-heading-title elementor-size-default\">Desarrollo de aplicaciones web<\/h1>\t\t\t\t<\/div>\n\t\t\t\t<\/div>\n\t\t\t\t\t<\/div>\n\t\t\t\t<\/div>\n\t\t<div class=\"elementor-element elementor-element-73b87cc e-flex e-con-boxed e-con e-parent\" data-id=\"73b87cc\" data-element_type=\"container\">\n\t\t\t\t\t<div class=\"e-con-inner\">\n\t\t<div class=\"elementor-element elementor-element-888d2f3 e-con-full e-flex e-con e-child\" data-id=\"888d2f3\" data-element_type=\"container\">\n\t\t\t\t<div class=\"elementor-element elementor-element-30d296f elementor-widget elementor-widget-heading\" data-id=\"30d296f\" data-element_type=\"widget\" data-widget_type=\"heading.default\">\n\t\t\t\t<div class=\"elementor-widget-container\">\n\t\t\t\t\t<div class=\"elementor-heading-title elementor-size-default\">EGUARD IT and Software<\/div>\t\t\t\t<\/div>\n\t\t\t\t<\/div>\n\t\t\t\t<div class=\"elementor-element elementor-element-cea3315 animated-slow elementor-invisible elementor-widget elementor-widget-heading\" data-id=\"cea3315\" data-element_type=\"widget\" data-settings=\"{&quot;_animation&quot;:&quot;fadeInUp&quot;}\" data-widget_type=\"heading.default\">\n\t\t\t\t<div class=\"elementor-widget-container\">\n\t\t\t\t\t<h2 class=\"elementor-heading-title elementor-size-default\">Aplicaciones Web<\/h2>\t\t\t\t<\/div>\n\t\t\t\t<\/div>\n\t\t\t\t<div class=\"elementor-element elementor-element-577998e elementor-widget elementor-widget-text-editor\" data-id=\"577998e\" data-element_type=\"widget\" data-widget_type=\"text-editor.default\">\n\t\t\t\t<div class=\"elementor-widget-container\">\n\t\t\t\t\t\t\t\t\t<p>Las aplicaciones web, o web apps, desempe\u00f1an un papel fundamental al proporcionar experiencias din\u00e1micas e interactivas para los usuarios en diversos dispositivos. A trav\u00e9s de aplicaciones web bien desarrolladas, es m\u00e1s f\u00e1cil acercarse un paso m\u00e1s a sus objetivos comerciales.<\/p><p>Adicionalmente, entendemos que una talla \u00fanica no sirve para todos. Es por ello que nuestro servicio posee un enfoque en el desarrollo de aplicaciones web se adapta a tus requisitos comerciales \u00fanicos, asegurando una soluci\u00f3n personalizada que se integra perfectamente con tus negocio<\/p>\t\t\t\t\t\t\t\t<\/div>\n\t\t\t\t<\/div>\n\t\t\t\t<\/div>\n\t\t<div class=\"elementor-element elementor-element-3f26d34 e-con-full animated-slow e-flex elementor-invisible e-con e-child\" data-id=\"3f26d34\" data-element_type=\"container\" data-settings=\"{&quot;animation&quot;:&quot;fadeInRight&quot;}\">\n\t\t\t\t<div class=\"elementor-element elementor-element-2473f69 elementor-widget elementor-widget-image\" data-id=\"2473f69\" data-element_type=\"widget\" data-widget_type=\"image.default\">\n\t\t\t\t<div class=\"elementor-widget-container\">\n\t\t\t\t\t\t\t\t\t\t\t\t\t\t\t<img fetchpriority=\"high\" decoding=\"async\" width=\"800\" height=\"534\" src=\"https:\/\/eguarditandsoftware.com\/wp-content\/uploads\/2024\/01\/shutterstock_1660725331.jpg\" class=\"attachment-large size-large wp-image-526\" alt=\"\" srcset=\"https:\/\/eguarditandsoftware.com\/wp-content\/uploads\/2024\/01\/shutterstock_1660725331.jpg 1000w, https:\/\/eguarditandsoftware.com\/wp-content\/uploads\/2024\/01\/shutterstock_1660725331-300x200.jpg 300w, https:\/\/eguarditandsoftware.com\/wp-content\/uploads\/2024\/01\/shutterstock_1660725331-768x512.jpg 768w, https:\/\/eguarditandsoftware.com\/wp-content\/uploads\/2024\/01\/shutterstock_1660725331-18x12.jpg 18w\" sizes=\"(max-width: 800px) 100vw, 800px\" \/>\t\t\t\t\t\t\t\t\t\t\t\t\t\t\t<\/div>\n\t\t\t\t<\/div>\n\t\t\t\t<\/div>\n\t\t\t\t\t<\/div>\n\t\t\t\t<\/div>\n\t\t<div class=\"elementor-element elementor-element-e35c438 e-flex e-con-boxed e-con e-parent\" data-id=\"e35c438\" data-element_type=\"container\" data-settings=\"{&quot;background_background&quot;:&quot;classic&quot;}\">\n\t\t\t\t\t<div class=\"e-con-inner\">\n\t\t<div class=\"elementor-element elementor-element-2c64ff9 e-con-full animated-slow e-flex elementor-invisible e-con e-child\" data-id=\"2c64ff9\" data-element_type=\"container\" data-settings=\"{&quot;animation&quot;:&quot;fadeInLeft&quot;,&quot;background_background&quot;:&quot;classic&quot;}\">\n\t\t\t\t<div class=\"elementor-element elementor-element-4b150f0 elementor-widget elementor-widget-text-editor\" data-id=\"4b150f0\" data-element_type=\"widget\" data-widget_type=\"text-editor.default\">\n\t\t\t\t<div class=\"elementor-widget-container\">\n\t\t\t\t\t\t\t\t\t<p><em><strong>Nuestro proceso de desarrollo de aplicaciones web:<\/strong><\/em><\/p><p>1.\tConsulta<br \/>2.\tDise\u00f1o y Planificaci\u00f3n<br \/>3.\tDesarrollo<br \/>4.\tPruebas<br \/>5.\tImplementaci\u00f3n<\/p><p>La experiencia del usuario es muy importante y se encuentra en el centro de nuestro proceso de desarrollo. Dise\u00f1amos interfaces intuitivas y recorridos de usuario atractivos para mejorar la experiencia global de los visitantes de tu sitio web.<\/p><p>Te ofrecemos soluciones de aplicaciones web que se adaptan y escalan a sus desaf\u00edos comerciales en constante evoluci\u00f3n.<\/p>\t\t\t\t\t\t\t\t<\/div>\n\t\t\t\t<\/div>\n\t\t\t\t<\/div>\n\t\t<div class=\"elementor-element elementor-element-178b40e e-con-full e-flex e-con e-child\" data-id=\"178b40e\" data-element_type=\"container\">\n\t\t\t\t<div class=\"elementor-element elementor-element-83d1c3e elementor-widget elementor-widget-heading\" data-id=\"83d1c3e\" data-element_type=\"widget\" data-widget_type=\"heading.default\">\n\t\t\t\t<div class=\"elementor-widget-container\">\n\t\t\t\t\t<div class=\"elementor-heading-title elementor-size-default\">EGUARD IT and Software<\/div>\t\t\t\t<\/div>\n\t\t\t\t<\/div>\n\t\t\t\t<div class=\"elementor-element elementor-element-eb9ee37 animated-slow elementor-invisible elementor-widget elementor-widget-heading\" data-id=\"eb9ee37\" data-element_type=\"widget\" data-settings=\"{&quot;_animation&quot;:&quot;fadeInUp&quot;}\" data-widget_type=\"heading.default\">\n\t\t\t\t<div class=\"elementor-widget-container\">\n\t\t\t\t\t<h2 class=\"elementor-heading-title elementor-size-default\">Experiencia<\/h2>\t\t\t\t<\/div>\n\t\t\t\t<\/div>\n\t\t\t\t<div class=\"elementor-element elementor-element-57e757f elementor-widget elementor-widget-button\" data-id=\"57e757f\" data-element_type=\"widget\" data-widget_type=\"button.default\">\n\t\t\t\t<div class=\"elementor-widget-container\">\n\t\t\t\t\t\t\t\t\t<div class=\"elementor-button-wrapper\">\n\t\t\t\t\t<a class=\"elementor-button elementor-button-link elementor-size-sm\" href=\"https:\/\/eguarditandsoftware.com\/es\/contacto\/\">\n\t\t\t\t\t\t<span class=\"elementor-button-content-wrapper\">\n\t\t\t\t\t\t\t\t\t<span class=\"elementor-button-text\">Cont\u00e1ctenos<\/span>\n\t\t\t\t\t<\/span>\n\t\t\t\t\t<\/a>\n\t\t\t\t<\/div>\n\t\t\t\t\t\t\t\t<\/div>\n\t\t\t\t<\/div>\n\t\t\t\t<\/div>\n\t\t\t\t\t<\/div>\n\t\t\t\t<\/div>\n\t\t\t\t<\/div>","protected":false},"excerpt":{"rendered":"<p>Web Application Development EGUARD IT and Software Web applications Web applications, or web apps, play a fundamental role in providing dynamic and interactive experiences for users on various devices. Through well-developed web applications, it is easier to get one step closer to your business goals. Additionally, we understand that one size does not fit all. [&hellip;]<\/p>","protected":false},"author":2,"featured_media":0,"parent":0,"menu_order":0,"comment_status":"closed","ping_status":"closed","template":"elementor_header_footer","meta":{"footnotes":""},"class_list":["post-197","page","type-page","status-publish","hentry"],"_links":{"self":[{"href":"https:\/\/eguarditandsoftware.com\/es\/wp-json\/wp\/v2\/pages\/197","targetHints":{"allow":["GET"]}}],"collection":[{"href":"https:\/\/eguarditandsoftware.com\/es\/wp-json\/wp\/v2\/pages"}],"about":[{"href":"https:\/\/eguarditandsoftware.com\/es\/wp-json\/wp\/v2\/types\/page"}],"author":[{"embeddable":true,"href":"https:\/\/eguarditandsoftware.com\/es\/wp-json\/wp\/v2\/users\/2"}],"replies":[{"embeddable":true,"href":"https:\/\/eguarditandsoftware.com\/es\/wp-json\/wp\/v2\/comments?post=197"}],"version-history":[{"count":0,"href":"https:\/\/eguarditandsoftware.com\/es\/wp-json\/wp\/v2\/pages\/197\/revisions"}],"wp:attachment":[{"href":"https:\/\/eguarditandsoftware.com\/es\/wp-json\/wp\/v2\/media?parent=197"}],"curies":[{"name":"wp","href":"https:\/\/api.w.org\/{rel}","templated":true}]}}