{"id":204,"date":"2024-01-16T21:48:02","date_gmt":"2024-01-16T21:48:02","guid":{"rendered":"https:\/\/eguarditandsoftware.com\/?page_id=204"},"modified":"2024-01-22T22:48:01","modified_gmt":"2024-01-22T22:48:01","slug":"business-software-development","status":"publish","type":"page","link":"https:\/\/eguarditandsoftware.com\/es\/desarrollo-de-software-empresarial\/","title":{"rendered":"Desarrollo de software empresarial"},"content":{"rendered":"<div data-elementor-type=\"wp-page\" data-elementor-id=\"204\" class=\"elementor elementor-204\" data-elementor-post-type=\"page\">\n\t\t\t\t<div class=\"elementor-element elementor-element-1dc5f5e e-flex e-con-boxed e-con e-parent\" data-id=\"1dc5f5e\" data-element_type=\"container\" data-settings=\"{&quot;background_background&quot;:&quot;classic&quot;}\">\n\t\t\t\t\t<div class=\"e-con-inner\">\n\t\t\t\t<div class=\"elementor-element elementor-element-8baf4d5 elementor-widget elementor-widget-heading\" data-id=\"8baf4d5\" data-element_type=\"widget\" data-widget_type=\"heading.default\">\n\t\t\t\t<div class=\"elementor-widget-container\">\n\t\t\t\t\t<h1 class=\"elementor-heading-title elementor-size-default\">Desarrollo de software empresarial<\/h1>\t\t\t\t<\/div>\n\t\t\t\t<\/div>\n\t\t\t\t\t<\/div>\n\t\t\t\t<\/div>\n\t\t<div class=\"elementor-element elementor-element-8b5fa46 e-flex e-con-boxed e-con e-parent\" data-id=\"8b5fa46\" data-element_type=\"container\">\n\t\t\t\t\t<div class=\"e-con-inner\">\n\t\t<div class=\"elementor-element elementor-element-c23944f e-con-full e-flex e-con e-child\" data-id=\"c23944f\" data-element_type=\"container\">\n\t\t\t\t<div class=\"elementor-element elementor-element-d61f4b8 elementor-widget elementor-widget-heading\" data-id=\"d61f4b8\" data-element_type=\"widget\" data-widget_type=\"heading.default\">\n\t\t\t\t<div class=\"elementor-widget-container\">\n\t\t\t\t\t<div class=\"elementor-heading-title elementor-size-default\">EGUARD IT and Software<\/div>\t\t\t\t<\/div>\n\t\t\t\t<\/div>\n\t\t\t\t<div class=\"elementor-element elementor-element-cde831c animated-slow elementor-invisible elementor-widget elementor-widget-heading\" data-id=\"cde831c\" data-element_type=\"widget\" data-settings=\"{&quot;_animation&quot;:&quot;fadeInUp&quot;}\" data-widget_type=\"heading.default\">\n\t\t\t\t<div class=\"elementor-widget-container\">\n\t\t\t\t\t<h2 class=\"elementor-heading-title elementor-size-default\">Negocios especializados <\/h2>\t\t\t\t<\/div>\n\t\t\t\t<\/div>\n\t\t\t\t<div class=\"elementor-element elementor-element-a602f50 elementor-widget elementor-widget-text-editor\" data-id=\"a602f50\" data-element_type=\"widget\" data-widget_type=\"text-editor.default\">\n\t\t\t\t<div class=\"elementor-widget-container\">\n\t\t\t\t\t\t\t\t\t<p>En nuestro servicio especializado de Desarrollo de software empresarial, nos sumergimos en la esencia de tu negocio para crear soluciones personalizadas que impulsen la eficiencia, la productividad y el crecimiento. Abordamos las particularidades de tu empresa para que este se adapte a tus requisitos espec\u00edficos, asegurando una soluci\u00f3n que se alinea perfectamente con tus procesos y objetivos comerciales.<\/p><p>Nos centramos en mejorar la eficiencia operativa y aumentar la productividad. Es por eso que permitimos y ayudamos a las empresas remodelen los flujos de trabajo para que sean m\u00e1s \u00e1giles, eficientes y rentables. Adem\u00e1s, nuestras soluciones est\u00e1n dise\u00f1adas para ser escalables, permitiendo que el software crezca y se adapte a medida que tu empresa se expande.<\/p>\t\t\t\t\t\t\t\t<\/div>\n\t\t\t\t<\/div>\n\t\t\t\t<\/div>\n\t\t<div class=\"elementor-element elementor-element-2965dc8 e-con-full animated-slow e-flex elementor-invisible e-con e-child\" data-id=\"2965dc8\" data-element_type=\"container\" data-settings=\"{&quot;animation&quot;:&quot;fadeInRight&quot;}\">\n\t\t\t\t<div class=\"elementor-element elementor-element-503781b elementor-widget elementor-widget-image\" data-id=\"503781b\" data-element_type=\"widget\" data-widget_type=\"image.default\">\n\t\t\t\t<div class=\"elementor-widget-container\">\n\t\t\t\t\t\t\t\t\t\t\t\t\t\t\t<img fetchpriority=\"high\" decoding=\"async\" width=\"800\" height=\"534\" src=\"https:\/\/eguarditandsoftware.com\/wp-content\/uploads\/2024\/01\/shutterstock_1592085364.jpg\" class=\"attachment-large size-large wp-image-559\" alt=\"\" srcset=\"https:\/\/eguarditandsoftware.com\/wp-content\/uploads\/2024\/01\/shutterstock_1592085364.jpg 1000w, https:\/\/eguarditandsoftware.com\/wp-content\/uploads\/2024\/01\/shutterstock_1592085364-300x200.jpg 300w, https:\/\/eguarditandsoftware.com\/wp-content\/uploads\/2024\/01\/shutterstock_1592085364-768x512.jpg 768w, https:\/\/eguarditandsoftware.com\/wp-content\/uploads\/2024\/01\/shutterstock_1592085364-18x12.jpg 18w\" sizes=\"(max-width: 800px) 100vw, 800px\" \/>\t\t\t\t\t\t\t\t\t\t\t\t\t\t\t<\/div>\n\t\t\t\t<\/div>\n\t\t\t\t<\/div>\n\t\t\t\t\t<\/div>\n\t\t\t\t<\/div>\n\t\t<div class=\"elementor-element elementor-element-699d108 e-flex e-con-boxed e-con e-parent\" data-id=\"699d108\" data-element_type=\"container\" data-settings=\"{&quot;background_background&quot;:&quot;classic&quot;}\">\n\t\t\t\t\t<div class=\"e-con-inner\">\n\t\t<div class=\"elementor-element elementor-element-44034aa e-con-full animated-slow e-flex elementor-invisible e-con e-child\" data-id=\"44034aa\" data-element_type=\"container\" data-settings=\"{&quot;animation&quot;:&quot;fadeInLeft&quot;,&quot;background_background&quot;:&quot;classic&quot;}\">\n\t\t\t\t<div class=\"elementor-element elementor-element-d62c0ff elementor-widget elementor-widget-text-editor\" data-id=\"d62c0ff\" data-element_type=\"widget\" data-widget_type=\"text-editor.default\">\n\t\t\t\t<div class=\"elementor-widget-container\">\n\t\t\t\t\t\t\t\t\t<p><em><strong>Nuestro proceso en acci\u00f3n:<\/strong><\/em><\/p><p>1.\tConsulta y An\u00e1lisis<br \/>2.\tDise\u00f1o Personalizado<br \/>3.\tDesarrollo Iterativo<br \/>4.\tPruebas Rigurosas<br \/>5.\tImplementaci\u00f3n y Soporte<\/p><p>Nos mantenemos actualizados con las \u00faltimas tendencias tecnol\u00f3gicas para integrar innovaciones que impulsen la eficiencia y el rendimiento de tu empresa. Estamos listos para potenciar el \u00e9xito de tu empresa a trav\u00e9s de soluciones de software empresarial inteligentes y a la medida.<\/p>\t\t\t\t\t\t\t\t<\/div>\n\t\t\t\t<\/div>\n\t\t\t\t<\/div>\n\t\t<div class=\"elementor-element elementor-element-6756f1e e-con-full e-flex e-con e-child\" data-id=\"6756f1e\" data-element_type=\"container\">\n\t\t\t\t<div class=\"elementor-element elementor-element-1d434fd elementor-widget elementor-widget-heading\" data-id=\"1d434fd\" data-element_type=\"widget\" data-widget_type=\"heading.default\">\n\t\t\t\t<div class=\"elementor-widget-container\">\n\t\t\t\t\t<div class=\"elementor-heading-title elementor-size-default\">EGUARD IT and Software<\/div>\t\t\t\t<\/div>\n\t\t\t\t<\/div>\n\t\t\t\t<div class=\"elementor-element elementor-element-6bf3032 animated-slow elementor-invisible elementor-widget elementor-widget-heading\" data-id=\"6bf3032\" data-element_type=\"widget\" data-settings=\"{&quot;_animation&quot;:&quot;fadeInUp&quot;}\" data-widget_type=\"heading.default\">\n\t\t\t\t<div class=\"elementor-widget-container\">\n\t\t\t\t\t<h2 class=\"elementor-heading-title elementor-size-default\">Innovaciones<\/h2>\t\t\t\t<\/div>\n\t\t\t\t<\/div>\n\t\t\t\t<div class=\"elementor-element elementor-element-6785b92 elementor-widget elementor-widget-button\" data-id=\"6785b92\" data-element_type=\"widget\" data-widget_type=\"button.default\">\n\t\t\t\t<div class=\"elementor-widget-container\">\n\t\t\t\t\t\t\t\t\t<div class=\"elementor-button-wrapper\">\n\t\t\t\t\t<a class=\"elementor-button elementor-button-link elementor-size-sm\" href=\"https:\/\/eguarditandsoftware.com\/es\/contacto\/\">\n\t\t\t\t\t\t<span class=\"elementor-button-content-wrapper\">\n\t\t\t\t\t\t\t\t\t<span class=\"elementor-button-text\">Cont\u00e1ctenos<\/span>\n\t\t\t\t\t<\/span>\n\t\t\t\t\t<\/a>\n\t\t\t\t<\/div>\n\t\t\t\t\t\t\t\t<\/div>\n\t\t\t\t<\/div>\n\t\t\t\t<\/div>\n\t\t\t\t\t<\/div>\n\t\t\t\t<\/div>\n\t\t\t\t<\/div>","protected":false},"excerpt":{"rendered":"<p>Business Software Development EGUARD IT and Software Specialized Business In our specialized Business Software Development service, we dive into the essence of your business to create customized solutions that drive efficiency, productivity, and growth. We address the particularities of your company so that it adapts to your specific requirements, ensuring a solution that perfectly aligns [&hellip;]<\/p>","protected":false},"author":2,"featured_media":0,"parent":0,"menu_order":0,"comment_status":"closed","ping_status":"closed","template":"elementor_header_footer","meta":{"footnotes":""},"class_list":["post-204","page","type-page","status-publish","hentry"],"_links":{"self":[{"href":"https:\/\/eguarditandsoftware.com\/es\/wp-json\/wp\/v2\/pages\/204","targetHints":{"allow":["GET"]}}],"collection":[{"href":"https:\/\/eguarditandsoftware.com\/es\/wp-json\/wp\/v2\/pages"}],"about":[{"href":"https:\/\/eguarditandsoftware.com\/es\/wp-json\/wp\/v2\/types\/page"}],"author":[{"embeddable":true,"href":"https:\/\/eguarditandsoftware.com\/es\/wp-json\/wp\/v2\/users\/2"}],"replies":[{"embeddable":true,"href":"https:\/\/eguarditandsoftware.com\/es\/wp-json\/wp\/v2\/comments?post=204"}],"version-history":[{"count":0,"href":"https:\/\/eguarditandsoftware.com\/es\/wp-json\/wp\/v2\/pages\/204\/revisions"}],"wp:attachment":[{"href":"https:\/\/eguarditandsoftware.com\/es\/wp-json\/wp\/v2\/media?parent=204"}],"curies":[{"name":"wp","href":"https:\/\/api.w.org\/{rel}","templated":true}]}}