{"id":211,"date":"2024-01-16T21:49:17","date_gmt":"2024-01-16T21:49:17","guid":{"rendered":"https:\/\/eguarditandsoftware.com\/?page_id=211"},"modified":"2024-01-22T22:51:28","modified_gmt":"2024-01-22T22:51:28","slug":"ui-ux-design","status":"publish","type":"page","link":"https:\/\/eguarditandsoftware.com\/es\/ui-ux-diseno\/","title":{"rendered":"Dise\u00f1o UI\/UX"},"content":{"rendered":"<div data-elementor-type=\"wp-page\" data-elementor-id=\"211\" class=\"elementor elementor-211\" data-elementor-post-type=\"page\">\n\t\t\t\t<div class=\"elementor-element elementor-element-37f36ce e-flex e-con-boxed e-con e-parent\" data-id=\"37f36ce\" data-element_type=\"container\" data-settings=\"{&quot;background_background&quot;:&quot;classic&quot;}\">\n\t\t\t\t\t<div class=\"e-con-inner\">\n\t\t\t\t<div class=\"elementor-element elementor-element-aa85b25 elementor-widget elementor-widget-heading\" data-id=\"aa85b25\" data-element_type=\"widget\" data-widget_type=\"heading.default\">\n\t\t\t\t<div class=\"elementor-widget-container\">\n\t\t\t\t\t<h1 class=\"elementor-heading-title elementor-size-default\">Dise\u00f1o UI\/UX<\/h1>\t\t\t\t<\/div>\n\t\t\t\t<\/div>\n\t\t\t\t\t<\/div>\n\t\t\t\t<\/div>\n\t\t<div class=\"elementor-element elementor-element-4204f4c e-flex e-con-boxed e-con e-parent\" data-id=\"4204f4c\" data-element_type=\"container\">\n\t\t\t\t\t<div class=\"e-con-inner\">\n\t\t<div class=\"elementor-element elementor-element-d206a43 e-con-full e-flex e-con e-child\" data-id=\"d206a43\" data-element_type=\"container\">\n\t\t\t\t<div class=\"elementor-element elementor-element-2f60c2b elementor-widget elementor-widget-heading\" data-id=\"2f60c2b\" data-element_type=\"widget\" data-widget_type=\"heading.default\">\n\t\t\t\t<div class=\"elementor-widget-container\">\n\t\t\t\t\t<div class=\"elementor-heading-title elementor-size-default\">EGUARD IT and Software<\/div>\t\t\t\t<\/div>\n\t\t\t\t<\/div>\n\t\t\t\t<div class=\"elementor-element elementor-element-89a578e animated-slow elementor-invisible elementor-widget elementor-widget-heading\" data-id=\"89a578e\" data-element_type=\"widget\" data-settings=\"{&quot;_animation&quot;:&quot;fadeInUp&quot;}\" data-widget_type=\"heading.default\">\n\t\t\t\t<div class=\"elementor-widget-container\">\n\t\t\t\t\t<h2 class=\"elementor-heading-title elementor-size-default\">UI\/UX <\/h2>\t\t\t\t<\/div>\n\t\t\t\t<\/div>\n\t\t\t\t<div class=\"elementor-element elementor-element-5de257f elementor-widget elementor-widget-text-editor\" data-id=\"5de257f\" data-element_type=\"widget\" data-widget_type=\"text-editor.default\">\n\t\t\t\t<div class=\"elementor-widget-container\">\n\t\t\t\t\t\t\t\t\t<p>Nuestro servicio de Dise\u00f1o UI\/UX fue creado con la intenci\u00f3n de ir m\u00e1s all\u00e1 de lo est\u00e9tico. Es por ello que priorizamos la creaci\u00f3n de experiencias de usuario intuitivas y emocionantes que conecten con tu negocio.<\/p><p>Nuestros dise\u00f1os est\u00e1n pensados para funcionar perfectamente en diversos dispositivos y tama\u00f1os de pantalla, brindando coherencia en toda la experiencia del usuario. Contamos con un equipo experimentado en dise\u00f1o UI\/UX que se mantiene a la vanguardia de las \u00faltimas tendencias y tecnolog\u00edas de dise\u00f1o para ofrecer soluciones frescas y modernas.<\/p>\t\t\t\t\t\t\t\t<\/div>\n\t\t\t\t<\/div>\n\t\t\t\t<\/div>\n\t\t<div class=\"elementor-element elementor-element-47419b2 e-con-full animated-slow e-flex elementor-invisible e-con e-child\" data-id=\"47419b2\" data-element_type=\"container\" data-settings=\"{&quot;animation&quot;:&quot;fadeInRight&quot;}\">\n\t\t\t\t<div class=\"elementor-element elementor-element-f8f0ebc elementor-widget elementor-widget-image\" data-id=\"f8f0ebc\" data-element_type=\"widget\" data-widget_type=\"image.default\">\n\t\t\t\t<div class=\"elementor-widget-container\">\n\t\t\t\t\t\t\t\t\t\t\t\t\t\t\t<img fetchpriority=\"high\" decoding=\"async\" width=\"800\" height=\"534\" src=\"https:\/\/eguarditandsoftware.com\/wp-content\/uploads\/2024\/01\/shutterstock_2290863085.jpg\" class=\"attachment-large size-large wp-image-586\" alt=\"\" srcset=\"https:\/\/eguarditandsoftware.com\/wp-content\/uploads\/2024\/01\/shutterstock_2290863085.jpg 1000w, https:\/\/eguarditandsoftware.com\/wp-content\/uploads\/2024\/01\/shutterstock_2290863085-300x200.jpg 300w, https:\/\/eguarditandsoftware.com\/wp-content\/uploads\/2024\/01\/shutterstock_2290863085-768x512.jpg 768w, https:\/\/eguarditandsoftware.com\/wp-content\/uploads\/2024\/01\/shutterstock_2290863085-18x12.jpg 18w\" sizes=\"(max-width: 800px) 100vw, 800px\" \/>\t\t\t\t\t\t\t\t\t\t\t\t\t\t\t<\/div>\n\t\t\t\t<\/div>\n\t\t\t\t<\/div>\n\t\t\t\t\t<\/div>\n\t\t\t\t<\/div>\n\t\t<div class=\"elementor-element elementor-element-0ca3a1b e-flex e-con-boxed e-con e-parent\" data-id=\"0ca3a1b\" data-element_type=\"container\" data-settings=\"{&quot;background_background&quot;:&quot;classic&quot;}\">\n\t\t\t\t\t<div class=\"e-con-inner\">\n\t\t<div class=\"elementor-element elementor-element-8e599d5 e-con-full animated-slow e-flex elementor-invisible e-con e-child\" data-id=\"8e599d5\" data-element_type=\"container\" data-settings=\"{&quot;animation&quot;:&quot;fadeInLeft&quot;,&quot;background_background&quot;:&quot;classic&quot;}\">\n\t\t\t\t<div class=\"elementor-element elementor-element-aaf2ee5 elementor-widget elementor-widget-text-editor\" data-id=\"aaf2ee5\" data-element_type=\"widget\" data-widget_type=\"text-editor.default\">\n\t\t\t\t<div class=\"elementor-widget-container\">\n\t\t\t\t\t\t\t\t\t<p><em><strong>Nuestro proceso incluye:<\/strong><\/em><\/p><p>1.\tConsulta y An\u00e1lisis<br \/>2.\tInvestigaci\u00f3n de Usuario<br \/>3.\tDise\u00f1o Iterativo<br \/>4.\tPruebas de Usabilidad<\/p><p>El servicio de dise\u00f1o UI\/UX que te damos va a poner a tu negocio en un nuevo nivel. Con un dise\u00f1o UI\/UX tu empresa puede ofrecer aplicaciones y plataformas atractivas y de \u00faltima generaci\u00f3n que atraer\u00e1n mucho m\u00e1s a tus clientes para impulsar negocios con valor.<\/p><p>Tu satisfacci\u00f3n es nuestra prioridad. Trabajamos en colaboraci\u00f3n contigo para garantizar que cada aspecto del dise\u00f1o cumpla con tus expectativas. Descubre c\u00f3mo nuestro dise\u00f1o UI\/UX puede potenciar tu presencia digital y cautivar a tu audiencia.<\/p>\t\t\t\t\t\t\t\t<\/div>\n\t\t\t\t<\/div>\n\t\t\t\t<\/div>\n\t\t<div class=\"elementor-element elementor-element-1864587 e-con-full e-flex e-con e-child\" data-id=\"1864587\" data-element_type=\"container\">\n\t\t\t\t<div class=\"elementor-element elementor-element-9883993 elementor-widget elementor-widget-heading\" data-id=\"9883993\" data-element_type=\"widget\" data-widget_type=\"heading.default\">\n\t\t\t\t<div class=\"elementor-widget-container\">\n\t\t\t\t\t<div class=\"elementor-heading-title elementor-size-default\">EGUARD IT and Software<\/div>\t\t\t\t<\/div>\n\t\t\t\t<\/div>\n\t\t\t\t<div class=\"elementor-element elementor-element-8a2a1df animated-slow elementor-invisible elementor-widget elementor-widget-heading\" data-id=\"8a2a1df\" data-element_type=\"widget\" data-settings=\"{&quot;_animation&quot;:&quot;fadeInUp&quot;}\" data-widget_type=\"heading.default\">\n\t\t\t\t<div class=\"elementor-widget-container\">\n\t\t\t\t\t<h2 class=\"elementor-heading-title elementor-size-default\">Dise\u00f1o <\/h2>\t\t\t\t<\/div>\n\t\t\t\t<\/div>\n\t\t\t\t<div class=\"elementor-element elementor-element-2e4ff79 elementor-widget elementor-widget-button\" data-id=\"2e4ff79\" data-element_type=\"widget\" data-widget_type=\"button.default\">\n\t\t\t\t<div class=\"elementor-widget-container\">\n\t\t\t\t\t\t\t\t\t<div class=\"elementor-button-wrapper\">\n\t\t\t\t\t<a class=\"elementor-button elementor-button-link elementor-size-sm\" href=\"https:\/\/eguarditandsoftware.com\/es\/contacto\/\">\n\t\t\t\t\t\t<span class=\"elementor-button-content-wrapper\">\n\t\t\t\t\t\t\t\t\t<span class=\"elementor-button-text\">Cont\u00e1ctenos<\/span>\n\t\t\t\t\t<\/span>\n\t\t\t\t\t<\/a>\n\t\t\t\t<\/div>\n\t\t\t\t\t\t\t\t<\/div>\n\t\t\t\t<\/div>\n\t\t\t\t<\/div>\n\t\t\t\t\t<\/div>\n\t\t\t\t<\/div>\n\t\t\t\t<\/div>","protected":false},"excerpt":{"rendered":"<p>UI\/UX Design EGUARD IT and Software UI\/UX Our UI\/UX Design service was created with the intention of going beyond aesthetics. That is why we prioritize creating intuitive and exciting user experiences that connect with your business. Our designs are made to work perfectly on various devices and screen sizes, providing consistency throughout the user experience. [&hellip;]<\/p>","protected":false},"author":2,"featured_media":0,"parent":0,"menu_order":0,"comment_status":"closed","ping_status":"closed","template":"elementor_header_footer","meta":{"footnotes":""},"class_list":["post-211","page","type-page","status-publish","hentry"],"_links":{"self":[{"href":"https:\/\/eguarditandsoftware.com\/es\/wp-json\/wp\/v2\/pages\/211","targetHints":{"allow":["GET"]}}],"collection":[{"href":"https:\/\/eguarditandsoftware.com\/es\/wp-json\/wp\/v2\/pages"}],"about":[{"href":"https:\/\/eguarditandsoftware.com\/es\/wp-json\/wp\/v2\/types\/page"}],"author":[{"embeddable":true,"href":"https:\/\/eguarditandsoftware.com\/es\/wp-json\/wp\/v2\/users\/2"}],"replies":[{"embeddable":true,"href":"https:\/\/eguarditandsoftware.com\/es\/wp-json\/wp\/v2\/comments?post=211"}],"version-history":[{"count":0,"href":"https:\/\/eguarditandsoftware.com\/es\/wp-json\/wp\/v2\/pages\/211\/revisions"}],"wp:attachment":[{"href":"https:\/\/eguarditandsoftware.com\/es\/wp-json\/wp\/v2\/media?parent=211"}],"curies":[{"name":"wp","href":"https:\/\/api.w.org\/{rel}","templated":true}]}}