{"id":218,"date":"2024-01-16T21:50:20","date_gmt":"2024-01-16T21:50:20","guid":{"rendered":"https:\/\/eguarditandsoftware.com\/?page_id=218"},"modified":"2024-01-22T23:54:49","modified_gmt":"2024-01-22T23:54:49","slug":"application-support","status":"publish","type":"page","link":"https:\/\/eguarditandsoftware.com\/es\/soporte-de-aplicaciones\/","title":{"rendered":"Soporte de aplicaciones"},"content":{"rendered":"<div data-elementor-type=\"wp-page\" data-elementor-id=\"218\" class=\"elementor elementor-218\" data-elementor-post-type=\"page\">\n\t\t\t\t<div class=\"elementor-element elementor-element-1e19097 e-flex e-con-boxed e-con e-parent\" data-id=\"1e19097\" data-element_type=\"container\" data-settings=\"{&quot;background_background&quot;:&quot;classic&quot;}\">\n\t\t\t\t\t<div class=\"e-con-inner\">\n\t\t\t\t<div class=\"elementor-element elementor-element-eb5042c elementor-widget elementor-widget-heading\" data-id=\"eb5042c\" data-element_type=\"widget\" data-widget_type=\"heading.default\">\n\t\t\t\t<div class=\"elementor-widget-container\">\n\t\t\t\t\t<h1 class=\"elementor-heading-title elementor-size-default\">Soporte de aplicaciones<\/h1>\t\t\t\t<\/div>\n\t\t\t\t<\/div>\n\t\t\t\t\t<\/div>\n\t\t\t\t<\/div>\n\t\t<div class=\"elementor-element elementor-element-2320f7d e-flex e-con-boxed e-con e-parent\" data-id=\"2320f7d\" data-element_type=\"container\">\n\t\t\t\t\t<div class=\"e-con-inner\">\n\t\t<div class=\"elementor-element elementor-element-f316e1e e-con-full e-flex e-con e-child\" data-id=\"f316e1e\" data-element_type=\"container\">\n\t\t\t\t<div class=\"elementor-element elementor-element-f2a65ba elementor-widget elementor-widget-heading\" data-id=\"f2a65ba\" data-element_type=\"widget\" data-widget_type=\"heading.default\">\n\t\t\t\t<div class=\"elementor-widget-container\">\n\t\t\t\t\t<div class=\"elementor-heading-title elementor-size-default\">EGUARD IT and Software<\/div>\t\t\t\t<\/div>\n\t\t\t\t<\/div>\n\t\t\t\t<div class=\"elementor-element elementor-element-19d4809 animated-slow elementor-invisible elementor-widget elementor-widget-heading\" data-id=\"19d4809\" data-element_type=\"widget\" data-settings=\"{&quot;_animation&quot;:&quot;fadeInUp&quot;}\" data-widget_type=\"heading.default\">\n\t\t\t\t<div class=\"elementor-widget-container\">\n\t\t\t\t\t<h2 class=\"elementor-heading-title elementor-size-default\">Soporte de aplicaciones <\/h2>\t\t\t\t<\/div>\n\t\t\t\t<\/div>\n\t\t\t\t<div class=\"elementor-element elementor-element-8beedc6 elementor-widget elementor-widget-text-editor\" data-id=\"8beedc6\" data-element_type=\"widget\" data-widget_type=\"text-editor.default\">\n\t\t\t\t<div class=\"elementor-widget-container\">\n\t\t\t\t\t\t\t\t\t<p>El Soporte de aplicaciones es crucial para asegurarte de que todo est\u00e1 funcionando bien en el \u00e1rea digital de tu negocio. Es por eso que nuestro servicio est\u00e1 dise\u00f1ado para brindarte tranquilidad al garantizar que tus sistemas funcionen sin problemas, permitiendo que te concentres en lo que haces mejor: hacer crecer tu negocio. Adem\u00e1s, contribuimos a la mejora de la funcionalidad de tu sitio web con nuestra experiencia en soluciones de mantenimiento.<\/p><p>Para cualquier aplicaci\u00f3n o sitio web, el rendimiento se mide por la confiabilidad y la velocidad. Procuramos mantener tus aplicaciones actualizadas con las \u00faltimas versiones y parches de seguridad para garantizar la estabilidad y protecci\u00f3n contra posibles vulnerabilidades. Adem\u00e1s, nos adelantamos a los problemas antes de que afecten tu operaci\u00f3n.<\/p>\t\t\t\t\t\t\t\t<\/div>\n\t\t\t\t<\/div>\n\t\t\t\t<\/div>\n\t\t<div class=\"elementor-element elementor-element-14da750 e-con-full animated-slow e-flex elementor-invisible e-con e-child\" data-id=\"14da750\" data-element_type=\"container\" data-settings=\"{&quot;animation&quot;:&quot;fadeInRight&quot;}\">\n\t\t\t\t<div class=\"elementor-element elementor-element-759715d elementor-widget elementor-widget-image\" data-id=\"759715d\" data-element_type=\"widget\" data-widget_type=\"image.default\">\n\t\t\t\t<div class=\"elementor-widget-container\">\n\t\t\t\t\t\t\t\t\t\t\t\t\t\t\t<img fetchpriority=\"high\" decoding=\"async\" width=\"800\" height=\"450\" src=\"https:\/\/eguarditandsoftware.com\/wp-content\/uploads\/2024\/01\/shutterstock_669226057.jpg\" class=\"attachment-large size-large wp-image-1478\" alt=\"\" srcset=\"https:\/\/eguarditandsoftware.com\/wp-content\/uploads\/2024\/01\/shutterstock_669226057.jpg 1000w, https:\/\/eguarditandsoftware.com\/wp-content\/uploads\/2024\/01\/shutterstock_669226057-300x169.jpg 300w, https:\/\/eguarditandsoftware.com\/wp-content\/uploads\/2024\/01\/shutterstock_669226057-768x432.jpg 768w, https:\/\/eguarditandsoftware.com\/wp-content\/uploads\/2024\/01\/shutterstock_669226057-18x10.jpg 18w\" sizes=\"(max-width: 800px) 100vw, 800px\" \/>\t\t\t\t\t\t\t\t\t\t\t\t\t\t\t<\/div>\n\t\t\t\t<\/div>\n\t\t\t\t<\/div>\n\t\t\t\t\t<\/div>\n\t\t\t\t<\/div>\n\t\t<div class=\"elementor-element elementor-element-b2d56ea e-flex e-con-boxed e-con e-parent\" data-id=\"b2d56ea\" data-element_type=\"container\" data-settings=\"{&quot;background_background&quot;:&quot;classic&quot;}\">\n\t\t\t\t\t<div class=\"e-con-inner\">\n\t\t<div class=\"elementor-element elementor-element-87b90b4 e-con-full animated-slow e-flex elementor-invisible e-con e-child\" data-id=\"87b90b4\" data-element_type=\"container\" data-settings=\"{&quot;animation&quot;:&quot;fadeInLeft&quot;,&quot;background_background&quot;:&quot;classic&quot;}\">\n\t\t\t\t<div class=\"elementor-element elementor-element-d36b7fc elementor-widget elementor-widget-text-editor\" data-id=\"d36b7fc\" data-element_type=\"widget\" data-widget_type=\"text-editor.default\">\n\t\t\t\t<div class=\"elementor-widget-container\">\n\t\t\t\t\t\t\t\t\t<p>Tambi\u00e9n sabemos que inconvenientes se pueden presentar en cualquier momento. Es por ello que damos una resoluci\u00f3n r\u00e1pida de problemas. Esto quiere decir que en caso de problemas, nuestro equipo de soporte responder\u00e1 lo m\u00e1s r\u00e1pido posible para minimizar el tiempo de inactividad y restaurar la funcionalidad de tus aplicaciones con la menor cantidad de riesgo para tu negocio.<\/p><p>Te ofrecemos diferentes tipos de soporte, los cuales incluyen: mantenimiento proactivo, actualizaciones y parches, monitoreo continuo y resoluci\u00f3n r\u00e1pida de problemas. No te estreses con los inconvenientes que se pueden presentar en el mundo digital y d\u00e9jaselo a nuestro equipo.<\/p>\t\t\t\t\t\t\t\t<\/div>\n\t\t\t\t<\/div>\n\t\t\t\t<\/div>\n\t\t<div class=\"elementor-element elementor-element-5e4f8a1 e-con-full e-flex e-con e-child\" data-id=\"5e4f8a1\" data-element_type=\"container\">\n\t\t\t\t<div class=\"elementor-element elementor-element-307f316 elementor-widget elementor-widget-heading\" data-id=\"307f316\" data-element_type=\"widget\" data-widget_type=\"heading.default\">\n\t\t\t\t<div class=\"elementor-widget-container\">\n\t\t\t\t\t<div class=\"elementor-heading-title elementor-size-default\">EGUARD IT and Software<\/div>\t\t\t\t<\/div>\n\t\t\t\t<\/div>\n\t\t\t\t<div class=\"elementor-element elementor-element-60dd463 animated-slow elementor-invisible elementor-widget elementor-widget-heading\" data-id=\"60dd463\" data-element_type=\"widget\" data-settings=\"{&quot;_animation&quot;:&quot;fadeInUp&quot;}\" data-widget_type=\"heading.default\">\n\t\t\t\t<div class=\"elementor-widget-container\">\n\t\t\t\t\t<h2 class=\"elementor-heading-title elementor-size-default\">Dise\u00f1o para la tranquilidad <\/h2>\t\t\t\t<\/div>\n\t\t\t\t<\/div>\n\t\t\t\t<div class=\"elementor-element elementor-element-d34a572 elementor-widget elementor-widget-button\" data-id=\"d34a572\" data-element_type=\"widget\" data-widget_type=\"button.default\">\n\t\t\t\t<div class=\"elementor-widget-container\">\n\t\t\t\t\t\t\t\t\t<div class=\"elementor-button-wrapper\">\n\t\t\t\t\t<a class=\"elementor-button elementor-button-link elementor-size-sm\" href=\"https:\/\/eguarditandsoftware.com\/es\/contacto\/\">\n\t\t\t\t\t\t<span class=\"elementor-button-content-wrapper\">\n\t\t\t\t\t\t\t\t\t<span class=\"elementor-button-text\">Cont\u00e1ctenos<\/span>\n\t\t\t\t\t<\/span>\n\t\t\t\t\t<\/a>\n\t\t\t\t<\/div>\n\t\t\t\t\t\t\t\t<\/div>\n\t\t\t\t<\/div>\n\t\t\t\t<\/div>\n\t\t\t\t\t<\/div>\n\t\t\t\t<\/div>\n\t\t\t\t<\/div>","protected":false},"excerpt":{"rendered":"<p>Application Support EGUARD IT and Software Application Support Application Support is crucial to making sure everything is running smoothly in the digital side of your business. That&#8217;s why our service is designed to give you peace of mind by ensuring your systems run smoothly, allowing you to focus on what you do best: growing your [&hellip;]<\/p>","protected":false},"author":2,"featured_media":0,"parent":0,"menu_order":0,"comment_status":"closed","ping_status":"closed","template":"elementor_header_footer","meta":{"footnotes":""},"class_list":["post-218","page","type-page","status-publish","hentry"],"_links":{"self":[{"href":"https:\/\/eguarditandsoftware.com\/es\/wp-json\/wp\/v2\/pages\/218","targetHints":{"allow":["GET"]}}],"collection":[{"href":"https:\/\/eguarditandsoftware.com\/es\/wp-json\/wp\/v2\/pages"}],"about":[{"href":"https:\/\/eguarditandsoftware.com\/es\/wp-json\/wp\/v2\/types\/page"}],"author":[{"embeddable":true,"href":"https:\/\/eguarditandsoftware.com\/es\/wp-json\/wp\/v2\/users\/2"}],"replies":[{"embeddable":true,"href":"https:\/\/eguarditandsoftware.com\/es\/wp-json\/wp\/v2\/comments?post=218"}],"version-history":[{"count":0,"href":"https:\/\/eguarditandsoftware.com\/es\/wp-json\/wp\/v2\/pages\/218\/revisions"}],"wp:attachment":[{"href":"https:\/\/eguarditandsoftware.com\/es\/wp-json\/wp\/v2\/media?parent=218"}],"curies":[{"name":"wp","href":"https:\/\/api.w.org\/{rel}","templated":true}]}}