{"id":225,"date":"2024-01-16T21:51:27","date_gmt":"2024-01-16T21:51:27","guid":{"rendered":"https:\/\/eguarditandsoftware.com\/?page_id=225"},"modified":"2024-01-23T00:01:25","modified_gmt":"2024-01-23T00:01:25","slug":"infrastructure-maintenance","status":"publish","type":"page","link":"https:\/\/eguarditandsoftware.com\/es\/infraestructura-mantenimiento\/","title":{"rendered":"Mantenimiento de infraestructura"},"content":{"rendered":"<div data-elementor-type=\"wp-page\" data-elementor-id=\"225\" class=\"elementor elementor-225\" data-elementor-post-type=\"page\">\n\t\t\t\t<div class=\"elementor-element elementor-element-bc4fa6f e-flex e-con-boxed e-con e-parent\" data-id=\"bc4fa6f\" data-element_type=\"container\" data-settings=\"{&quot;background_background&quot;:&quot;classic&quot;}\">\n\t\t\t\t\t<div class=\"e-con-inner\">\n\t\t\t\t<div class=\"elementor-element elementor-element-06c6683 elementor-widget elementor-widget-heading\" data-id=\"06c6683\" data-element_type=\"widget\" data-widget_type=\"heading.default\">\n\t\t\t\t<div class=\"elementor-widget-container\">\n\t\t\t\t\t<h1 class=\"elementor-heading-title elementor-size-default\">Mantenimiento de infraestructura<\/h1>\t\t\t\t<\/div>\n\t\t\t\t<\/div>\n\t\t\t\t\t<\/div>\n\t\t\t\t<\/div>\n\t\t<div class=\"elementor-element elementor-element-5c696f7 e-flex e-con-boxed e-con e-parent\" data-id=\"5c696f7\" data-element_type=\"container\">\n\t\t\t\t\t<div class=\"e-con-inner\">\n\t\t<div class=\"elementor-element elementor-element-14c09d5 e-con-full e-flex e-con e-child\" data-id=\"14c09d5\" data-element_type=\"container\">\n\t\t\t\t<div class=\"elementor-element elementor-element-f46e7f2 elementor-widget elementor-widget-heading\" data-id=\"f46e7f2\" data-element_type=\"widget\" data-widget_type=\"heading.default\">\n\t\t\t\t<div class=\"elementor-widget-container\">\n\t\t\t\t\t<div class=\"elementor-heading-title elementor-size-default\">EGUARD IT and Software<\/div>\t\t\t\t<\/div>\n\t\t\t\t<\/div>\n\t\t\t\t<div class=\"elementor-element elementor-element-75a5d0e animated-slow elementor-invisible elementor-widget elementor-widget-heading\" data-id=\"75a5d0e\" data-element_type=\"widget\" data-settings=\"{&quot;_animation&quot;:&quot;fadeInUp&quot;}\" data-widget_type=\"heading.default\">\n\t\t\t\t<div class=\"elementor-widget-container\">\n\t\t\t\t\t<h2 class=\"elementor-heading-title elementor-size-default\">Servicio de mantenimiento<\/h2>\t\t\t\t<\/div>\n\t\t\t\t<\/div>\n\t\t\t\t<div class=\"elementor-element elementor-element-4f19645 elementor-widget elementor-widget-text-editor\" data-id=\"4f19645\" data-element_type=\"widget\" data-widget_type=\"text-editor.default\">\n\t\t\t\t<div class=\"elementor-widget-container\">\n\t\t\t\t\t\t\t\t\t<p>Nuestro servicio de Mantenimiento de infraestructura digital est\u00e1 dise\u00f1ado para optimizar y proteger tu entorno tecnol\u00f3gico, proporcionando la tranquilidad necesaria para que tu empresa funcione sin contratiempos. Adem\u00e1s, trabajamos para optimizar la utilizaci\u00f3n de recursos en tu infraestructura, asegurando eficiencia y reduciendo costos innecesarios.<\/p><p>Utilizamos herramientas avanzadas para monitorear tu infraestructura digital. De esta manera, nos es posible anticipar problemas potenciales y actuar de manera preventiva para evitar interrupciones en tu operaci\u00f3n. Nuestros experimentados equipos garantizan la estabilidad t\u00e9cnica de su negocio pues te damos soluciones y tratamientos con rapidez.<\/p>\t\t\t\t\t\t\t\t<\/div>\n\t\t\t\t<\/div>\n\t\t\t\t<\/div>\n\t\t<div class=\"elementor-element elementor-element-10b1f25 e-con-full animated-slow e-flex elementor-invisible e-con e-child\" data-id=\"10b1f25\" data-element_type=\"container\" data-settings=\"{&quot;animation&quot;:&quot;fadeInRight&quot;}\">\n\t\t\t\t<div class=\"elementor-element elementor-element-03a46eb elementor-widget elementor-widget-image\" data-id=\"03a46eb\" data-element_type=\"widget\" data-widget_type=\"image.default\">\n\t\t\t\t<div class=\"elementor-widget-container\">\n\t\t\t\t\t\t\t\t\t\t\t\t\t\t\t<img fetchpriority=\"high\" decoding=\"async\" width=\"800\" height=\"534\" src=\"https:\/\/eguarditandsoftware.com\/wp-content\/uploads\/2024\/01\/shutterstock_773247298.jpg\" class=\"attachment-large size-large wp-image-662\" alt=\"\" srcset=\"https:\/\/eguarditandsoftware.com\/wp-content\/uploads\/2024\/01\/shutterstock_773247298.jpg 1000w, https:\/\/eguarditandsoftware.com\/wp-content\/uploads\/2024\/01\/shutterstock_773247298-300x200.jpg 300w, https:\/\/eguarditandsoftware.com\/wp-content\/uploads\/2024\/01\/shutterstock_773247298-768x513.jpg 768w, https:\/\/eguarditandsoftware.com\/wp-content\/uploads\/2024\/01\/shutterstock_773247298-18x12.jpg 18w\" sizes=\"(max-width: 800px) 100vw, 800px\" \/>\t\t\t\t\t\t\t\t\t\t\t\t\t\t\t<\/div>\n\t\t\t\t<\/div>\n\t\t\t\t<\/div>\n\t\t\t\t\t<\/div>\n\t\t\t\t<\/div>\n\t\t<div class=\"elementor-element elementor-element-d8b1126 e-flex e-con-boxed e-con e-parent\" data-id=\"d8b1126\" data-element_type=\"container\" data-settings=\"{&quot;background_background&quot;:&quot;classic&quot;}\">\n\t\t\t\t\t<div class=\"e-con-inner\">\n\t\t<div class=\"elementor-element elementor-element-8448056 e-con-full animated-slow e-flex elementor-invisible e-con e-child\" data-id=\"8448056\" data-element_type=\"container\" data-settings=\"{&quot;animation&quot;:&quot;fadeInLeft&quot;,&quot;background_background&quot;:&quot;classic&quot;}\">\n\t\t\t\t<div class=\"elementor-element elementor-element-c0276b3 elementor-widget elementor-widget-text-editor\" data-id=\"c0276b3\" data-element_type=\"widget\" data-widget_type=\"text-editor.default\">\n\t\t\t\t<div class=\"elementor-widget-container\">\n\t\t\t\t\t\t\t\t\t<p>Creemos que la prevenci\u00f3n debe estar en primer lugar, por lo cual adoptamos un enfoque proactivo para evitar problemas antes de que se conviertan en crisis. Tambi\u00e9n procuramos mantener una comunicaci\u00f3n clara y constante contigo, asegur\u00e1ndonos de que est\u00e9s informado sobre el estado de tu infraestructura y cualquier acci\u00f3n tomada.<\/p><p>Nos adaptamos a tus necesidades cambiantes y a la evoluci\u00f3n del panorama tecnol\u00f3gico, asegurando que tu infraestructura est\u00e9 siempre alineada con tus objetivos empresariales. Con nuestro servicio de Mantenimiento de infraestructura garantizamos un funcionamiento sin problemas para que puedas centrarte en el crecimiento de tu negocio<\/p>\t\t\t\t\t\t\t\t<\/div>\n\t\t\t\t<\/div>\n\t\t\t\t<\/div>\n\t\t<div class=\"elementor-element elementor-element-5e75243 e-con-full e-flex e-con e-child\" data-id=\"5e75243\" data-element_type=\"container\">\n\t\t\t\t<div class=\"elementor-element elementor-element-5432b0f elementor-widget elementor-widget-heading\" data-id=\"5432b0f\" data-element_type=\"widget\" data-widget_type=\"heading.default\">\n\t\t\t\t<div class=\"elementor-widget-container\">\n\t\t\t\t\t<div class=\"elementor-heading-title elementor-size-default\">EGUARD IT and Software<\/div>\t\t\t\t<\/div>\n\t\t\t\t<\/div>\n\t\t\t\t<div class=\"elementor-element elementor-element-bff1908 animated-slow elementor-invisible elementor-widget elementor-widget-heading\" data-id=\"bff1908\" data-element_type=\"widget\" data-settings=\"{&quot;_animation&quot;:&quot;fadeInUp&quot;}\" data-widget_type=\"heading.default\">\n\t\t\t\t<div class=\"elementor-widget-container\">\n\t\t\t\t\t<h2 class=\"elementor-heading-title elementor-size-default\">Proactivo<\/h2>\t\t\t\t<\/div>\n\t\t\t\t<\/div>\n\t\t\t\t<div class=\"elementor-element elementor-element-c221f9b elementor-widget elementor-widget-button\" data-id=\"c221f9b\" data-element_type=\"widget\" data-widget_type=\"button.default\">\n\t\t\t\t<div class=\"elementor-widget-container\">\n\t\t\t\t\t\t\t\t\t<div class=\"elementor-button-wrapper\">\n\t\t\t\t\t<a class=\"elementor-button elementor-button-link elementor-size-sm\" href=\"https:\/\/eguarditandsoftware.com\/es\/contacto\/\">\n\t\t\t\t\t\t<span class=\"elementor-button-content-wrapper\">\n\t\t\t\t\t\t\t\t\t<span class=\"elementor-button-text\">Cont\u00e1ctenos<\/span>\n\t\t\t\t\t<\/span>\n\t\t\t\t\t<\/a>\n\t\t\t\t<\/div>\n\t\t\t\t\t\t\t\t<\/div>\n\t\t\t\t<\/div>\n\t\t\t\t<\/div>\n\t\t\t\t\t<\/div>\n\t\t\t\t<\/div>\n\t\t\t\t<\/div>","protected":false},"excerpt":{"rendered":"<p>Infrastructure Maintenance EGUARD IT and Software Maintenance Service Our Infrastructure Maintenance service is designed to optimize and protect your technological environment, providing the peace of mind necessary for your company to run smoothly. Additionally, we work to optimize the use of resources in your infrastructure, ensuring efficiency and reducing unnecessary costs. We use advanced tools [&hellip;]<\/p>","protected":false},"author":2,"featured_media":0,"parent":0,"menu_order":0,"comment_status":"closed","ping_status":"closed","template":"elementor_header_footer","meta":{"footnotes":""},"class_list":["post-225","page","type-page","status-publish","hentry"],"_links":{"self":[{"href":"https:\/\/eguarditandsoftware.com\/es\/wp-json\/wp\/v2\/pages\/225","targetHints":{"allow":["GET"]}}],"collection":[{"href":"https:\/\/eguarditandsoftware.com\/es\/wp-json\/wp\/v2\/pages"}],"about":[{"href":"https:\/\/eguarditandsoftware.com\/es\/wp-json\/wp\/v2\/types\/page"}],"author":[{"embeddable":true,"href":"https:\/\/eguarditandsoftware.com\/es\/wp-json\/wp\/v2\/users\/2"}],"replies":[{"embeddable":true,"href":"https:\/\/eguarditandsoftware.com\/es\/wp-json\/wp\/v2\/comments?post=225"}],"version-history":[{"count":0,"href":"https:\/\/eguarditandsoftware.com\/es\/wp-json\/wp\/v2\/pages\/225\/revisions"}],"wp:attachment":[{"href":"https:\/\/eguarditandsoftware.com\/es\/wp-json\/wp\/v2\/media?parent=225"}],"curies":[{"name":"wp","href":"https:\/\/api.w.org\/{rel}","templated":true}]}}