{"id":232,"date":"2024-01-16T21:53:24","date_gmt":"2024-01-16T21:53:24","guid":{"rendered":"https:\/\/eguarditandsoftware.com\/?page_id=232"},"modified":"2024-01-22T22:49:10","modified_gmt":"2024-01-22T22:49:10","slug":"software-testing","status":"publish","type":"page","link":"https:\/\/eguarditandsoftware.com\/es\/pruebas-de-software\/","title":{"rendered":"Pruebas de software"},"content":{"rendered":"<div data-elementor-type=\"wp-page\" data-elementor-id=\"232\" class=\"elementor elementor-232\" data-elementor-post-type=\"page\">\n\t\t\t\t<div class=\"elementor-element elementor-element-fec5299 e-flex e-con-boxed e-con e-parent\" data-id=\"fec5299\" data-element_type=\"container\" data-settings=\"{&quot;background_background&quot;:&quot;classic&quot;}\">\n\t\t\t\t\t<div class=\"e-con-inner\">\n\t\t\t\t<div class=\"elementor-element elementor-element-94d6cf8 elementor-widget elementor-widget-heading\" data-id=\"94d6cf8\" data-element_type=\"widget\" data-widget_type=\"heading.default\">\n\t\t\t\t<div class=\"elementor-widget-container\">\n\t\t\t\t\t<h1 class=\"elementor-heading-title elementor-size-default\">Pruebas de software<\/h1>\t\t\t\t<\/div>\n\t\t\t\t<\/div>\n\t\t\t\t\t<\/div>\n\t\t\t\t<\/div>\n\t\t<div class=\"elementor-element elementor-element-59cde8e e-flex e-con-boxed e-con e-parent\" data-id=\"59cde8e\" data-element_type=\"container\">\n\t\t\t\t\t<div class=\"e-con-inner\">\n\t\t<div class=\"elementor-element elementor-element-90f054e e-con-full e-flex e-con e-child\" data-id=\"90f054e\" data-element_type=\"container\">\n\t\t\t\t<div class=\"elementor-element elementor-element-76fa0e3 elementor-widget elementor-widget-heading\" data-id=\"76fa0e3\" data-element_type=\"widget\" data-widget_type=\"heading.default\">\n\t\t\t\t<div class=\"elementor-widget-container\">\n\t\t\t\t\t<div class=\"elementor-heading-title elementor-size-default\">EGUARD IT and Software<\/div>\t\t\t\t<\/div>\n\t\t\t\t<\/div>\n\t\t\t\t<div class=\"elementor-element elementor-element-b09dea8 animated-slow elementor-invisible elementor-widget elementor-widget-heading\" data-id=\"b09dea8\" data-element_type=\"widget\" data-settings=\"{&quot;_animation&quot;:&quot;fadeInUp&quot;}\" data-widget_type=\"heading.default\">\n\t\t\t\t<div class=\"elementor-widget-container\">\n\t\t\t\t\t<h2 class=\"elementor-heading-title elementor-size-default\">Servicios de pruebas<\/h2>\t\t\t\t<\/div>\n\t\t\t\t<\/div>\n\t\t\t\t<div class=\"elementor-element elementor-element-055d53a elementor-widget elementor-widget-text-editor\" data-id=\"055d53a\" data-element_type=\"widget\" data-widget_type=\"text-editor.default\">\n\t\t\t\t<div class=\"elementor-widget-container\">\n\t\t\t\t\t\t\t\t\t<p>Te ofrecemos nuestros servicios de Pruebas de software, los cuales est\u00e1n dise\u00f1ados para asegurar que cada aplicaci\u00f3n que lanzas al mercado cumpla con los m\u00e1s altos est\u00e1ndares de calidad, funcionalidad y rendimiento. Mediante este servicio podr\u00e1s prevenir operaciones lentas, prevenir la corrupci\u00f3n de datos, prevenir la p\u00e9rdida de conectividad y prevenir el mal funcionamiento en el entorno digital.<\/p><p>Contamos con un equipo de profesionales experimentados en pruebas de software, expertos en encontrar y resolver problemas potenciales. Nos esforzamos por elevar la calidad de tu software, contribuyendo a la satisfacci\u00f3n del usuario y al \u00e9xito a largo plazo de tu aplicaci\u00f3n.<\/p>\t\t\t\t\t\t\t\t<\/div>\n\t\t\t\t<\/div>\n\t\t\t\t<\/div>\n\t\t<div class=\"elementor-element elementor-element-8380ac6 e-con-full animated-slow e-flex elementor-invisible e-con e-child\" data-id=\"8380ac6\" data-element_type=\"container\" data-settings=\"{&quot;animation&quot;:&quot;fadeInRight&quot;}\">\n\t\t\t\t<div class=\"elementor-element elementor-element-fdfd56f elementor-widget elementor-widget-image\" data-id=\"fdfd56f\" data-element_type=\"widget\" data-widget_type=\"image.default\">\n\t\t\t\t<div class=\"elementor-widget-container\">\n\t\t\t\t\t\t\t\t\t\t\t\t\t\t\t<img fetchpriority=\"high\" decoding=\"async\" width=\"800\" height=\"534\" src=\"https:\/\/eguarditandsoftware.com\/wp-content\/uploads\/2024\/01\/shutterstock_2038334225.jpg\" class=\"attachment-large size-large wp-image-687\" alt=\"\" srcset=\"https:\/\/eguarditandsoftware.com\/wp-content\/uploads\/2024\/01\/shutterstock_2038334225.jpg 1000w, https:\/\/eguarditandsoftware.com\/wp-content\/uploads\/2024\/01\/shutterstock_2038334225-300x200.jpg 300w, https:\/\/eguarditandsoftware.com\/wp-content\/uploads\/2024\/01\/shutterstock_2038334225-768x512.jpg 768w, https:\/\/eguarditandsoftware.com\/wp-content\/uploads\/2024\/01\/shutterstock_2038334225-18x12.jpg 18w\" sizes=\"(max-width: 800px) 100vw, 800px\" \/>\t\t\t\t\t\t\t\t\t\t\t\t\t\t\t<\/div>\n\t\t\t\t<\/div>\n\t\t\t\t<\/div>\n\t\t\t\t\t<\/div>\n\t\t\t\t<\/div>\n\t\t<div class=\"elementor-element elementor-element-ca556ad e-flex e-con-boxed e-con e-parent\" data-id=\"ca556ad\" data-element_type=\"container\" data-settings=\"{&quot;background_background&quot;:&quot;classic&quot;}\">\n\t\t\t\t\t<div class=\"e-con-inner\">\n\t\t<div class=\"elementor-element elementor-element-18018b1 e-con-full animated-slow e-flex elementor-invisible e-con e-child\" data-id=\"18018b1\" data-element_type=\"container\" data-settings=\"{&quot;animation&quot;:&quot;fadeInLeft&quot;,&quot;background_background&quot;:&quot;classic&quot;}\">\n\t\t\t\t<div class=\"elementor-element elementor-element-eb47c67 elementor-widget elementor-widget-text-editor\" data-id=\"eb47c67\" data-element_type=\"widget\" data-widget_type=\"text-editor.default\">\n\t\t\t\t<div class=\"elementor-widget-container\">\n\t\t\t\t\t\t\t\t\t<p>Los servicios de prueba de software pueden ayudarte a garantizar el control de calidad de sus aplicaciones para que estas se ejecuten sin problemas. Te ofrecemos: pruebas exhaustivas, automatizaci\u00f3n eficiente, pruebas de rendimiento y compatibilidad multiplataforma.<\/p><p>Al proporcionar excelentes optimizaciones de software, tus clientes estar\u00e1n m\u00e1s satisfechos y aumentar\u00e1 el valor de la marca. Conf\u00eda en nosotros para elevar la calidad de tu producto y garantizar que cada l\u00ednea de c\u00f3digo cumpla con tus expectativas y las de tus usuarios.<\/p>\t\t\t\t\t\t\t\t<\/div>\n\t\t\t\t<\/div>\n\t\t\t\t<\/div>\n\t\t<div class=\"elementor-element elementor-element-060079e e-con-full e-flex e-con e-child\" data-id=\"060079e\" data-element_type=\"container\">\n\t\t\t\t<div class=\"elementor-element elementor-element-3970b7f elementor-widget elementor-widget-heading\" data-id=\"3970b7f\" data-element_type=\"widget\" data-widget_type=\"heading.default\">\n\t\t\t\t<div class=\"elementor-widget-container\">\n\t\t\t\t\t<div class=\"elementor-heading-title elementor-size-default\">EGUARD IT and Software<\/div>\t\t\t\t<\/div>\n\t\t\t\t<\/div>\n\t\t\t\t<div class=\"elementor-element elementor-element-11766ac animated-slow elementor-invisible elementor-widget elementor-widget-heading\" data-id=\"11766ac\" data-element_type=\"widget\" data-settings=\"{&quot;_animation&quot;:&quot;fadeInUp&quot;}\" data-widget_type=\"heading.default\">\n\t\t\t\t<div class=\"elementor-widget-container\">\n\t\t\t\t\t<h2 class=\"elementor-heading-title elementor-size-default\">Control de calidad <\/h2>\t\t\t\t<\/div>\n\t\t\t\t<\/div>\n\t\t\t\t<div class=\"elementor-element elementor-element-a39ae18 elementor-widget elementor-widget-button\" data-id=\"a39ae18\" data-element_type=\"widget\" data-widget_type=\"button.default\">\n\t\t\t\t<div class=\"elementor-widget-container\">\n\t\t\t\t\t\t\t\t\t<div class=\"elementor-button-wrapper\">\n\t\t\t\t\t<a class=\"elementor-button elementor-button-link elementor-size-sm\" href=\"https:\/\/eguarditandsoftware.com\/es\/contacto\/\">\n\t\t\t\t\t\t<span class=\"elementor-button-content-wrapper\">\n\t\t\t\t\t\t\t\t\t<span class=\"elementor-button-text\">Cont\u00e1ctenos<\/span>\n\t\t\t\t\t<\/span>\n\t\t\t\t\t<\/a>\n\t\t\t\t<\/div>\n\t\t\t\t\t\t\t\t<\/div>\n\t\t\t\t<\/div>\n\t\t\t\t<\/div>\n\t\t\t\t\t<\/div>\n\t\t\t\t<\/div>\n\t\t\t\t<\/div>","protected":false},"excerpt":{"rendered":"<p>Software Testing EGUARD IT and Software Testing Services We offer you our Software Testing services, which are designed to ensure that each application you launch on the market meets the highest standards of quality, functionality, and performance. Through this service you will be able to prevent slow operations, prevent data corruption, prevent loss of connectivity, [&hellip;]<\/p>","protected":false},"author":2,"featured_media":0,"parent":0,"menu_order":0,"comment_status":"closed","ping_status":"closed","template":"elementor_header_footer","meta":{"footnotes":""},"class_list":["post-232","page","type-page","status-publish","hentry"],"_links":{"self":[{"href":"https:\/\/eguarditandsoftware.com\/es\/wp-json\/wp\/v2\/pages\/232","targetHints":{"allow":["GET"]}}],"collection":[{"href":"https:\/\/eguarditandsoftware.com\/es\/wp-json\/wp\/v2\/pages"}],"about":[{"href":"https:\/\/eguarditandsoftware.com\/es\/wp-json\/wp\/v2\/types\/page"}],"author":[{"embeddable":true,"href":"https:\/\/eguarditandsoftware.com\/es\/wp-json\/wp\/v2\/users\/2"}],"replies":[{"embeddable":true,"href":"https:\/\/eguarditandsoftware.com\/es\/wp-json\/wp\/v2\/comments?post=232"}],"version-history":[{"count":0,"href":"https:\/\/eguarditandsoftware.com\/es\/wp-json\/wp\/v2\/pages\/232\/revisions"}],"wp:attachment":[{"href":"https:\/\/eguarditandsoftware.com\/es\/wp-json\/wp\/v2\/media?parent=232"}],"curies":[{"name":"wp","href":"https:\/\/api.w.org\/{rel}","templated":true}]}}