{"id":238,"date":"2024-01-16T21:54:03","date_gmt":"2024-01-16T21:54:03","guid":{"rendered":"https:\/\/eguarditandsoftware.com\/?page_id=238"},"modified":"2024-01-22T22:52:36","modified_gmt":"2024-01-22T22:52:36","slug":"prototyping","status":"publish","type":"page","link":"https:\/\/eguarditandsoftware.com\/es\/prototipos\/","title":{"rendered":"Creaci\u00f3n de prototipos"},"content":{"rendered":"<div data-elementor-type=\"wp-page\" data-elementor-id=\"238\" class=\"elementor elementor-238\" data-elementor-post-type=\"page\">\n\t\t\t\t<div class=\"elementor-element elementor-element-025549f e-flex e-con-boxed e-con e-parent\" data-id=\"025549f\" data-element_type=\"container\" data-settings=\"{&quot;background_background&quot;:&quot;classic&quot;}\">\n\t\t\t\t\t<div class=\"e-con-inner\">\n\t\t\t\t<div class=\"elementor-element elementor-element-b13f7ad elementor-widget elementor-widget-heading\" data-id=\"b13f7ad\" data-element_type=\"widget\" data-widget_type=\"heading.default\">\n\t\t\t\t<div class=\"elementor-widget-container\">\n\t\t\t\t\t<h1 class=\"elementor-heading-title elementor-size-default\">Creaci\u00f3n de prototipos<\/h1>\t\t\t\t<\/div>\n\t\t\t\t<\/div>\n\t\t\t\t\t<\/div>\n\t\t\t\t<\/div>\n\t\t<div class=\"elementor-element elementor-element-6548b44 e-flex e-con-boxed e-con e-parent\" data-id=\"6548b44\" data-element_type=\"container\">\n\t\t\t\t\t<div class=\"e-con-inner\">\n\t\t<div class=\"elementor-element elementor-element-3ab48d5 e-con-full e-flex e-con e-child\" data-id=\"3ab48d5\" data-element_type=\"container\">\n\t\t\t\t<div class=\"elementor-element elementor-element-10c8e11 elementor-widget elementor-widget-heading\" data-id=\"10c8e11\" data-element_type=\"widget\" data-widget_type=\"heading.default\">\n\t\t\t\t<div class=\"elementor-widget-container\">\n\t\t\t\t\t<div class=\"elementor-heading-title elementor-size-default\">EGUARD IT and Software<\/div>\t\t\t\t<\/div>\n\t\t\t\t<\/div>\n\t\t\t\t<div class=\"elementor-element elementor-element-6e86dd2 animated-slow elementor-invisible elementor-widget elementor-widget-heading\" data-id=\"6e86dd2\" data-element_type=\"widget\" data-settings=\"{&quot;_animation&quot;:&quot;fadeInUp&quot;}\" data-widget_type=\"heading.default\">\n\t\t\t\t<div class=\"elementor-widget-container\">\n\t\t\t\t\t<h2 class=\"elementor-heading-title elementor-size-default\">Servicios de prototipos <\/h2>\t\t\t\t<\/div>\n\t\t\t\t<\/div>\n\t\t\t\t<div class=\"elementor-element elementor-element-f934dca elementor-widget elementor-widget-text-editor\" data-id=\"f934dca\" data-element_type=\"widget\" data-widget_type=\"text-editor.default\">\n\t\t\t\t<div class=\"elementor-widget-container\">\n\t\t\t\t\t\t\t\t\t<p>Nuestros servicios de Creaci\u00f3n de prototipos est\u00e1n dise\u00f1ados para convertir tus conceptos en experiencias tangibles, brind\u00e1ndote la capacidad de visualizar y perfeccionar tu visi\u00f3n antes de llevarla a la realidad. Creamos conceptos poderosos para convertir tus ideas en productos<\/p><p>Colaboramos contigo para validar la viabilidad de tu producto y brindar un valor significativo a tus clientes, al mismo tiempo que reducimos los costos asociados al desarrollo de software y mitigamos los riesgos de posibles fallos comerciales en el futuro. Nos enfocamos en aspectos clave como la experiencia del cliente, la estrategia comercial, y el dise\u00f1o de interfaces (UI) y experiencias de usuario (UX), con el objetivo de proporcionar soluciones que impulsen el crecimiento de tu negocio.<\/p>\t\t\t\t\t\t\t\t<\/div>\n\t\t\t\t<\/div>\n\t\t\t\t<\/div>\n\t\t<div class=\"elementor-element elementor-element-87f2722 e-con-full animated-slow e-flex elementor-invisible e-con e-child\" data-id=\"87f2722\" data-element_type=\"container\" data-settings=\"{&quot;animation&quot;:&quot;fadeInRight&quot;}\">\n\t\t\t\t<div class=\"elementor-element elementor-element-c008e17 elementor-widget elementor-widget-image\" data-id=\"c008e17\" data-element_type=\"widget\" data-widget_type=\"image.default\">\n\t\t\t\t<div class=\"elementor-widget-container\">\n\t\t\t\t\t\t\t\t\t\t\t\t\t\t\t<img fetchpriority=\"high\" decoding=\"async\" width=\"800\" height=\"534\" src=\"https:\/\/eguarditandsoftware.com\/wp-content\/uploads\/2024\/01\/shutterstock_1032637258.jpg\" class=\"attachment-large size-large wp-image-719\" alt=\"\" srcset=\"https:\/\/eguarditandsoftware.com\/wp-content\/uploads\/2024\/01\/shutterstock_1032637258.jpg 1000w, https:\/\/eguarditandsoftware.com\/wp-content\/uploads\/2024\/01\/shutterstock_1032637258-300x200.jpg 300w, https:\/\/eguarditandsoftware.com\/wp-content\/uploads\/2024\/01\/shutterstock_1032637258-768x512.jpg 768w, https:\/\/eguarditandsoftware.com\/wp-content\/uploads\/2024\/01\/shutterstock_1032637258-18x12.jpg 18w\" sizes=\"(max-width: 800px) 100vw, 800px\" \/>\t\t\t\t\t\t\t\t\t\t\t\t\t\t\t<\/div>\n\t\t\t\t<\/div>\n\t\t\t\t<\/div>\n\t\t\t\t\t<\/div>\n\t\t\t\t<\/div>\n\t\t<div class=\"elementor-element elementor-element-7931cda e-flex e-con-boxed e-con e-parent\" data-id=\"7931cda\" data-element_type=\"container\" data-settings=\"{&quot;background_background&quot;:&quot;classic&quot;}\">\n\t\t\t\t\t<div class=\"e-con-inner\">\n\t\t<div class=\"elementor-element elementor-element-ef77f5f e-con-full animated-slow e-flex elementor-invisible e-con e-child\" data-id=\"ef77f5f\" data-element_type=\"container\" data-settings=\"{&quot;animation&quot;:&quot;fadeInLeft&quot;,&quot;background_background&quot;:&quot;classic&quot;}\">\n\t\t\t\t<div class=\"elementor-element elementor-element-a1d5146 elementor-widget elementor-widget-text-editor\" data-id=\"a1d5146\" data-element_type=\"widget\" data-widget_type=\"text-editor.default\">\n\t\t\t\t<div class=\"elementor-widget-container\">\n\t\t\t\t\t\t\t\t\t<p><em><strong>Nuestra metodolog\u00eda de creaci\u00f3n de prototipos:<\/strong><\/em><\/p><p>1.\tConsulta Inicial<br \/>2.\tDise\u00f1o Iterativo<br \/>3.\tDesarrollo Eficiente<br \/>4.\tPruebas de Usuario<\/p><p>Contamos con un equipo experimentado en la creaci\u00f3n de prototipos para una variedad de industrias y aplicaciones. Trabajamos estrechamente contigo para asegurarnos de que el prototipo capture completamente tu visi\u00f3n y cumpla con tus expectativas.<\/p><p>Descubre el poder de la creaci\u00f3n de prototipos con nosotros y da vida a tu visi\u00f3n de manera efectiva y eficiente<\/p>\t\t\t\t\t\t\t\t<\/div>\n\t\t\t\t<\/div>\n\t\t\t\t<\/div>\n\t\t<div class=\"elementor-element elementor-element-fdd1096 e-con-full e-flex e-con e-child\" data-id=\"fdd1096\" data-element_type=\"container\">\n\t\t\t\t<div class=\"elementor-element elementor-element-a36ae05 elementor-widget elementor-widget-heading\" data-id=\"a36ae05\" data-element_type=\"widget\" data-widget_type=\"heading.default\">\n\t\t\t\t<div class=\"elementor-widget-container\">\n\t\t\t\t\t<div class=\"elementor-heading-title elementor-size-default\">EGUARD IT and Software<\/div>\t\t\t\t<\/div>\n\t\t\t\t<\/div>\n\t\t\t\t<div class=\"elementor-element elementor-element-f4744d3 animated-slow elementor-invisible elementor-widget elementor-widget-heading\" data-id=\"f4744d3\" data-element_type=\"widget\" data-settings=\"{&quot;_animation&quot;:&quot;fadeInUp&quot;}\" data-widget_type=\"heading.default\">\n\t\t\t\t<div class=\"elementor-widget-container\">\n\t\t\t\t\t<h2 class=\"elementor-heading-title elementor-size-default\">Industrias y aplicaciones<\/h2>\t\t\t\t<\/div>\n\t\t\t\t<\/div>\n\t\t\t\t<div class=\"elementor-element elementor-element-84d857c elementor-widget elementor-widget-button\" data-id=\"84d857c\" data-element_type=\"widget\" data-widget_type=\"button.default\">\n\t\t\t\t<div class=\"elementor-widget-container\">\n\t\t\t\t\t\t\t\t\t<div class=\"elementor-button-wrapper\">\n\t\t\t\t\t<a class=\"elementor-button elementor-button-link elementor-size-sm\" href=\"https:\/\/eguarditandsoftware.com\/es\/contacto\/\">\n\t\t\t\t\t\t<span class=\"elementor-button-content-wrapper\">\n\t\t\t\t\t\t\t\t\t<span class=\"elementor-button-text\">Cont\u00e1ctenos<\/span>\n\t\t\t\t\t<\/span>\n\t\t\t\t\t<\/a>\n\t\t\t\t<\/div>\n\t\t\t\t\t\t\t\t<\/div>\n\t\t\t\t<\/div>\n\t\t\t\t<\/div>\n\t\t\t\t\t<\/div>\n\t\t\t\t<\/div>\n\t\t\t\t<\/div>","protected":false},"excerpt":{"rendered":"<p>Prototyping EGUARD IT and Software Prototyping Services Our Prototyping services are designed to turn your concepts into tangible experiences, giving you the ability to visualize and refine your vision before bringing it to reality. We create powerful concepts to turn your ideas into products We work with you to validate the viability of your product [&hellip;]<\/p>","protected":false},"author":2,"featured_media":0,"parent":0,"menu_order":0,"comment_status":"closed","ping_status":"closed","template":"elementor_header_footer","meta":{"footnotes":""},"class_list":["post-238","page","type-page","status-publish","hentry"],"_links":{"self":[{"href":"https:\/\/eguarditandsoftware.com\/es\/wp-json\/wp\/v2\/pages\/238","targetHints":{"allow":["GET"]}}],"collection":[{"href":"https:\/\/eguarditandsoftware.com\/es\/wp-json\/wp\/v2\/pages"}],"about":[{"href":"https:\/\/eguarditandsoftware.com\/es\/wp-json\/wp\/v2\/types\/page"}],"author":[{"embeddable":true,"href":"https:\/\/eguarditandsoftware.com\/es\/wp-json\/wp\/v2\/users\/2"}],"replies":[{"embeddable":true,"href":"https:\/\/eguarditandsoftware.com\/es\/wp-json\/wp\/v2\/comments?post=238"}],"version-history":[{"count":0,"href":"https:\/\/eguarditandsoftware.com\/es\/wp-json\/wp\/v2\/pages\/238\/revisions"}],"wp:attachment":[{"href":"https:\/\/eguarditandsoftware.com\/es\/wp-json\/wp\/v2\/media?parent=238"}],"curies":[{"name":"wp","href":"https:\/\/api.w.org\/{rel}","templated":true}]}}