{"id":724,"date":"2024-01-17T18:26:25","date_gmt":"2024-01-17T18:26:25","guid":{"rendered":"https:\/\/eguarditandsoftware.com\/?page_id=724"},"modified":"2024-01-22T23:56:20","modified_gmt":"2024-01-22T23:56:20","slug":"it-outsourcing","status":"publish","type":"page","link":"https:\/\/eguarditandsoftware.com\/es\/subcontratacion-de-ti\/","title":{"rendered":"Subcontrataci\u00f3n de TI"},"content":{"rendered":"<div data-elementor-type=\"wp-page\" data-elementor-id=\"724\" class=\"elementor elementor-724\" data-elementor-post-type=\"page\">\n\t\t\t\t<div class=\"elementor-element elementor-element-7537fbb e-flex e-con-boxed e-con e-parent\" data-id=\"7537fbb\" data-element_type=\"container\" data-settings=\"{&quot;background_background&quot;:&quot;classic&quot;}\">\n\t\t\t\t\t<div class=\"e-con-inner\">\n\t\t\t\t<div class=\"elementor-element elementor-element-f9b56c0 elementor-widget elementor-widget-heading\" data-id=\"f9b56c0\" data-element_type=\"widget\" data-widget_type=\"heading.default\">\n\t\t\t\t<div class=\"elementor-widget-container\">\n\t\t\t\t\t<h1 class=\"elementor-heading-title elementor-size-default\">Subcontrataci\u00f3n de TI<\/h1>\t\t\t\t<\/div>\n\t\t\t\t<\/div>\n\t\t\t\t\t<\/div>\n\t\t\t\t<\/div>\n\t\t<div class=\"elementor-element elementor-element-2c20117 e-flex e-con-boxed e-con e-parent\" data-id=\"2c20117\" data-element_type=\"container\">\n\t\t\t\t\t<div class=\"e-con-inner\">\n\t\t<div class=\"elementor-element elementor-element-15f7e0a e-con-full e-flex e-con e-child\" data-id=\"15f7e0a\" data-element_type=\"container\">\n\t\t\t\t<div class=\"elementor-element elementor-element-bf9e50a elementor-widget elementor-widget-heading\" data-id=\"bf9e50a\" data-element_type=\"widget\" data-widget_type=\"heading.default\">\n\t\t\t\t<div class=\"elementor-widget-container\">\n\t\t\t\t\t<div class=\"elementor-heading-title elementor-size-default\">EGUARD IT and Software<\/div>\t\t\t\t<\/div>\n\t\t\t\t<\/div>\n\t\t\t\t<div class=\"elementor-element elementor-element-38843ef animated-slow elementor-invisible elementor-widget elementor-widget-heading\" data-id=\"38843ef\" data-element_type=\"widget\" data-settings=\"{&quot;_animation&quot;:&quot;fadeInUp&quot;}\" data-widget_type=\"heading.default\">\n\t\t\t\t<div class=\"elementor-widget-container\">\n\t\t\t\t\t<h2 class=\"elementor-heading-title elementor-size-default\">Empresa moderna<\/h2>\t\t\t\t<\/div>\n\t\t\t\t<\/div>\n\t\t\t\t<div class=\"elementor-element elementor-element-4bebe24 elementor-widget elementor-widget-text-editor\" data-id=\"4bebe24\" data-element_type=\"widget\" data-widget_type=\"text-editor.default\">\n\t\t\t\t<div class=\"elementor-widget-container\">\n\t\t\t\t\t\t\t\t\t<p>La TI es la base de cualquier negocio moderno, y por este motivo, es necesario contar con un equipo eficiente y con experiencia para obtener los mejores resultados. Nuestros servicios de Subcontrataci\u00f3n de TI est\u00e1n dise\u00f1ados para liberarte de las complejidades t\u00e9cnicas, permiti\u00e9ndote enfocarte en lo que haces mejor: hacer crecer tu negocio.<\/p><p>Contamos con un equipo de expertos en TI con amplia experiencia en una variedad de tecnolog\u00edas y plataformas. Nos convertimos en tu socio estrat\u00e9gico, ayud\u00e1ndote a alinear la tecnolog\u00eda con tus objetivos comerciales para obtener un impacto positivo y duradero. Adem\u00e1s, adaptamos nuestros servicios a tus necesidades cambiantes y escalamos recursos seg\u00fan sea necesario.<\/p>\t\t\t\t\t\t\t\t<\/div>\n\t\t\t\t<\/div>\n\t\t\t\t<\/div>\n\t\t<div class=\"elementor-element elementor-element-de22cb5 e-con-full animated-slow e-flex elementor-invisible e-con e-child\" data-id=\"de22cb5\" data-element_type=\"container\" data-settings=\"{&quot;animation&quot;:&quot;fadeInRight&quot;}\">\n\t\t\t\t<div class=\"elementor-element elementor-element-1849751 elementor-widget elementor-widget-image\" data-id=\"1849751\" data-element_type=\"widget\" data-widget_type=\"image.default\">\n\t\t\t\t<div class=\"elementor-widget-container\">\n\t\t\t\t\t\t\t\t\t\t\t\t\t\t\t<img fetchpriority=\"high\" decoding=\"async\" width=\"800\" height=\"534\" src=\"https:\/\/eguarditandsoftware.com\/wp-content\/uploads\/2024\/01\/shutterstock_2009911571.jpg\" class=\"attachment-large size-large wp-image-1486\" alt=\"\" srcset=\"https:\/\/eguarditandsoftware.com\/wp-content\/uploads\/2024\/01\/shutterstock_2009911571.jpg 1000w, https:\/\/eguarditandsoftware.com\/wp-content\/uploads\/2024\/01\/shutterstock_2009911571-300x200.jpg 300w, https:\/\/eguarditandsoftware.com\/wp-content\/uploads\/2024\/01\/shutterstock_2009911571-768x512.jpg 768w, https:\/\/eguarditandsoftware.com\/wp-content\/uploads\/2024\/01\/shutterstock_2009911571-18x12.jpg 18w\" sizes=\"(max-width: 800px) 100vw, 800px\" \/>\t\t\t\t\t\t\t\t\t\t\t\t\t\t\t<\/div>\n\t\t\t\t<\/div>\n\t\t\t\t<\/div>\n\t\t\t\t\t<\/div>\n\t\t\t\t<\/div>\n\t\t<div class=\"elementor-element elementor-element-a514312 e-flex e-con-boxed e-con e-parent\" data-id=\"a514312\" data-element_type=\"container\" data-settings=\"{&quot;background_background&quot;:&quot;classic&quot;}\">\n\t\t\t\t\t<div class=\"e-con-inner\">\n\t\t<div class=\"elementor-element elementor-element-248e155 e-con-full animated-slow e-flex elementor-invisible e-con e-child\" data-id=\"248e155\" data-element_type=\"container\" data-settings=\"{&quot;animation&quot;:&quot;fadeInLeft&quot;,&quot;background_background&quot;:&quot;classic&quot;}\">\n\t\t\t\t<div class=\"elementor-element elementor-element-5a5437b elementor-widget elementor-widget-text-editor\" data-id=\"5a5437b\" data-element_type=\"widget\" data-widget_type=\"text-editor.default\">\n\t\t\t\t<div class=\"elementor-widget-container\">\n\t\t\t\t\t\t\t\t\t<p><em><strong>Nuestros Servicios de Subcontrataci\u00f3n de TI Incluyen:<\/strong><\/em><\/p><p>1.\tSoporte T\u00e9cnico Continuo: Abordamos problemas de manera proactiva y garantizar el funcionamiento ininterrumpido de tus sistemas.<br \/>2.\tGesti\u00f3n de Infraestructura: Nos encargamos de la gesti\u00f3n de servidores, redes y dem\u00e1s componentes de infraestructura para asegurar un rendimiento \u00f3ptimo.<br \/>3.\tMantenimiento Preventivo: Implementamos medidas preventivas para identificar y abordar posibles problemas antes de que impacten en tu operaci\u00f3n.<br \/>4.\tActualizaciones y Parches: Mantenemos tus sistemas actualizados con las \u00faltimas versiones y parches de seguridad para garantizar la estabilidad y protecci\u00f3n.<\/p><p>Nos mantenemos actualizados con las \u00faltimas tendencias tecnol\u00f3gicas para ofrecer soluciones vanguardistas. Libera tu carga de TI y permite que nos ocupemos de la tecnolog\u00eda para que puedas concentrarte en hacer crecer tu negocio.<\/p>\t\t\t\t\t\t\t\t<\/div>\n\t\t\t\t<\/div>\n\t\t\t\t<\/div>\n\t\t<div class=\"elementor-element elementor-element-2a5c1aa e-con-full e-flex e-con e-child\" data-id=\"2a5c1aa\" data-element_type=\"container\">\n\t\t\t\t<div class=\"elementor-element elementor-element-6c1a9ae elementor-widget elementor-widget-heading\" data-id=\"6c1a9ae\" data-element_type=\"widget\" data-widget_type=\"heading.default\">\n\t\t\t\t<div class=\"elementor-widget-container\">\n\t\t\t\t\t<div class=\"elementor-heading-title elementor-size-default\">EGUARD IT and Software<\/div>\t\t\t\t<\/div>\n\t\t\t\t<\/div>\n\t\t\t\t<div class=\"elementor-element elementor-element-907253e animated-slow elementor-invisible elementor-widget elementor-widget-heading\" data-id=\"907253e\" data-element_type=\"widget\" data-settings=\"{&quot;_animation&quot;:&quot;fadeInUp&quot;}\" data-widget_type=\"heading.default\">\n\t\t\t\t<div class=\"elementor-widget-container\">\n\t\t\t\t\t<h2 class=\"elementor-heading-title elementor-size-default\">Asistencia t\u00e9cnica<\/h2>\t\t\t\t<\/div>\n\t\t\t\t<\/div>\n\t\t\t\t<div class=\"elementor-element elementor-element-73853f5 elementor-widget elementor-widget-button\" data-id=\"73853f5\" data-element_type=\"widget\" data-widget_type=\"button.default\">\n\t\t\t\t<div class=\"elementor-widget-container\">\n\t\t\t\t\t\t\t\t\t<div class=\"elementor-button-wrapper\">\n\t\t\t\t\t<a class=\"elementor-button elementor-button-link elementor-size-sm\" href=\"https:\/\/eguarditandsoftware.com\/es\/contacto\/\">\n\t\t\t\t\t\t<span class=\"elementor-button-content-wrapper\">\n\t\t\t\t\t\t\t\t\t<span class=\"elementor-button-text\">Cont\u00e1ctenos<\/span>\n\t\t\t\t\t<\/span>\n\t\t\t\t\t<\/a>\n\t\t\t\t<\/div>\n\t\t\t\t\t\t\t\t<\/div>\n\t\t\t\t<\/div>\n\t\t\t\t<\/div>\n\t\t\t\t\t<\/div>\n\t\t\t\t<\/div>\n\t\t\t\t<\/div>","protected":false},"excerpt":{"rendered":"<p>IT Outsourcing EGUARD IT and Software Modern Business IT is the foundation of any modern business, and for this reason, it is necessary to have an efficient and experienced team to obtain the best results. Our IT Outsourcing services are designed to free you from technical complexities, allowing you to focus on what you do [&hellip;]<\/p>","protected":false},"author":2,"featured_media":0,"parent":0,"menu_order":0,"comment_status":"closed","ping_status":"closed","template":"","meta":{"footnotes":""},"class_list":["post-724","page","type-page","status-publish","hentry"],"_links":{"self":[{"href":"https:\/\/eguarditandsoftware.com\/es\/wp-json\/wp\/v2\/pages\/724","targetHints":{"allow":["GET"]}}],"collection":[{"href":"https:\/\/eguarditandsoftware.com\/es\/wp-json\/wp\/v2\/pages"}],"about":[{"href":"https:\/\/eguarditandsoftware.com\/es\/wp-json\/wp\/v2\/types\/page"}],"author":[{"embeddable":true,"href":"https:\/\/eguarditandsoftware.com\/es\/wp-json\/wp\/v2\/users\/2"}],"replies":[{"embeddable":true,"href":"https:\/\/eguarditandsoftware.com\/es\/wp-json\/wp\/v2\/comments?post=724"}],"version-history":[{"count":0,"href":"https:\/\/eguarditandsoftware.com\/es\/wp-json\/wp\/v2\/pages\/724\/revisions"}],"wp:attachment":[{"href":"https:\/\/eguarditandsoftware.com\/es\/wp-json\/wp\/v2\/media?parent=724"}],"curies":[{"name":"wp","href":"https:\/\/api.w.org\/{rel}","templated":true}]}}