{"id":86,"date":"2024-01-15T23:51:38","date_gmt":"2024-01-15T23:51:38","guid":{"rendered":"https:\/\/eguarditandsoftware.com\/?page_id=86"},"modified":"2024-01-23T05:11:52","modified_gmt":"2024-01-23T05:11:52","slug":"home","status":"publish","type":"page","link":"https:\/\/eguarditandsoftware.com\/es","title":{"rendered":"Inicio"},"content":{"rendered":"<div data-elementor-type=\"wp-page\" data-elementor-id=\"86\" class=\"elementor elementor-86\" data-elementor-post-type=\"page\">\n\t\t\t\t<div class=\"elementor-element elementor-element-68cfd57e e-con-full e-flex e-con e-parent\" data-id=\"68cfd57e\" data-element_type=\"container\" data-settings=\"{&quot;background_background&quot;:&quot;classic&quot;}\">\n\t\t<div class=\"elementor-element elementor-element-110b6941 e-con-full animated-slow e-flex elementor-invisible e-con e-child\" data-id=\"110b6941\" data-element_type=\"container\" data-settings=\"{&quot;animation&quot;:&quot;fadeInLeft&quot;}\">\n\t\t\t\t<div class=\"elementor-element elementor-element-3fe1ff4a elementor-widget elementor-widget-heading\" data-id=\"3fe1ff4a\" data-element_type=\"widget\" data-widget_type=\"heading.default\">\n\t\t\t\t<div class=\"elementor-widget-container\">\n\t\t\t\t\t<div class=\"elementor-heading-title elementor-size-default\">Transformaci\u00f3n digital<\/div>\t\t\t\t<\/div>\n\t\t\t\t<\/div>\n\t\t\t\t<div class=\"elementor-element elementor-element-5e96d746 elementor-widget elementor-widget-heading\" data-id=\"5e96d746\" data-element_type=\"widget\" data-widget_type=\"heading.default\">\n\t\t\t\t<div class=\"elementor-widget-container\">\n\t\t\t\t\t<h1 class=\"elementor-heading-title elementor-size-default\">EGUARD IT and Software<\/h1>\t\t\t\t<\/div>\n\t\t\t\t<\/div>\n\t\t\t\t<div class=\"elementor-element elementor-element-6ddf6808 elementor-widget elementor-widget-text-editor\" data-id=\"6ddf6808\" data-element_type=\"widget\" data-widget_type=\"text-editor.default\">\n\t\t\t\t<div class=\"elementor-widget-container\">\n\t\t\t\t\t\t\t\t\t<p>Convertimos sus ideas en potentes soluciones digitales.<\/p><p>EGUARD IT and Software lleva su negocio al siguiente nivel.<\/p><p>Descubra el poder de la transformaci\u00f3n digital<\/p>\t\t\t\t\t\t\t\t<\/div>\n\t\t\t\t<\/div>\n\t\t\t\t<div class=\"elementor-element elementor-element-1a98bfee elementor-widget elementor-widget-button\" data-id=\"1a98bfee\" data-element_type=\"widget\" data-widget_type=\"button.default\">\n\t\t\t\t<div class=\"elementor-widget-container\">\n\t\t\t\t\t\t\t\t\t<div class=\"elementor-button-wrapper\">\n\t\t\t\t\t<a class=\"elementor-button elementor-button-link elementor-size-sm\" href=\"https:\/\/eguarditandsoftware.com\/es\/contacto\/\">\n\t\t\t\t\t\t<span class=\"elementor-button-content-wrapper\">\n\t\t\t\t\t\t\t\t\t<span class=\"elementor-button-text\">Escr\u00edbenos<\/span>\n\t\t\t\t\t<\/span>\n\t\t\t\t\t<\/a>\n\t\t\t\t<\/div>\n\t\t\t\t\t\t\t\t<\/div>\n\t\t\t\t<\/div>\n\t\t\t\t<\/div>\n\t\t<div class=\"elementor-element elementor-element-5b37b4df e-con-full e-flex e-con e-child\" data-id=\"5b37b4df\" data-element_type=\"container\" data-settings=\"{&quot;background_background&quot;:&quot;slideshow&quot;,&quot;background_slideshow_gallery&quot;:[{&quot;id&quot;:111,&quot;url&quot;:&quot;http:\\\/\\\/eguarditandsoftware.com\\\/wp-content\\\/uploads\\\/2024\\\/01\\\/banner-1-Eguard-IT.jpg&quot;},{&quot;id&quot;:112,&quot;url&quot;:&quot;http:\\\/\\\/eguarditandsoftware.com\\\/wp-content\\\/uploads\\\/2024\\\/01\\\/banner-2-Eguard-IT.jpg&quot;},{&quot;id&quot;:113,&quot;url&quot;:&quot;http:\\\/\\\/eguarditandsoftware.com\\\/wp-content\\\/uploads\\\/2024\\\/01\\\/banner-3-Eguard-IT.jpg&quot;}],&quot;background_slideshow_slide_duration&quot;:3500,&quot;background_slideshow_ken_burns&quot;:&quot;yes&quot;,&quot;background_slideshow_loop&quot;:&quot;yes&quot;,&quot;background_slideshow_slide_transition&quot;:&quot;fade&quot;,&quot;background_slideshow_transition_duration&quot;:500,&quot;background_slideshow_ken_burns_zoom_direction&quot;:&quot;in&quot;}\">\n\t\t<div class=\"elementor-element elementor-element-7f422847 e-con-full e-flex e-con e-child\" data-id=\"7f422847\" data-element_type=\"container\">\n\t\t\t\t<div class=\"elementor-element elementor-element-4a4237e8 elementor-widget elementor-widget-image-box\" data-id=\"4a4237e8\" data-element_type=\"widget\" data-widget_type=\"image-box.default\">\n\t\t\t\t<div class=\"elementor-widget-container\">\n\t\t\t\t\t<div class=\"elementor-image-box-wrapper\"><div class=\"elementor-image-box-content\"><p class=\"elementor-image-box-description\">Soluciones tecnol\u00f3gicas inteligentes<\/p><\/div><\/div>\t\t\t\t<\/div>\n\t\t\t\t<\/div>\n\t\t\t\t<div class=\"elementor-element elementor-element-4c467491 elementor-widget elementor-widget-image-box\" data-id=\"4c467491\" data-element_type=\"widget\" data-widget_type=\"image-box.default\">\n\t\t\t\t<div class=\"elementor-widget-container\">\n\t\t\t\t\t<div class=\"elementor-image-box-wrapper\"><div class=\"elementor-image-box-content\"><p class=\"elementor-image-box-description\">Enfoque l\u00f3gico, estrat\u00e9gico y organizado<\/p><\/div><\/div>\t\t\t\t<\/div>\n\t\t\t\t<\/div>\n\t\t\t\t<div class=\"elementor-element elementor-element-4f06046 elementor-widget elementor-widget-image-box\" data-id=\"4f06046\" data-element_type=\"widget\" data-widget_type=\"image-box.default\">\n\t\t\t\t<div class=\"elementor-widget-container\">\n\t\t\t\t\t<div class=\"elementor-image-box-wrapper\"><div class=\"elementor-image-box-content\"><p class=\"elementor-image-box-description\">Ejecuci\u00f3n fluida del proyecto<\/p><\/div><\/div>\t\t\t\t<\/div>\n\t\t\t\t<\/div>\n\t\t\t\t<\/div>\n\t\t\t\t<\/div>\n\t\t\t\t<\/div>\n\t\t<div class=\"elementor-element elementor-element-3bcee8d1 e-flex e-con-boxed e-con e-parent\" data-id=\"3bcee8d1\" data-element_type=\"container\">\n\t\t\t\t\t<div class=\"e-con-inner\">\n\t\t<div class=\"elementor-element elementor-element-66bbeea8 e-con-full e-flex e-con e-child\" data-id=\"66bbeea8\" data-element_type=\"container\">\n\t\t\t\t<div class=\"elementor-element elementor-element-c35dc13 elementor-widget elementor-widget-heading\" data-id=\"c35dc13\" data-element_type=\"widget\" data-widget_type=\"heading.default\">\n\t\t\t\t<div class=\"elementor-widget-container\">\n\t\t\t\t\t<div class=\"elementor-heading-title elementor-size-default\">EGUARD IT and Software<\/div>\t\t\t\t<\/div>\n\t\t\t\t<\/div>\n\t\t\t\t<div class=\"elementor-element elementor-element-57a4400c animated-slow elementor-invisible elementor-widget elementor-widget-heading\" data-id=\"57a4400c\" data-element_type=\"widget\" data-settings=\"{&quot;_animation&quot;:&quot;fadeInUp&quot;}\" data-widget_type=\"heading.default\">\n\t\t\t\t<div class=\"elementor-widget-container\">\n\t\t\t\t\t<h2 class=\"elementor-heading-title elementor-size-default\">Lo m\u00e1s buscado<\/h2>\t\t\t\t<\/div>\n\t\t\t\t<\/div>\n\t\t\t\t<div class=\"elementor-element elementor-element-170d7cac elementor-widget elementor-widget-text-editor\" data-id=\"170d7cac\" data-element_type=\"widget\" data-widget_type=\"text-editor.default\">\n\t\t\t\t<div class=\"elementor-widget-container\">\n\t\t\t\t\t\t\t\t\t<p><em><strong>Dise\u00f1o UI\/UX<\/strong><\/em><\/p><p>Nuestro servicio de Dise\u00f1o UI\/UX fue creado con la intenci\u00f3n de ir m\u00e1s all\u00e1 de lo est\u00e9tico. Es por ello que priorizamos la creaci\u00f3n de experiencias de usuario intuitivas y emocionantes que conecten con tu negocio.<\/p><p><em><strong>Desarrollo de software personalizado<\/strong><\/em><\/p><p>Te ofrecemos un servicio de desarrollo de software personalizado porque nuestra misi\u00f3n es satisfacer las necesidades espec\u00edficas de tu negocio.<\/p><p><em><strong>Subcontrataci\u00f3n de TI<\/strong><\/em><\/p><p>Nuestros servicios de Subcontrataci\u00f3n de TI est\u00e1n dise\u00f1ados para liberarte de las complejidades t\u00e9cnicas, permiti\u00e9ndote enfocarse en lo que haces mejor: hacer crecer tu negocio.<\/p><p><em><strong>Consultor\u00eda tecnol\u00f3gica<\/strong><\/em><\/p><p>Proporcionamos un conjunto completo de servicios de consultor\u00eda tecnol\u00f3gica dise\u00f1ados para guiarte a lo largo de todo el ciclo de vida de tus soluciones tecnol\u00f3gicas.<\/p>\t\t\t\t\t\t\t\t<\/div>\n\t\t\t\t<\/div>\n\t\t\t\t<div class=\"elementor-element elementor-element-55c0863 elementor-widget elementor-widget-button\" data-id=\"55c0863\" data-element_type=\"widget\" data-widget_type=\"button.default\">\n\t\t\t\t<div class=\"elementor-widget-container\">\n\t\t\t\t\t\t\t\t\t<div class=\"elementor-button-wrapper\">\n\t\t\t\t\t<a class=\"elementor-button elementor-button-link elementor-size-sm\" href=\"https:\/\/eguarditandsoftware.com\/es\/servicios\/\">\n\t\t\t\t\t\t<span class=\"elementor-button-content-wrapper\">\n\t\t\t\t\t\t\t\t\t<span class=\"elementor-button-text\">Visitar los servicios <\/span>\n\t\t\t\t\t<\/span>\n\t\t\t\t\t<\/a>\n\t\t\t\t<\/div>\n\t\t\t\t\t\t\t\t<\/div>\n\t\t\t\t<\/div>\n\t\t\t\t<\/div>\n\t\t<div class=\"elementor-element elementor-element-8dac69c e-con-full elementor-hidden-tablet elementor-hidden-mobile e-flex e-con e-child\" data-id=\"8dac69c\" data-element_type=\"container\">\n\t\t\t\t<\/div>\n\t\t\t\t\t<\/div>\n\t\t\t\t<\/div>\n\t\t<div class=\"elementor-element elementor-element-49cc35e e-flex e-con-boxed e-con e-parent\" data-id=\"49cc35e\" data-element_type=\"container\" data-settings=\"{&quot;background_background&quot;:&quot;classic&quot;}\">\n\t\t\t\t\t<div class=\"e-con-inner\">\n\t\t<div class=\"elementor-element elementor-element-34facbb e-con-full animated-slow e-flex elementor-invisible e-con e-child\" data-id=\"34facbb\" data-element_type=\"container\" data-settings=\"{&quot;animation&quot;:&quot;fadeInLeft&quot;,&quot;background_background&quot;:&quot;classic&quot;}\">\n\t\t\t\t<div class=\"elementor-element elementor-element-45d6e67 elementor-widget elementor-widget-text-editor\" data-id=\"45d6e67\" data-element_type=\"widget\" data-widget_type=\"text-editor.default\">\n\t\t\t\t<div class=\"elementor-widget-container\">\n\t\t\t\t\t\t\t\t\t<p><em>Innovaci\u00f3n en Cada L\u00ednea de C\u00f3digo<\/em><\/p><p>Adoptamos las \u00faltimas tecnolog\u00edas para asegurar que tus soluciones est\u00e9n a la vanguardia de la innovaci\u00f3n.<\/p><p><em>Compromiso con la Calidad<\/em><\/p><p>Entregamos productos y servicios de la m\u00e1s alta calidad, superando las expectativas de nuestros clientes en cada proyecto.<\/p><p><em>Colaboraci\u00f3n Transparente<\/em><\/p><p>Trabajamos contigo de cerca, adoptando un enfoque \u00e1gil y transparente para asegurar resultados que reflejen tus objetivos.<\/p>\t\t\t\t\t\t\t\t<\/div>\n\t\t\t\t<\/div>\n\t\t\t\t<\/div>\n\t\t<div class=\"elementor-element elementor-element-8899a5f e-con-full e-flex e-con e-child\" data-id=\"8899a5f\" data-element_type=\"container\">\n\t\t\t\t<div class=\"elementor-element elementor-element-33fe46b elementor-widget elementor-widget-heading\" data-id=\"33fe46b\" data-element_type=\"widget\" data-widget_type=\"heading.default\">\n\t\t\t\t<div class=\"elementor-widget-container\">\n\t\t\t\t\t<div class=\"elementor-heading-title elementor-size-default\">EGUARD IT and Software<\/div>\t\t\t\t<\/div>\n\t\t\t\t<\/div>\n\t\t\t\t<div class=\"elementor-element elementor-element-a4c261b animated-slow elementor-invisible elementor-widget elementor-widget-heading\" data-id=\"a4c261b\" data-element_type=\"widget\" data-settings=\"{&quot;_animation&quot;:&quot;fadeInUp&quot;}\" data-widget_type=\"heading.default\">\n\t\t\t\t<div class=\"elementor-widget-container\">\n\t\t\t\t\t<h2 class=\"elementor-heading-title elementor-size-default\">\u00bfPor qu\u00e9 elegirnos?\n<\/h2>\t\t\t\t<\/div>\n\t\t\t\t<\/div>\n\t\t\t\t<div class=\"elementor-element elementor-element-d7aaa50 elementor-widget elementor-widget-button\" data-id=\"d7aaa50\" data-element_type=\"widget\" data-widget_type=\"button.default\">\n\t\t\t\t<div class=\"elementor-widget-container\">\n\t\t\t\t\t\t\t\t\t<div class=\"elementor-button-wrapper\">\n\t\t\t\t\t<a class=\"elementor-button elementor-button-link elementor-size-sm\" href=\"https:\/\/eguarditandsoftware.com\/es\/contacto\/\">\n\t\t\t\t\t\t<span class=\"elementor-button-content-wrapper\">\n\t\t\t\t\t\t\t\t\t<span class=\"elementor-button-text\">Cont\u00e1ctenos<\/span>\n\t\t\t\t\t<\/span>\n\t\t\t\t\t<\/a>\n\t\t\t\t<\/div>\n\t\t\t\t\t\t\t\t<\/div>\n\t\t\t\t<\/div>\n\t\t\t\t<\/div>\n\t\t\t\t\t<\/div>\n\t\t\t\t<\/div>\n\t\t<div class=\"elementor-element elementor-element-ae9e4e8 e-flex e-con-boxed e-con e-parent\" data-id=\"ae9e4e8\" data-element_type=\"container\">\n\t\t\t\t\t<div class=\"e-con-inner\">\n\t\t<div class=\"elementor-element elementor-element-84d42f8 e-con-full e-flex e-con e-child\" data-id=\"84d42f8\" data-element_type=\"container\">\n\t\t\t\t<div class=\"elementor-element elementor-element-02a1488 elementor-widget elementor-widget-heading\" data-id=\"02a1488\" data-element_type=\"widget\" data-widget_type=\"heading.default\">\n\t\t\t\t<div class=\"elementor-widget-container\">\n\t\t\t\t\t<div class=\"elementor-heading-title elementor-size-default\">EGUARD IT and Software<\/div>\t\t\t\t<\/div>\n\t\t\t\t<\/div>\n\t\t\t\t<div class=\"elementor-element elementor-element-77bbdb4 animated-slow elementor-invisible elementor-widget elementor-widget-heading\" data-id=\"77bbdb4\" data-element_type=\"widget\" data-settings=\"{&quot;_animation&quot;:&quot;fadeInUp&quot;}\" data-widget_type=\"heading.default\">\n\t\t\t\t<div class=\"elementor-widget-container\">\n\t\t\t\t\t<h2 class=\"elementor-heading-title elementor-size-default\">Nuestro compromiso contigo<\/h2>\t\t\t\t<\/div>\n\t\t\t\t<\/div>\n\t\t\t\t<\/div>\n\t\t\t\t\t<\/div>\n\t\t\t\t<\/div>\n\t\t<div class=\"elementor-element elementor-element-9668b37 e-flex e-con-boxed e-con e-parent\" data-id=\"9668b37\" data-element_type=\"container\">\n\t\t\t\t\t<div class=\"e-con-inner\">\n\t\t<div class=\"elementor-element elementor-element-d3a4bc7 e-con-full e-flex e-con e-child\" data-id=\"d3a4bc7\" data-element_type=\"container\">\n\t\t\t\t<div class=\"elementor-element elementor-element-b6fdc65 elementor-widget elementor-widget-text-editor\" data-id=\"b6fdc65\" data-element_type=\"widget\" data-widget_type=\"text-editor.default\">\n\t\t\t\t<div class=\"elementor-widget-container\">\n\t\t\t\t\t\t\t\t\t<p>Experiencia Sobresaliente<\/p><p>Dise\u00f1o Centrado en el Usuario<\/p><p>Personalizaci\u00f3n<\/p>\t\t\t\t\t\t\t\t<\/div>\n\t\t\t\t<\/div>\n\t\t\t\t<\/div>\n\t\t<div class=\"elementor-element elementor-element-643bfa4 e-con-full e-flex e-con e-child\" data-id=\"643bfa4\" data-element_type=\"container\">\n\t\t\t\t<div class=\"elementor-element elementor-element-3138ec6 elementor-widget elementor-widget-text-editor\" data-id=\"3138ec6\" data-element_type=\"widget\" data-widget_type=\"text-editor.default\">\n\t\t\t\t<div class=\"elementor-widget-container\">\n\t\t\t\t\t\t\t\t\t<p>Pruebas Rigurosas<\/p><p>Innovaci\u00f3n continua<\/p><p>Adaptabilidad Constante<\/p>\t\t\t\t\t\t\t\t<\/div>\n\t\t\t\t<\/div>\n\t\t\t\t<\/div>\n\t\t\t\t\t<\/div>\n\t\t\t\t<\/div>\n\t\t<div class=\"elementor-element elementor-element-a04b356 e-flex e-con-boxed e-con e-parent\" data-id=\"a04b356\" data-element_type=\"container\" data-settings=\"{&quot;background_background&quot;:&quot;classic&quot;}\">\n\t\t\t\t\t<div class=\"e-con-inner\">\n\t\t<div class=\"elementor-element elementor-element-ea836d4 e-con-full animated-slow e-flex elementor-invisible e-con e-child\" data-id=\"ea836d4\" data-element_type=\"container\" data-settings=\"{&quot;animation&quot;:&quot;fadeInLeft&quot;,&quot;background_background&quot;:&quot;classic&quot;}\">\n\t\t\t\t<div class=\"elementor-element elementor-element-05d1029 elementor-widget elementor-widget-text-editor\" data-id=\"05d1029\" data-element_type=\"widget\" data-widget_type=\"text-editor.default\">\n\t\t\t\t<div class=\"elementor-widget-container\">\n\t\t\t\t\t\t\t\t\t<p>Creating memorable experiences in the digital world<\/p><p>Hoy en d\u00eda, la primera impresi\u00f3n cuenta m\u00e1s que nunca, es por esto que el dise\u00f1o UI\/UX se ha vuelto un componente cr\u00edtico en el desarrollo de aplicaciones y sitios web. Pero, \u00bfqu\u00e9 es exactamente el dise\u00f1o UI\/UX y por qu\u00e9 es tan importante?<\/p>\t\t\t\t\t\t\t\t<\/div>\n\t\t\t\t<\/div>\n\t\t\t\t<\/div>\n\t\t<div class=\"elementor-element elementor-element-e14f781 e-con-full e-flex e-con e-child\" data-id=\"e14f781\" data-element_type=\"container\">\n\t\t\t\t<div class=\"elementor-element elementor-element-76b4052 elementor-widget elementor-widget-heading\" data-id=\"76b4052\" data-element_type=\"widget\" data-widget_type=\"heading.default\">\n\t\t\t\t<div class=\"elementor-widget-container\">\n\t\t\t\t\t<div class=\"elementor-heading-title elementor-size-default\">EGUARD IT and Software<\/div>\t\t\t\t<\/div>\n\t\t\t\t<\/div>\n\t\t\t\t<div class=\"elementor-element elementor-element-7d812dd animated-slow elementor-invisible elementor-widget elementor-widget-heading\" data-id=\"7d812dd\" data-element_type=\"widget\" data-settings=\"{&quot;_animation&quot;:&quot;fadeInUp&quot;}\" data-widget_type=\"heading.default\">\n\t\t\t\t<div class=\"elementor-widget-container\">\n\t\t\t\t\t<h2 class=\"elementor-heading-title elementor-size-default\">Dise\u00f1o UI\/UX<\/h2>\t\t\t\t<\/div>\n\t\t\t\t<\/div>\n\t\t\t\t<div class=\"elementor-element elementor-element-a8d9034 elementor-widget elementor-widget-button\" data-id=\"a8d9034\" data-element_type=\"widget\" data-widget_type=\"button.default\">\n\t\t\t\t<div class=\"elementor-widget-container\">\n\t\t\t\t\t\t\t\t\t<div class=\"elementor-button-wrapper\">\n\t\t\t\t\t<a class=\"elementor-button elementor-button-link elementor-size-sm\" href=\"https:\/\/eguarditandsoftware.com\/es\/blog\/\">\n\t\t\t\t\t\t<span class=\"elementor-button-content-wrapper\">\n\t\t\t\t\t\t\t\t\t<span class=\"elementor-button-text\">Leer m\u00e1s <\/span>\n\t\t\t\t\t<\/span>\n\t\t\t\t\t<\/a>\n\t\t\t\t<\/div>\n\t\t\t\t\t\t\t\t<\/div>\n\t\t\t\t<\/div>\n\t\t\t\t<\/div>\n\t\t\t\t\t<\/div>\n\t\t\t\t<\/div>\n\t\t\t\t<\/div>","protected":false},"excerpt":{"rendered":"<p>Digital transformation EGUARD IT and Software We turn your ideas into powerful digital solutions! EGUARD IT and Software takes your business to the next level. Discover the power of digital transformation Write us Smart technological solutions Logical, strategic, and organized approach Smooth project execution EGUARD IT and Software The most searched UI\/UX Design Our UI\/UX [&hellip;]<\/p>","protected":false},"author":2,"featured_media":0,"parent":0,"menu_order":0,"comment_status":"closed","ping_status":"closed","template":"elementor_header_footer","meta":{"footnotes":""},"class_list":["post-86","page","type-page","status-publish","hentry"],"_links":{"self":[{"href":"https:\/\/eguarditandsoftware.com\/es\/wp-json\/wp\/v2\/pages\/86","targetHints":{"allow":["GET"]}}],"collection":[{"href":"https:\/\/eguarditandsoftware.com\/es\/wp-json\/wp\/v2\/pages"}],"about":[{"href":"https:\/\/eguarditandsoftware.com\/es\/wp-json\/wp\/v2\/types\/page"}],"author":[{"embeddable":true,"href":"https:\/\/eguarditandsoftware.com\/es\/wp-json\/wp\/v2\/users\/2"}],"replies":[{"embeddable":true,"href":"https:\/\/eguarditandsoftware.com\/es\/wp-json\/wp\/v2\/comments?post=86"}],"version-history":[{"count":0,"href":"https:\/\/eguarditandsoftware.com\/es\/wp-json\/wp\/v2\/pages\/86\/revisions"}],"wp:attachment":[{"href":"https:\/\/eguarditandsoftware.com\/es\/wp-json\/wp\/v2\/media?parent=86"}],"curies":[{"name":"wp","href":"https:\/\/api.w.org\/{rel}","templated":true}]}}